{"id":2374,"date":"2025-04-24T07:56:13","date_gmt":"2025-04-24T07:56:13","guid":{"rendered":"https:\/\/royalthaimassagelasamericas.com\/?page_id=2374"},"modified":"2025-11-21T17:00:58","modified_gmt":"2025-11-21T17:00:58","slug":"duty-of-information-web-requests","status":"publish","type":"page","link":"https:\/\/royalthaimassagelasamericas.com\/de\/duty-of-information-web-requests\/","title":{"rendered":"Informationspflicht bei Webanfragen"},"content":{"rendered":"<style>.elementor-2374 .elementor-element.elementor-element-ba115f9{--display:flex;--flex-direction:row;--container-widget-width:calc( ( 1 - var( --container-widget-flex-grow ) ) * 100% );--container-widget-height:100%;--container-widget-flex-grow:1;--container-widget-align-self:stretch;--flex-wrap-mobile:wrap;--align-items:center;--gap:0px 0px;--row-gap:0px;--column-gap:0px;--margin-top:0px;--margin-bottom:0px;--margin-left:0px;--margin-right:0px;--padding-top:6em;--padding-bottom:6em;--padding-left:1em;--padding-right:1em;}.elementor-2374 .elementor-element.elementor-element-ba115f9:not(.elementor-motion-effects-element-type-background), .elementor-2374 .elementor-element.elementor-element-ba115f9 > .elementor-motion-effects-container > .elementor-motion-effects-layer{background-color:var( --e-global-color-c3280bb );}.elementor-2374 .elementor-element.elementor-element-5667356{width:100%;max-width:100%;text-align:center;}.elementor-2374 .elementor-element.elementor-element-5667356 .elementor-heading-title{font-size:55px;color:var( --e-global-color-accent );}.elementor-2374 .elementor-element.elementor-element-2ed171b3{--display:flex;--margin-top:0px;--margin-bottom:0px;--margin-left:0px;--margin-right:0px;--padding-top:4%;--padding-bottom:4%;--padding-left:4%;--padding-right:4%;}.elementor-2374 .elementor-element.elementor-element-2ed171b3.e-con{--flex-grow:0;--flex-shrink:0;}@media(min-width:768px){.elementor-2374 .elementor-element.elementor-element-ba115f9{--content-width:1290px;}.elementor-2374 .elementor-element.elementor-element-2ed171b3{--width:100%;}}@media(max-width:1024px){.elementor-2374 .elementor-element.elementor-element-ba115f9{--margin-top:0px;--margin-bottom:0px;--margin-left:0px;--margin-right:0px;}}@media(max-width:767px){.elementor-2374 .elementor-element.elementor-element-ba115f9{--margin-top:0px;--margin-bottom:0px;--margin-left:0px;--margin-right:0px;--padding-top:6em;--padding-bottom:6em;--padding-left:1em;--padding-right:1em;}.elementor-2374 .elementor-element.elementor-element-5667356 .elementor-heading-title{font-size:35px;}.elementor-2374 .elementor-element.elementor-element-2ed171b3{--margin-top:0px;--margin-bottom:0px;--margin-left:0px;--margin-right:0px;--padding-top:4%;--padding-bottom:4%;--padding-left:4%;--padding-right:4%;}.elementor-2374 .elementor-element.elementor-element-996a4f5{margin:0px 0px calc(var(--kit-widget-spacing, 0px) + 0px) 0px;padding:0px 0px 0px 0px;}}<\/style>\t\t<div data-elementor-type=\"wp-page\" data-elementor-id=\"2374\" class=\"elementor elementor-2374\" data-elementor-post-type=\"page\">\n\t\t\t\t<div class=\"elementor-element elementor-element-ba115f9 e-flex e-con-boxed e-con e-parent\" data-id=\"ba115f9\" data-element_type=\"container\" data-settings=\"{&quot;background_background&quot;:&quot;classic&quot;}\">\n\t\t\t\t\t<div class=\"e-con-inner\">\n\t\t\t\t<div class=\"elementor-element elementor-element-5667356 elementor-widget__width-inherit elementor-widget elementor-widget-heading\" data-id=\"5667356\" data-element_type=\"widget\" data-widget_type=\"heading.default\">\n\t\t\t\t\t<h1 class=\"elementor-heading-title elementor-size-default\">Informationspflicht bei Webanfragen<\/h1>\t\t\t\t<\/div>\n\t\t\t\t\t<\/div>\n\t\t\t\t<\/div>\n\t\t<div class=\"elementor-element elementor-element-2ed171b3 e-con-full e-flex e-con e-parent\" data-id=\"2ed171b3\" data-element_type=\"container\">\n\t\t\t\t<div class=\"elementor-element elementor-element-996a4f5 elementor-widget elementor-widget-text-editor\" data-id=\"996a4f5\" data-element_type=\"widget\" data-widget_type=\"text-editor.default\">\n\t\t\t\t\t\t\t\t\t\n<article class=\"text-token-text-primary w-full\" dir=\"auto\" data-testid=\"conversation-turn-14\" data-scroll-anchor=\"true\">\n<div class=\"text-base my-auto mx-auto py-5 [--thread-content-margin:--spacing(4)] @[37rem]:[--thread-content-margin:--spacing(6)] @[70rem]:[--thread-content-margin:--spacing(12)] px-(--thread-content-margin)\">\n<div class=\"[--thread-content-max-width:32rem] @[34rem]:[--thread-content-max-width:40rem] @[64rem]:[--thread-content-max-width:48rem] mx-auto flex max-w-(--thread-content-max-width) flex-1 text-base gap-4 md:gap-5 lg:gap-6 group\/turn-messages focus-visible:outline-hidden\" tabindex=\"-1\">\n<div class=\"group\/conversation-turn relative flex w-full min-w-0 flex-col agent-turn\">\n<div class=\"relative flex-col gap-1 md:gap-3\">\n<div class=\"flex max-w-full flex-col grow\">\n<div class=\"min-h-8 text-message relative flex w-full flex-col items-end gap-2 text-start break-words whitespace-normal [.text-message+&amp;]:mt-5\" dir=\"auto\" data-message-author-role=\"assistant\" data-message-id=\"bb171e5c-f1ab-4e79-aafd-57eea6fab070\" data-message-model-slug=\"gpt-4o-mini\">\n<div class=\"flex w-full flex-col gap-1 empty:hidden first:pt-[3px]\">\n<div class=\"markdown prose dark:prose-invert w-full break-words dark\">\n<p class=\"\" data-start=\"203\" data-end=\"485\"><strong>Die Identit\u00e4t des Verantwortlichen f\u00fcr die Verarbeitung Ihrer personenbezogenen Daten lautet:<\/strong><\/p>\n<p class=\"\" data-start=\"203\" data-end=\"485\"><strong data-start=\"291\" data-end=\"325\">ZAMORANO MARRERO, JOSE ALBERTO<\/strong>, mit NIF <strong data-start=\"345\" data-end=\"358\">45456608Y<\/strong>, gelegen in <strong data-start=\"371\" data-end=\"445\">CALLE EL CABO, 10, 2. Etage, T\u00fcr 5, LOS ABRIGOS, GRANADILLA DE ABONA<\/strong>und E-Mail: <strong data-start=\"458\" data-end=\"484\"><a rel=\"noopener\" data-start=\"460\" data-end=\"482\">johhnny_05@hotmail.com<\/a><\/strong>.<\/p>\n<p class=\"\" data-start=\"487\" data-end=\"546\">Wir verarbeiten Ihre registrierten Daten zu folgenden Zwecken:<\/p>\n<ul data-start=\"547\" data-end=\"678\">\n<li class=\"\" data-start=\"547\" data-end=\"640\">\n<p class=\"\" data-start=\"549\" data-end=\"640\">Zur Verwaltung von Informationsanfragen der betroffenen Person zu unseren Produkten oder Dienstleistungen.<\/p>\n<\/li>\n<li class=\"\" data-start=\"641\" data-end=\"678\">\n<p class=\"\" data-start=\"643\" data-end=\"678\">Zur Durchf\u00fchrung von Werbekampagnen.<\/p>\n<\/li>\n<\/ul>\n<p class=\"\" data-start=\"680\" data-end=\"721\"><strong data-start=\"680\" data-end=\"721\">Rechtsgrundlage f\u00fcr die Verarbeitung Ihrer Daten:<\/strong><\/p>\n<ul data-start=\"722\" data-end=\"927\">\n<li class=\"\" data-start=\"722\" data-end=\"796\">\n<p class=\"\" data-start=\"724\" data-end=\"796\">Das berechtigte Interesse des Verantwortlichen an der Beantwortung Ihrer Anfrage.<\/p>\n<\/li>\n<li class=\"\" data-start=\"797\" data-end=\"927\">\n<p class=\"\" data-start=\"799\" data-end=\"927\">Ihre ausdr\u00fcckliche Zustimmung, Ihnen Werbung im Zusammenhang mit unseren Dienstleistungen und\/oder Produkten zu senden (vorausgesetzt, Sie erteilen unten Ihre ausdr\u00fcckliche Zustimmung).<\/p>\n<\/li>\n<\/ul>\n<p class=\"\" data-start=\"929\" data-end=\"992\"><strong data-start=\"929\" data-end=\"992\">Welche Rechte haben Sie, wenn Sie uns Ihre Daten zur Verf\u00fcgung stellen?<\/strong><\/p>\n<ul data-start=\"993\" data-end=\"1217\">\n<li class=\"\" data-start=\"993\" data-end=\"1217\">\n<p class=\"\" data-start=\"995\" data-end=\"1217\">Sie k\u00f6nnen Ihre Rechte auf Auskunft, Berichtigung, L\u00f6schung, Daten\u00fcbertragbarkeit, Einschr\u00e4nkung, Widerspruch gegen die Verarbeitung und Widerspruch gegen automatisierte Entscheidungsfindung aus\u00fcben sowie Beschwerde bei der Aufsichtsbeh\u00f6rde einreichen.<\/p>\n<\/li>\n<\/ul>\n<p class=\"\" data-start=\"1219\" data-end=\"1339\">Alle detaillierten Informationen finden Sie in unserem <strong><a href=\"https:\/\/royalthaimassagelasamericas.com\/de\/privacy-policy\/\">Datenschutzrichtlinie<\/a><\/strong> oder per E-Mail an die oben angegebene Adresse.<\/p>\n<p class=\"\" style=\"padding-left: 40px;\" data-start=\"1346\" data-end=\"1500\"><span data-start=\"1348\" data-end=\"1449\">*ICH <\/span><em data-start=\"1348\" data-end=\"1449\">Einwilligung zum Versand von Werbekampagnen f\u00fcr die Dienste und\/oder Produkte des Verantwortlichen.<\/em><br data-start=\"1449\" data-end=\"1452\" \/><em data-start=\"1452\" data-end=\"1500\">*(Nicht erforderlich, um die Anfrage zu \u00fcbermitteln.)<\/em><\/p>\n<p class=\"\" data-start=\"5134\" data-end=\"5275\">\u00a0<\/p>\n<\/div>\n<\/div>\n<\/div>\n<\/div>\n<\/div>\n<\/div>\n<\/div>\n<\/div>\n<\/article>\n\t\t\t\t\t\t\t\t<\/div>\n\t\t\t\t<\/div>\n\t\t\t\t<\/div>","protected":false},"excerpt":{"rendered":"<p>The identity of the data controller responsible for processing your personal data is: ZAMORANO MARRERO, JOSE ALBERTO, with NIF 45456608Y, located at CALLE EL CABO, 10, 2nd Floor, Door 5, LOS ABRIGOS, GRANADILLA DE ABONA, and email: johhnny_05@hotmail.com. We process your registered data for the following purposes: To manage information requests made by the data [&hellip;]<\/p>","protected":false},"author":2,"featured_media":0,"parent":0,"menu_order":0,"comment_status":"closed","ping_status":"closed","template":"","meta":{"footnotes":""},"class_list":["post-2374","page","type-page","status-publish","hentry"],"yoast_head":"<!-- This site is optimized with the Yoast SEO plugin v26.4 - https:\/\/yoast.com\/wordpress\/plugins\/seo\/ -->\n<title>Duty of information web requests - Royal Thai Massages<\/title>\n<meta name=\"robots\" content=\"index, follow, max-snippet:-1, max-image-preview:large, max-video-preview:-1\" \/>\n<link rel=\"canonical\" href=\"https:\/\/royalthaimassagelasamericas.com\/de\/duty-of-information-web-requests\/\" \/>\n<meta property=\"og:locale\" content=\"de_DE\" \/>\n<meta property=\"og:type\" content=\"article\" \/>\n<meta property=\"og:title\" content=\"Duty of information web requests - Royal Thai Massages\" \/>\n<meta property=\"og:description\" content=\"The identity of the data controller responsible for processing your personal data is: ZAMORANO MARRERO, JOSE ALBERTO, with NIF 45456608Y, located at CALLE EL CABO, 10, 2nd Floor, Door 5, LOS ABRIGOS, GRANADILLA DE ABONA, and email: johhnny_05@hotmail.com. We process your registered data for the following purposes: To manage information requests made by the data [&hellip;]\" \/>\n<meta property=\"og:url\" content=\"https:\/\/royalthaimassagelasamericas.com\/de\/duty-of-information-web-requests\/\" \/>\n<meta property=\"og:site_name\" content=\"Royal Thai Massages\" \/>\n<meta property=\"article:modified_time\" content=\"2025-11-21T17:00:58+00:00\" \/>\n<meta name=\"twitter:card\" content=\"summary_large_image\" \/>\n<meta name=\"twitter:label1\" content=\"Gesch\u00e4tzte Lesezeit\" \/>\n\t<meta name=\"twitter:data1\" content=\"1\u00a0Minute\" \/>\n<script type=\"application\/ld+json\" class=\"yoast-schema-graph\">{\"@context\":\"https:\/\/schema.org\",\"@graph\":[{\"@type\":\"WebPage\",\"@id\":\"https:\/\/royalthaimassagelasamericas.com\/duty-of-information-web-requests\/\",\"url\":\"https:\/\/royalthaimassagelasamericas.com\/duty-of-information-web-requests\/\",\"name\":\"Duty of information web requests - Royal Thai Massages\",\"isPartOf\":{\"@id\":\"https:\/\/royalthaimassagelasamericas.com\/es\/#website\"},\"datePublished\":\"2025-04-24T07:56:13+00:00\",\"dateModified\":\"2025-11-21T17:00:58+00:00\",\"breadcrumb\":{\"@id\":\"https:\/\/royalthaimassagelasamericas.com\/duty-of-information-web-requests\/#breadcrumb\"},\"inLanguage\":\"de\",\"potentialAction\":[{\"@type\":\"ReadAction\",\"target\":[\"https:\/\/royalthaimassagelasamericas.com\/duty-of-information-web-requests\/\"]}]},{\"@type\":\"BreadcrumbList\",\"@id\":\"https:\/\/royalthaimassagelasamericas.com\/duty-of-information-web-requests\/#breadcrumb\",\"itemListElement\":[{\"@type\":\"ListItem\",\"position\":1,\"name\":\"Portada\",\"item\":\"https:\/\/royalthaimassagelasamericas.com\/\"},{\"@type\":\"ListItem\",\"position\":2,\"name\":\"Duty of information web requests\"}]},{\"@type\":\"WebSite\",\"@id\":\"https:\/\/royalthaimassagelasamericas.com\/es\/#website\",\"url\":\"https:\/\/royalthaimassagelasamericas.com\/es\/\",\"name\":\"Royal Thai Massages\",\"description\":\"Masajes tailandeses aut\u00e9nticos en Tenerife Sur\",\"potentialAction\":[{\"@type\":\"SearchAction\",\"target\":{\"@type\":\"EntryPoint\",\"urlTemplate\":\"https:\/\/royalthaimassagelasamericas.com\/es\/?s={search_term_string}\"},\"query-input\":{\"@type\":\"PropertyValueSpecification\",\"valueRequired\":true,\"valueName\":\"search_term_string\"}}],\"inLanguage\":\"de\"}]}<\/script>\n<!-- \/ Yoast SEO plugin. -->","yoast_head_json":{"title":"Duty of information web requests - Royal Thai Massages","robots":{"index":"index","follow":"follow","max-snippet":"max-snippet:-1","max-image-preview":"max-image-preview:large","max-video-preview":"max-video-preview:-1"},"canonical":"https:\/\/royalthaimassagelasamericas.com\/de\/duty-of-information-web-requests\/","og_locale":"de_DE","og_type":"article","og_title":"Duty of information web requests - Royal Thai Massages","og_description":"The identity of the data controller responsible for processing your personal data is: ZAMORANO MARRERO, JOSE ALBERTO, with NIF 45456608Y, located at CALLE EL CABO, 10, 2nd Floor, Door 5, LOS ABRIGOS, GRANADILLA DE ABONA, and email: johhnny_05@hotmail.com. We process your registered data for the following purposes: To manage information requests made by the data [&hellip;]","og_url":"https:\/\/royalthaimassagelasamericas.com\/de\/duty-of-information-web-requests\/","og_site_name":"Royal Thai Massages","article_modified_time":"2025-11-21T17:00:58+00:00","twitter_card":"summary_large_image","twitter_misc":{"Gesch\u00e4tzte Lesezeit":"1\u00a0Minute"},"schema":{"@context":"https:\/\/schema.org","@graph":[{"@type":"WebPage","@id":"https:\/\/royalthaimassagelasamericas.com\/duty-of-information-web-requests\/","url":"https:\/\/royalthaimassagelasamericas.com\/duty-of-information-web-requests\/","name":"Duty of information web requests - Royal Thai Massages","isPartOf":{"@id":"https:\/\/royalthaimassagelasamericas.com\/es\/#website"},"datePublished":"2025-04-24T07:56:13+00:00","dateModified":"2025-11-21T17:00:58+00:00","breadcrumb":{"@id":"https:\/\/royalthaimassagelasamericas.com\/duty-of-information-web-requests\/#breadcrumb"},"inLanguage":"de","potentialAction":[{"@type":"ReadAction","target":["https:\/\/royalthaimassagelasamericas.com\/duty-of-information-web-requests\/"]}]},{"@type":"BreadcrumbList","@id":"https:\/\/royalthaimassagelasamericas.com\/duty-of-information-web-requests\/#breadcrumb","itemListElement":[{"@type":"ListItem","position":1,"name":"Portada","item":"https:\/\/royalthaimassagelasamericas.com\/"},{"@type":"ListItem","position":2,"name":"Duty of information web requests"}]},{"@type":"WebSite","@id":"https:\/\/royalthaimassagelasamericas.com\/es\/#website","url":"https:\/\/royalthaimassagelasamericas.com\/es\/","name":"K\u00f6nigliche Thai-Massagen","description":"Nat\u00fcrliche Massagen auf Teneriffa S\u00fcd","potentialAction":[{"@type":"SearchAction","target":{"@type":"EntryPoint","urlTemplate":"https:\/\/royalthaimassagelasamericas.com\/es\/?s={search_term_string}"},"query-input":{"@type":"PropertyValueSpecification","valueRequired":true,"valueName":"search_term_string"}}],"inLanguage":"de"}]}},"_links":{"self":[{"href":"https:\/\/royalthaimassagelasamericas.com\/de\/wp-json\/wp\/v2\/pages\/2374","targetHints":{"allow":["GET"]}}],"collection":[{"href":"https:\/\/royalthaimassagelasamericas.com\/de\/wp-json\/wp\/v2\/pages"}],"about":[{"href":"https:\/\/royalthaimassagelasamericas.com\/de\/wp-json\/wp\/v2\/types\/page"}],"author":[{"embeddable":true,"href":"https:\/\/royalthaimassagelasamericas.com\/de\/wp-json\/wp\/v2\/users\/2"}],"replies":[{"embeddable":true,"href":"https:\/\/royalthaimassagelasamericas.com\/de\/wp-json\/wp\/v2\/comments?post=2374"}],"version-history":[{"count":8,"href":"https:\/\/royalthaimassagelasamericas.com\/de\/wp-json\/wp\/v2\/pages\/2374\/revisions"}],"predecessor-version":[{"id":2898,"href":"https:\/\/royalthaimassagelasamericas.com\/de\/wp-json\/wp\/v2\/pages\/2374\/revisions\/2898"}],"wp:attachment":[{"href":"https:\/\/royalthaimassagelasamericas.com\/de\/wp-json\/wp\/v2\/media?parent=2374"}],"curies":[{"name":"wp","href":"https:\/\/api.w.org\/{rel}","templated":true}]}}