{"id":47,"date":"2025-03-20T17:30:35","date_gmt":"2025-03-20T17:30:35","guid":{"rendered":"https:\/\/royalthaimassagelasamericas.com\/?page_id=47"},"modified":"2025-11-21T17:04:50","modified_gmt":"2025-11-21T17:04:50","slug":"legal-notice","status":"publish","type":"page","link":"https:\/\/royalthaimassagelasamericas.com\/de\/legal-notice\/","title":{"rendered":"Rechtliche Hinweise"},"content":{"rendered":"<style>.elementor-47 .elementor-element.elementor-element-ca47add{--display:flex;--flex-direction:row;--container-widget-width:calc( ( 1 - var( --container-widget-flex-grow ) ) * 100% );--container-widget-height:100%;--container-widget-flex-grow:1;--container-widget-align-self:stretch;--flex-wrap-mobile:wrap;--align-items:center;--gap:0px 0px;--row-gap:0px;--column-gap:0px;--margin-top:0px;--margin-bottom:0px;--margin-left:0px;--margin-right:0px;--padding-top:6em;--padding-bottom:6em;--padding-left:1em;--padding-right:1em;}.elementor-47 .elementor-element.elementor-element-ca47add:not(.elementor-motion-effects-element-type-background), .elementor-47 .elementor-element.elementor-element-ca47add > .elementor-motion-effects-container > .elementor-motion-effects-layer{background-color:var( --e-global-color-c3280bb );}.elementor-47 .elementor-element.elementor-element-d80e543{width:100%;max-width:100%;text-align:center;}.elementor-47 .elementor-element.elementor-element-d80e543 .elementor-heading-title{font-size:55px;color:var( --e-global-color-accent );}.elementor-47 .elementor-element.elementor-element-7cdd2780{--display:flex;--margin-top:0px;--margin-bottom:0px;--margin-left:0px;--margin-right:0px;--padding-top:4%;--padding-bottom:4%;--padding-left:4%;--padding-right:4%;}.elementor-47 .elementor-element.elementor-element-7cdd2780.e-con{--flex-grow:0;--flex-shrink:0;}.elementor-47 .elementor-element.elementor-element-717716ca{padding:0em 0em 0em 0em;}:root{--page-title-display:none;}@media(min-width:768px){.elementor-47 .elementor-element.elementor-element-ca47add{--content-width:1290px;}.elementor-47 .elementor-element.elementor-element-7cdd2780{--width:100%;}}@media(max-width:1024px){.elementor-47 .elementor-element.elementor-element-ca47add{--margin-top:0px;--margin-bottom:0px;--margin-left:0px;--margin-right:0px;}}@media(max-width:767px){.elementor-47 .elementor-element.elementor-element-ca47add{--margin-top:0px;--margin-bottom:0px;--margin-left:0px;--margin-right:0px;--padding-top:6em;--padding-bottom:6em;--padding-left:1em;--padding-right:1em;}.elementor-47 .elementor-element.elementor-element-d80e543 .elementor-heading-title{font-size:35px;}.elementor-47 .elementor-element.elementor-element-7cdd2780{--margin-top:0px;--margin-bottom:0px;--margin-left:0px;--margin-right:0px;}}<\/style>\t\t<div data-elementor-type=\"wp-page\" data-elementor-id=\"47\" class=\"elementor elementor-47\" data-elementor-post-type=\"page\">\n\t\t\t\t<div class=\"elementor-element elementor-element-ca47add e-flex e-con-boxed e-con e-parent\" data-id=\"ca47add\" data-element_type=\"container\" data-settings=\"{&quot;background_background&quot;:&quot;classic&quot;}\">\n\t\t\t\t\t<div class=\"e-con-inner\">\n\t\t\t\t<div class=\"elementor-element elementor-element-d80e543 elementor-widget__width-inherit elementor-widget elementor-widget-heading\" data-id=\"d80e543\" data-element_type=\"widget\" data-widget_type=\"heading.default\">\n\t\t\t\t\t<h1 class=\"elementor-heading-title elementor-size-default\">Rechtliche Hinweise<\/h1>\t\t\t\t<\/div>\n\t\t\t\t\t<\/div>\n\t\t\t\t<\/div>\n\t\t<div class=\"elementor-element elementor-element-7cdd2780 e-con-full e-flex e-con e-parent\" data-id=\"7cdd2780\" data-element_type=\"container\">\n\t\t\t\t<div class=\"elementor-element elementor-element-717716ca elementor-widget elementor-widget-text-editor\" data-id=\"717716ca\" data-element_type=\"widget\" data-widget_type=\"text-editor.default\">\n\t\t\t\t\t\t\t\t\t<p>In \u00dcbereinstimmung mit den Bestimmungen von Artikel 10 des Gesetzes 34\/2002 vom 11. Juli \u00fcber Dienste der Informationsgesellschaft und elektronischen Handel (LSSI-CE) wird hiermit dar\u00fcber informiert, dass der Eigent\u00fcmer dieser Website und die Partei, die f\u00fcr die \u00fcber sie bereitgestellten Dienste verantwortlich ist, ist:<\/p><p>Firma: JOSE ALBERTO ZAMARO MARRERO<br \/>Steuernummer: 45456608Y<br \/>Adresse: CALLE EL CABO N 10 PISO 2 PUERTA 5<br \/>CP und Stadt: 38618, LOS ABRIGOS, SANTA CRUZ DE TENERIFE,<br \/>Telefon: 689514571<br \/>Mail: <a href=\"\/de\/info@royalthaimassage.com\/\" target=\"_blank\" rel=\"noopener\"><strong>info@royalthaimassage.com<\/strong><\/a><\/p><p class=\"\" data-start=\"66\" data-end=\"237\">Um weitere Informationen zu erhalten, k\u00f6nnen Sie uns unter der oben angegebenen Telefonnummer oder per E-Mail kontaktieren an <strong><a href=\"mailto:johhnny_05@hotmal.com\">johhnny_05@hotmal.com<\/a><\/strong><\/p><p class=\"\" data-start=\"66\" data-end=\"237\"><strong data-start=\"191\" data-end=\"237\">NUTZUNGSBEDINGUNGEN DER WEBSITE<\/strong><\/p><p class=\"\" data-start=\"239\" data-end=\"550\"><strong data-start=\"239\" data-end=\"265\">1. Verantwortung des Benutzers<\/strong><br data-start=\"265\" data-end=\"268\" \/>Besucher, Kunden und Nutzer dieser Website sind verpflichtet, die hier aufgef\u00fchrten Allgemeinen Nutzungsbedingungen sorgf\u00e4ltig zu lesen. Die Nutzung oder der Zugriff auf die Website setzt die Kenntnis und Akzeptanz aller rechtlichen Hinweise und Bedingungen voraus.<\/p><p class=\"\" data-start=\"552\" data-end=\"735\"><strong data-start=\"552\" data-end=\"584\">2. Allgemeine Con<\/strong><strong data-start=\"552\" data-end=\"584\">Nutzungsbedingungen<\/strong><br data-start=\"584\" data-end=\"587\" \/>Unsere Website bietet Zugriff auf eine Vielzahl von Informationen, Diensten, Programmen oder Daten (nachfolgend \u201edie Inhalte\u201c) im Internet, die Eigentum von ZAMORANO MARRERO, JOSE ALBERTO (nachfolgend \u201edas Unternehmen\u201c) oder seinen Lizenzgebern sind und auf die DER KUNDE\/BENUTZER zugreifen kann.<br data-start=\"908\" data-end=\"911\" \/>DER KUNDE\/BENUTZER \u00fcbernimmt die Verantwortung f\u00fcr die Nutzung der Website. Diese Verantwortung erstreckt sich auch auf die Registrierung, die f\u00fcr den Zugriff auf bestimmte Dienste oder Inhalte erforderlich ist.<br data-start=\"1074\" data-end=\"1077\" \/>Bei einer solchen Registrierung ist der KUNDE\/NUTZER f\u00fcr die Angabe wahrheitsgem\u00e4\u00dfer und rechtm\u00e4\u00dfiger Informationen verantwortlich. Im Zuge dieser Registrierung kann dem KUNDEN\/NUTZER ein Passwort zugewiesen werden, f\u00fcr das er verantwortlich ist und das er sorgf\u00e4ltig und vertraulich verwenden muss.<\/p><p class=\"\" data-start=\"1359\" data-end=\"2631\">DER KUNDE\/NUTZER verpflichtet sich, die Inhalte und Dienste (wie etwa Chat-Dienste, Diskussionsforen oder Newsgroups), die das Unternehmen \u00fcber seine Website anbietet, angemessen zu nutzen und verpflichtet sich beispielsweise, aber nicht ausschlie\u00dflich, diese nicht zu verwenden, um (i) illegale Aktivit\u00e4ten oder Aktivit\u00e4ten durchzuf\u00fchren, die gegen Treu und Glauben und die \u00f6ffentliche Ordnung versto\u00dfen; (ii) Inhalte oder Propaganda rassistischer, fremdenfeindlicher, pornographisch-illegaler Natur zu verbreiten oder Inhalte oder Propaganda zu verbreiten, die den Terrorismus f\u00f6rdern oder die Menschenrechte verletzen; (iii) Sch\u00e4den an den physischen und logischen Systemen des Unternehmens, seiner Anbieter oder Dritter zu verursachen, Computerviren oder andere physische oder logische Systeme einzuf\u00fchren oder zu verbreiten, die die oben genannten Sch\u00e4den verursachen k\u00f6nnen; (iv) zu versuchen, auf die E-Mail-Konten anderer Nutzer zuzugreifen und diese gegebenenfalls zu verwenden und deren Nachrichten zu \u00e4ndern oder zu manipulieren.<br data-start=\"2197\" data-end=\"2200\" \/>Das Unternehmen beh\u00e4lt sich das Recht vor, Kommentare und Beitr\u00e4ge zu entfernen, die die Menschenw\u00fcrde verletzen, diskriminierend, fremdenfeindlich, rassistisch oder pornografisch sind, die Jugend oder Kindheit, die \u00f6ffentliche Ordnung oder Sicherheit gef\u00e4hrden oder die nach seiner Auffassung nicht zur Ver\u00f6ffentlichung geeignet sind. Das Unternehmen \u00fcbernimmt keinerlei Verantwortung f\u00fcr die Meinungen, die Nutzer in Foren, Chats oder anderen Plattformen \u00e4u\u00dfern.<\/p><p class=\"\" data-start=\"2633\" data-end=\"2900\"><strong data-start=\"2633\" data-end=\"2658\">3. Ausschlussrecht<\/strong><br data-start=\"2658\" data-end=\"2661\" \/>Das Unternehmen beh\u00e4lt sich das Recht vor, Benutzern, die diese Allgemeinen Nutzungsbedingungen nicht einhalten, auf eigenen Wunsch oder auf Wunsch Dritter den Zugriff auf die Website und\/oder die angebotenen Dienste ohne vorherige Ank\u00fcndigung zu verweigern oder zu entziehen.<\/p><p class=\"\" data-start=\"2902\" data-end=\"3639\"><strong data-start=\"2902\" data-end=\"2947\">4. Gew\u00e4hrleistungs- und Haftungsausschluss<\/strong><br data-start=\"2947\" data-end=\"2950\" \/>Das Unternehmen haftet unter keinen Umst\u00e4nden f\u00fcr Sch\u00e4den jeglicher Art, die entstehen k\u00f6nnen, einschlie\u00dflich, aber nicht beschr\u00e4nkt auf: Fehler oder Auslassungen im Inhalt, mangelnde Verf\u00fcgbarkeit der Website oder die \u00dcbertragung von Viren oder b\u00f6sartigen oder sch\u00e4dlichen Programmen im Inhalt, obwohl alle notwendigen technischen Ma\u00dfnahmen ergriffen wurden, um dies zu verhindern.<br data-start=\"3303\" data-end=\"3306\" \/>Ebenso wenig kann das Unternehmen f\u00fcr die mangelnde Rechtm\u00e4\u00dfigkeit, Qualit\u00e4t, Zuverl\u00e4ssigkeit, N\u00fctzlichkeit und Verf\u00fcgbarkeit der von Dritten erbrachten und den Benutzern auf dieser Website zur Verf\u00fcgung gestellten Dienste verantwortlich gemacht werden.<br data-start=\"3508\" data-end=\"3511\" \/>Schlie\u00dflich haftet das Unternehmen nicht f\u00fcr eine rechtswidrige, fahrl\u00e4ssige, betr\u00fcgerische oder anderweitig diesen Bedingungen zuwiderlaufende Nutzung.<\/p><p class=\"\" data-start=\"3641\" data-end=\"4313\"><strong data-start=\"3641\" data-end=\"3653\">5. Links<\/strong><br data-start=\"3653\" data-end=\"3656\" \/>Falls die Website Links oder Hyperlinks zu anderen Websites enth\u00e4lt, hat das Unternehmen keinerlei Kontrolle \u00fcber diese Websites und deren Inhalte. Das Unternehmen \u00fcbernimmt unter keinen Umst\u00e4nden die Verantwortung f\u00fcr den Inhalt von Links zu Websites Dritter und \u00fcbernimmt keine Gew\u00e4hr f\u00fcr die technische Verf\u00fcgbarkeit, Qualit\u00e4t, Zuverl\u00e4ssigkeit, Richtigkeit, Vollst\u00e4ndigkeit, Wahrhaftigkeit, G\u00fcltigkeit oder Verfassungsm\u00e4\u00dfigkeit der in solchen Hyperlinks oder auf anderen Websites enthaltenen Materialien oder Informationen.<br data-start=\"4170\" data-end=\"4173\" \/>Ebenso stellt die Einbindung solcher externen Links keinerlei Verbindung, Zusammenschluss oder Beteiligung mit den verbundenen Unternehmen dar.<\/p><p class=\"\" data-start=\"4315\" data-end=\"5931\"><strong data-start=\"4315\" data-end=\"4343\">6. Geistiges Eigentum<\/strong><br data-start=\"4343\" data-end=\"4346\" \/>Das Unternehmen ist allein oder als Zessionar Eigent\u00fcmer aller geistigen und gewerblichen Eigentumsrechte an seiner Website sowie an den darin enthaltenen Elementen (einschlie\u00dflich, aber nicht beschr\u00e4nkt auf Bilder, Ton, Audio, Video, Software oder Text; Marken oder Logos, Farbkombinationen, Struktur und Design, Auswahl der verwendeten Materialien, f\u00fcr Betrieb, Zugriff und Nutzung erforderliche Computerprogramme usw.), die Eigentum des Unternehmens oder seiner Lizenzgeber sind.<br data-start=\"4792\" data-end=\"4795\" \/>Die Vervielf\u00e4ltigung, Verbreitung, \u00f6ffentliche Wiedergabe, Umwandlung, Nutzung (insbesondere kommerzieller oder industrieller Art), \u00dcbertragung, Vermietung, der Verkauf, das Verleihen, die Vornahme von Korrekturen, Extraktionen und\/oder die Wiederverwendung oder die Aus\u00fcbung jeglicher anderer geistiger oder industrieller Eigentumsrechte, die nicht ausdr\u00fccklich schriftlich von der Gesellschaft gew\u00e4hrt wurden, ist ausdr\u00fccklich untersagt.<br data-start=\"5139\" data-end=\"5142\" \/>Der Kunde\/Benutzer erkennt die Rechte des Unternehmens an geistigem und gewerblichem Eigentum an. Der Kunde\/Benutzer verpflichtet sich, die Rechte des Unternehmens an geistigem und gewerblichem Eigentum zu respektieren. Benutzer d\u00fcrfen die Elemente der Website ansehen und sie ausdrucken, kopieren und auf der Festplatte ihres Computers oder einem anderen physischen Datentr\u00e4ger speichern, sofern dies ausschlie\u00dflich f\u00fcr den pers\u00f6nlichen und privaten Gebrauch geschieht. Der Kunde\/Benutzer darf keine Schutzvorrichtungen oder Sicherheitssysteme, die auf den Seiten des Unternehmens installiert sind, l\u00f6schen, ver\u00e4ndern, umgehen oder manipulieren.<br data-start=\"5743\" data-end=\"5746\" \/>Der Kunde\/Benutzer darf die Marken, Logos, Handelsnamen, Internetdom\u00e4nen oder andere Kennzeichen des Unternehmens ohne dessen vorherige ausdr\u00fcckliche und schriftliche Zustimmung in keiner Weise verwenden.<\/p><p class=\"\" data-start=\"5933\" data-end=\"6120\"><strong data-start=\"5933\" data-end=\"5955\">7. Datenschutz<\/strong><br data-start=\"5955\" data-end=\"5958\" \/>Der Datenschutz richtet sich nach den Bestimmungen im entsprechenden Abschnitt dieser Bedingungen und der auf der Website verf\u00fcgbaren Datenschutzrichtlinie.<\/p><p><!-- \/wp:paragraph --><\/p>\t\t\t\t\t\t\t\t<\/div>\n\t\t\t\t<\/div>\n\t\t\t\t<\/div>","protected":false},"excerpt":{"rendered":"<p>In compliance with the provisions of Article 10 of Law 34\/2002, of July 11, on Information Society Services and Electronic Commerce (LSSI-CE), it is hereby informed that the owner of this website and the party responsible for the services provided through it is: Company: JOSE ALBERTO ZAMARO MARRERONIF: 45456608YAddress: CALLE EL CABO N 10 PISO [&hellip;]<\/p>","protected":false},"author":2,"featured_media":0,"parent":0,"menu_order":0,"comment_status":"closed","ping_status":"closed","template":"elementor_header_footer","meta":{"footnotes":""},"class_list":["post-47","page","type-page","status-publish","hentry"],"yoast_head":"<!-- This site is optimized with the Yoast SEO plugin v26.4 - https:\/\/yoast.com\/wordpress\/plugins\/seo\/ -->\n<title>Legal Notice - Royal Thai Massages<\/title>\n<meta name=\"robots\" content=\"index, follow, max-snippet:-1, max-image-preview:large, max-video-preview:-1\" \/>\n<link rel=\"canonical\" href=\"https:\/\/royalthaimassagelasamericas.com\/de\/legal-notice\/\" \/>\n<meta property=\"og:locale\" content=\"de_DE\" \/>\n<meta property=\"og:type\" content=\"article\" \/>\n<meta property=\"og:title\" content=\"Legal Notice - Royal Thai Massages\" \/>\n<meta property=\"og:description\" content=\"In compliance with the provisions of Article 10 of Law 34\/2002, of July 11, on Information Society Services and Electronic Commerce (LSSI-CE), it is hereby informed that the owner of this website and the party responsible for the services provided through it is: Company: JOSE ALBERTO ZAMARO MARRERONIF: 45456608YAddress: CALLE EL CABO N 10 PISO [&hellip;]\" \/>\n<meta property=\"og:url\" content=\"https:\/\/royalthaimassagelasamericas.com\/de\/legal-notice\/\" \/>\n<meta property=\"og:site_name\" content=\"Royal Thai Massages\" \/>\n<meta property=\"article:modified_time\" content=\"2025-11-21T17:04:50+00:00\" \/>\n<meta name=\"twitter:card\" content=\"summary_large_image\" \/>\n<meta name=\"twitter:label1\" content=\"Gesch\u00e4tzte Lesezeit\" \/>\n\t<meta name=\"twitter:data1\" content=\"5\u00a0Minuten\" \/>\n<script type=\"application\/ld+json\" class=\"yoast-schema-graph\">{\"@context\":\"https:\/\/schema.org\",\"@graph\":[{\"@type\":\"WebPage\",\"@id\":\"https:\/\/royalthaimassagelasamericas.com\/legal-notice\/\",\"url\":\"https:\/\/royalthaimassagelasamericas.com\/legal-notice\/\",\"name\":\"Legal Notice - Royal Thai Massages\",\"isPartOf\":{\"@id\":\"https:\/\/royalthaimassagelasamericas.com\/es\/#website\"},\"datePublished\":\"2025-03-20T17:30:35+00:00\",\"dateModified\":\"2025-11-21T17:04:50+00:00\",\"breadcrumb\":{\"@id\":\"https:\/\/royalthaimassagelasamericas.com\/legal-notice\/#breadcrumb\"},\"inLanguage\":\"de\",\"potentialAction\":[{\"@type\":\"ReadAction\",\"target\":[\"https:\/\/royalthaimassagelasamericas.com\/legal-notice\/\"]}]},{\"@type\":\"BreadcrumbList\",\"@id\":\"https:\/\/royalthaimassagelasamericas.com\/legal-notice\/#breadcrumb\",\"itemListElement\":[{\"@type\":\"ListItem\",\"position\":1,\"name\":\"Portada\",\"item\":\"https:\/\/royalthaimassagelasamericas.com\/\"},{\"@type\":\"ListItem\",\"position\":2,\"name\":\"Legal Notice\"}]},{\"@type\":\"WebSite\",\"@id\":\"https:\/\/royalthaimassagelasamericas.com\/es\/#website\",\"url\":\"https:\/\/royalthaimassagelasamericas.com\/es\/\",\"name\":\"Royal Thai Massages\",\"description\":\"Masajes tailandeses aut\u00e9nticos en Tenerife Sur\",\"potentialAction\":[{\"@type\":\"SearchAction\",\"target\":{\"@type\":\"EntryPoint\",\"urlTemplate\":\"https:\/\/royalthaimassagelasamericas.com\/es\/?s={search_term_string}\"},\"query-input\":{\"@type\":\"PropertyValueSpecification\",\"valueRequired\":true,\"valueName\":\"search_term_string\"}}],\"inLanguage\":\"de\"}]}<\/script>\n<!-- \/ Yoast SEO plugin. -->","yoast_head_json":{"title":"Legal Notice - Royal Thai Massages","robots":{"index":"index","follow":"follow","max-snippet":"max-snippet:-1","max-image-preview":"max-image-preview:large","max-video-preview":"max-video-preview:-1"},"canonical":"https:\/\/royalthaimassagelasamericas.com\/de\/legal-notice\/","og_locale":"de_DE","og_type":"article","og_title":"Legal Notice - Royal Thai Massages","og_description":"In compliance with the provisions of Article 10 of Law 34\/2002, of July 11, on Information Society Services and Electronic Commerce (LSSI-CE), it is hereby informed that the owner of this website and the party responsible for the services provided through it is: Company: JOSE ALBERTO ZAMARO MARRERONIF: 45456608YAddress: CALLE EL CABO N 10 PISO [&hellip;]","og_url":"https:\/\/royalthaimassagelasamericas.com\/de\/legal-notice\/","og_site_name":"Royal Thai Massages","article_modified_time":"2025-11-21T17:04:50+00:00","twitter_card":"summary_large_image","twitter_misc":{"Gesch\u00e4tzte Lesezeit":"5\u00a0Minuten"},"schema":{"@context":"https:\/\/schema.org","@graph":[{"@type":"WebPage","@id":"https:\/\/royalthaimassagelasamericas.com\/legal-notice\/","url":"https:\/\/royalthaimassagelasamericas.com\/legal-notice\/","name":"Legal Notice - Royal Thai Massages","isPartOf":{"@id":"https:\/\/royalthaimassagelasamericas.com\/es\/#website"},"datePublished":"2025-03-20T17:30:35+00:00","dateModified":"2025-11-21T17:04:50+00:00","breadcrumb":{"@id":"https:\/\/royalthaimassagelasamericas.com\/legal-notice\/#breadcrumb"},"inLanguage":"de","potentialAction":[{"@type":"ReadAction","target":["https:\/\/royalthaimassagelasamericas.com\/legal-notice\/"]}]},{"@type":"BreadcrumbList","@id":"https:\/\/royalthaimassagelasamericas.com\/legal-notice\/#breadcrumb","itemListElement":[{"@type":"ListItem","position":1,"name":"Portada","item":"https:\/\/royalthaimassagelasamericas.com\/"},{"@type":"ListItem","position":2,"name":"Legal Notice"}]},{"@type":"WebSite","@id":"https:\/\/royalthaimassagelasamericas.com\/es\/#website","url":"https:\/\/royalthaimassagelasamericas.com\/es\/","name":"K\u00f6nigliche Thai-Massagen","description":"Nat\u00fcrliche Massagen auf Teneriffa S\u00fcd","potentialAction":[{"@type":"SearchAction","target":{"@type":"EntryPoint","urlTemplate":"https:\/\/royalthaimassagelasamericas.com\/es\/?s={search_term_string}"},"query-input":{"@type":"PropertyValueSpecification","valueRequired":true,"valueName":"search_term_string"}}],"inLanguage":"de"}]}},"_links":{"self":[{"href":"https:\/\/royalthaimassagelasamericas.com\/de\/wp-json\/wp\/v2\/pages\/47","targetHints":{"allow":["GET"]}}],"collection":[{"href":"https:\/\/royalthaimassagelasamericas.com\/de\/wp-json\/wp\/v2\/pages"}],"about":[{"href":"https:\/\/royalthaimassagelasamericas.com\/de\/wp-json\/wp\/v2\/types\/page"}],"author":[{"embeddable":true,"href":"https:\/\/royalthaimassagelasamericas.com\/de\/wp-json\/wp\/v2\/users\/2"}],"replies":[{"embeddable":true,"href":"https:\/\/royalthaimassagelasamericas.com\/de\/wp-json\/wp\/v2\/comments?post=47"}],"version-history":[{"count":77,"href":"https:\/\/royalthaimassagelasamericas.com\/de\/wp-json\/wp\/v2\/pages\/47\/revisions"}],"predecessor-version":[{"id":2902,"href":"https:\/\/royalthaimassagelasamericas.com\/de\/wp-json\/wp\/v2\/pages\/47\/revisions\/2902"}],"wp:attachment":[{"href":"https:\/\/royalthaimassagelasamericas.com\/de\/wp-json\/wp\/v2\/media?parent=47"}],"curies":[{"name":"wp","href":"https:\/\/api.w.org\/{rel}","templated":true}]}}