{"id":48,"date":"2025-03-20T17:28:22","date_gmt":"2025-03-20T17:28:22","guid":{"rendered":"https:\/\/royalthaimassagelasamericas.com\/?page_id=48"},"modified":"2025-11-21T16:53:26","modified_gmt":"2025-11-21T16:53:26","slug":"accessibility-statement","status":"publish","type":"page","link":"https:\/\/royalthaimassagelasamericas.com\/de\/accessibility-statement\/","title":{"rendered":"Erkl\u00e4rung zur Barrierefreiheit"},"content":{"rendered":"<style>.elementor-48 .elementor-element.elementor-element-ad41ae7{--display:flex;--flex-direction:row;--container-widget-width:calc( ( 1 - var( --container-widget-flex-grow ) ) * 100% );--container-widget-height:100%;--container-widget-flex-grow:1;--container-widget-align-self:stretch;--flex-wrap-mobile:wrap;--align-items:center;--gap:0px 0px;--row-gap:0px;--column-gap:0px;--overlay-opacity:0.03;--margin-top:0px;--margin-bottom:0px;--margin-left:0px;--margin-right:0px;--padding-top:6em;--padding-bottom:6em;--padding-left:1em;--padding-right:1em;}.elementor-48 .elementor-element.elementor-element-ad41ae7:not(.elementor-motion-effects-element-type-background), .elementor-48 .elementor-element.elementor-element-ad41ae7 > .elementor-motion-effects-container > .elementor-motion-effects-layer{background-color:var( --e-global-color-c3280bb );}.elementor-48 .elementor-element.elementor-element-ad41ae7::before, .elementor-48 .elementor-element.elementor-element-ad41ae7 > .elementor-background-video-container::before, .elementor-48 .elementor-element.elementor-element-ad41ae7 > .e-con-inner > .elementor-background-video-container::before, .elementor-48 .elementor-element.elementor-element-ad41ae7 > .elementor-background-slideshow::before, .elementor-48 .elementor-element.elementor-element-ad41ae7 > .e-con-inner > .elementor-background-slideshow::before, .elementor-48 .elementor-element.elementor-element-ad41ae7 > .elementor-motion-effects-container > .elementor-motion-effects-layer::before{--background-overlay:'';}.elementor-48 .elementor-element.elementor-element-ae468cc{width:100%;max-width:100%;text-align:center;}.elementor-48 .elementor-element.elementor-element-ae468cc .elementor-heading-title{font-size:55px;color:#FFFFFF;}.elementor-48 .elementor-element.elementor-element-12d91061{--display:flex;--margin-top:0px;--margin-bottom:0px;--margin-left:0px;--margin-right:0px;--padding-top:4%;--padding-bottom:4%;--padding-left:4%;--padding-right:4%;}.elementor-48 .elementor-element.elementor-element-12d91061.e-con{--flex-grow:0;--flex-shrink:0;}@media(min-width:768px){.elementor-48 .elementor-element.elementor-element-ad41ae7{--content-width:1290px;}.elementor-48 .elementor-element.elementor-element-12d91061{--width:100%;}}@media(max-width:1024px){.elementor-48 .elementor-element.elementor-element-ad41ae7{--margin-top:0px;--margin-bottom:0px;--margin-left:0px;--margin-right:0px;}.elementor-48 .elementor-element.elementor-element-ae468cc .elementor-heading-title{font-size:45px;}}@media(max-width:767px){.elementor-48 .elementor-element.elementor-element-ad41ae7{--margin-top:0px;--margin-bottom:0px;--margin-left:0px;--margin-right:0px;--padding-top:6em;--padding-bottom:6em;--padding-left:1em;--padding-right:1em;}.elementor-48 .elementor-element.elementor-element-ae468cc .elementor-heading-title{font-size:35px;}.elementor-48 .elementor-element.elementor-element-12d91061{--margin-top:0px;--margin-bottom:0px;--margin-left:0px;--margin-right:0px;}.elementor-48 .elementor-element.elementor-element-39990e94{margin:0px 0px calc(var(--kit-widget-spacing, 0px) + 0px) 0px;padding:0px 0px 0px 0px;}}<\/style>\t\t<div data-elementor-type=\"wp-page\" data-elementor-id=\"48\" class=\"elementor elementor-48\" data-elementor-post-type=\"page\">\n\t\t\t\t<div class=\"elementor-element elementor-element-ad41ae7 e-flex e-con-boxed e-con e-parent\" data-id=\"ad41ae7\" data-element_type=\"container\" data-settings=\"{&quot;background_background&quot;:&quot;classic&quot;}\">\n\t\t\t\t\t<div class=\"e-con-inner\">\n\t\t\t\t<div class=\"elementor-element elementor-element-ae468cc elementor-widget__width-inherit elementor-widget elementor-widget-heading\" data-id=\"ae468cc\" data-element_type=\"widget\" data-widget_type=\"heading.default\">\n\t\t\t\t\t<h1 class=\"elementor-heading-title elementor-size-default\">Erkl\u00e4rung zur Barrierefreiheit<\/h1>\t\t\t\t<\/div>\n\t\t\t\t\t<\/div>\n\t\t\t\t<\/div>\n\t\t<div class=\"elementor-element elementor-element-12d91061 e-con-full e-flex e-con e-parent\" data-id=\"12d91061\" data-element_type=\"container\">\n\t\t\t\t<div class=\"elementor-element elementor-element-39990e94 elementor-widget elementor-widget-text-editor\" data-id=\"39990e94\" data-element_type=\"widget\" data-widget_type=\"text-editor.default\">\n\t\t\t\t\t\t\t\t\t\n<p><\/p>\n<p><strong>Jos\u00e9 Alberto Zamaro<\/strong> ist bestrebt, seine Website gem\u00e4\u00df dem K\u00f6niglichen Dekret 1112\/2018 vom 7. September \u00fcber die Zug\u00e4nglichkeit von Websites und Anwendungen des \u00f6ffentlichen Sektors f\u00fcr mobile Ger\u00e4te barrierefrei zu gestalten. Diese Erkl\u00e4rung zur Barrierefreiheit gilt f\u00fcr diese Website.<\/p>\n<p>Compliance-Status.<\/p>\n<p>Diese Website wurde gem\u00e4\u00df RD 1112\/2018 entwickelt.<\/p>\n<p>Vorbereitung f\u00fcr die folgende Erkl\u00e4rung zur Barrierefreiheit.<\/p>\n<p>Diese Erkl\u00e4rung wurde am 20. April 2023 erstellt. Die zur Erstellung der Erkl\u00e4rung verwendete Methode war eine Selbsteinsch\u00e4tzung.<\/p>\n<p>Bemerkungen und Kontaktdaten.<\/p>\n<p>Sie k\u00f6nnen Mitteilungen zu den Anforderungen an die Barrierefreiheit (Artikel 10.2.a des K\u00f6niglichen Dekrets 1112\/2018) wie folgt \u00fcbermitteln:<\/p>\n<p>Melden Sie m\u00f6gliche Verst\u00f6\u00dfe dieser Website.<br \/>Andere Schwierigkeiten beim Zugriff auf den Inhalt \u00fcbermitteln<br \/>Sonstige Fragen oder Verbesserungsvorschl\u00e4ge zur Erreichbarkeit der Website k\u00f6nnen Sie \u00fcber das Kontaktformular auf dieser Website oder \u00fcber die Telefonnummer formulieren.<\/p>\n<p>Sie k\u00f6nnen einreichen:<\/p>\n<p>Beschwerde bez\u00fcglich der Einhaltung der Anforderungen des K\u00f6niglichen Dekrets 1112\/2018.<br \/>Antrag auf barrierefreie Informationen zu:<br \/>Inhalte, die gem\u00e4\u00df Artikel 3 Absatz 4 vom Anwendungsbereich der K\u00f6niglichen Verordnung 1112\/2018 ausgenommen sind.<br \/>Inhalte, die von der Einhaltung der Barrierefreiheitsanforderungen ausgenommen sind, stellen eine unverh\u00e4ltnism\u00e4\u00dfige Belastung dar.<br \/>Im Antrag auf barrierefreie Informationen m\u00fcssen die Fakten, Gr\u00fcnde und der Antrag klar dargelegt werden, um festzustellen, ob es sich um einen angemessenen und legitimen Antrag handelt.<\/p>\n<p>Beschwerden und Anspr\u00fcche in Bezug auf zug\u00e4ngliche Informationen werden \u00fcber die elektronische Zentrale (<a href=\"https:\/\/sede.red.gob.es\/procedimientos\/quejas-y-sugerencias\" target=\"_blank\" rel=\"noopener\"><strong>https:\/\/sede.red.gob.es\/procedimientos\/quejas-y-sugerencias<\/strong><\/a>) und werden vom Bereich Informationssysteme von Red.es empfangen und verarbeitet.<\/p>\n<p>Optionaler Inhalt<\/p>\n<p>Wenn Sie die Schriftgr\u00f6\u00dfe des Textes in den wichtigsten Grafikbrowsern \u00e4ndern m\u00f6chten, verwenden Sie die folgenden Men\u00fcs:<br \/>Safari: Ansicht &gt; Text vergr\u00f6\u00dfern<br \/>Chrome: Aktuelle Seite steuern &gt; Textgr\u00f6\u00dfe<\/p>\n<p>So \u00e4ndern Sie die Gr\u00f6\u00dfe aller Elemente auf der Seite:<\/p>\n<p>Strg++ zum Erh\u00f6hen<br \/>Strg + \u2013 zum Verringern<br \/>Strg + 0 stellt die urspr\u00fcngliche Textgr\u00f6\u00dfe wieder her.<br \/>Wenn Sie das Stylesheet \u00fcberschreiben oder die Farbe des Textes \u00e4ndern m\u00f6chten, k\u00f6nnen Sie auf der Seite \u201eSo \u00e4ndern Sie Textgr\u00f6\u00dfe oder -farben\u201c der WAI nachlesen, die auf Englisch unter \u201eSo \u00e4ndern Sie Textgr\u00f6\u00dfe oder -farben?\u201c gelesen werden kann.<\/p>\n<ul class=\"wp-block-list\"><\/ul>\n<p><\/p>\n<ul class=\"wp-block-list\"><!-- \/wp:list-item --><\/ul>\n<!-- \/wp:list -->\t\t\t\t\t\t\t\t<\/div>\n\t\t\t\t<\/div>\n\t\t\t\t<\/div>","protected":false},"excerpt":{"rendered":"<p>Jose Alberto Zamaro verpflichtet sich, seine Website gem\u00e4\u00df dem K\u00f6niglichen Erlass 1112\/2018 vom 7. September \u00fcber die Barrierefreiheit von Websites und Anwendungen des \u00f6ffentlichen Sektors f\u00fcr mobile Ger\u00e4te barrierefrei zu gestalten. Diese Erkl\u00e4rung zur Barrierefreiheit gilt f\u00fcr diese Website. Konformit\u00e4tsstatus. Diese Website wurde gem\u00e4\u00df K\u00f6niglichem Erlass 1112\/2018 entwickelt. Vorbereitung der folgenden Erkl\u00e4rung zur Barrierefreiheit. Diese Erkl\u00e4rung [\u2026]<\/p>","protected":false},"author":2,"featured_media":0,"parent":0,"menu_order":0,"comment_status":"closed","ping_status":"closed","template":"","meta":{"footnotes":""},"class_list":["post-48","page","type-page","status-publish","hentry"],"yoast_head":"<!-- This site is optimized with the Yoast SEO plugin v26.4 - https:\/\/yoast.com\/wordpress\/plugins\/seo\/ -->\n<title>Accessibility Statement - Royal Thai Massages<\/title>\n<meta name=\"robots\" content=\"index, follow, max-snippet:-1, max-image-preview:large, max-video-preview:-1\" \/>\n<link rel=\"canonical\" href=\"https:\/\/royalthaimassagelasamericas.com\/de\/accessibility-statement\/\" \/>\n<meta property=\"og:locale\" content=\"de_DE\" \/>\n<meta property=\"og:type\" content=\"article\" \/>\n<meta property=\"og:title\" content=\"Accessibility Statement - Royal Thai Massages\" \/>\n<meta property=\"og:description\" content=\"Jose Alberto Zamaro is committed to making its website accessible, in accordance with Royal Decree 1112\/2018, of 7 September, on accessibility of public sector websites and applications for mobile devices. This accessibility statement applies to this website. Compliance status. This website is developed according to RD 1112\/2018. Preparation for the following accessibility statement. This statement [&hellip;]\" \/>\n<meta property=\"og:url\" content=\"https:\/\/royalthaimassagelasamericas.com\/de\/accessibility-statement\/\" \/>\n<meta property=\"og:site_name\" content=\"Royal Thai Massages\" \/>\n<meta property=\"article:modified_time\" content=\"2025-11-21T16:53:26+00:00\" \/>\n<meta name=\"twitter:card\" content=\"summary_large_image\" \/>\n<meta name=\"twitter:label1\" content=\"Gesch\u00e4tzte Lesezeit\" \/>\n\t<meta name=\"twitter:data1\" content=\"2\u00a0Minuten\" \/>\n<script type=\"application\/ld+json\" class=\"yoast-schema-graph\">{\"@context\":\"https:\/\/schema.org\",\"@graph\":[{\"@type\":\"WebPage\",\"@id\":\"https:\/\/royalthaimassagelasamericas.com\/accessibility-statement\/\",\"url\":\"https:\/\/royalthaimassagelasamericas.com\/accessibility-statement\/\",\"name\":\"Accessibility Statement - Royal Thai Massages\",\"isPartOf\":{\"@id\":\"https:\/\/royalthaimassagelasamericas.com\/es\/#website\"},\"datePublished\":\"2025-03-20T17:28:22+00:00\",\"dateModified\":\"2025-11-21T16:53:26+00:00\",\"breadcrumb\":{\"@id\":\"https:\/\/royalthaimassagelasamericas.com\/accessibility-statement\/#breadcrumb\"},\"inLanguage\":\"de\",\"potentialAction\":[{\"@type\":\"ReadAction\",\"target\":[\"https:\/\/royalthaimassagelasamericas.com\/accessibility-statement\/\"]}]},{\"@type\":\"BreadcrumbList\",\"@id\":\"https:\/\/royalthaimassagelasamericas.com\/accessibility-statement\/#breadcrumb\",\"itemListElement\":[{\"@type\":\"ListItem\",\"position\":1,\"name\":\"Portada\",\"item\":\"https:\/\/royalthaimassagelasamericas.com\/\"},{\"@type\":\"ListItem\",\"position\":2,\"name\":\"Accessibility Statement\"}]},{\"@type\":\"WebSite\",\"@id\":\"https:\/\/royalthaimassagelasamericas.com\/es\/#website\",\"url\":\"https:\/\/royalthaimassagelasamericas.com\/es\/\",\"name\":\"Royal Thai Massages\",\"description\":\"Masajes tailandeses aut\u00e9nticos en Tenerife Sur\",\"potentialAction\":[{\"@type\":\"SearchAction\",\"target\":{\"@type\":\"EntryPoint\",\"urlTemplate\":\"https:\/\/royalthaimassagelasamericas.com\/es\/?s={search_term_string}\"},\"query-input\":{\"@type\":\"PropertyValueSpecification\",\"valueRequired\":true,\"valueName\":\"search_term_string\"}}],\"inLanguage\":\"de\"}]}<\/script>\n<!-- \/ Yoast SEO plugin. -->","yoast_head_json":{"title":"Accessibility Statement - Royal Thai Massages","robots":{"index":"index","follow":"follow","max-snippet":"max-snippet:-1","max-image-preview":"max-image-preview:large","max-video-preview":"max-video-preview:-1"},"canonical":"https:\/\/royalthaimassagelasamericas.com\/de\/accessibility-statement\/","og_locale":"de_DE","og_type":"article","og_title":"Accessibility Statement - Royal Thai Massages","og_description":"Jose Alberto Zamaro is committed to making its website accessible, in accordance with Royal Decree 1112\/2018, of 7 September, on accessibility of public sector websites and applications for mobile devices. This accessibility statement applies to this website. Compliance status. This website is developed according to RD 1112\/2018. Preparation for the following accessibility statement. This statement [&hellip;]","og_url":"https:\/\/royalthaimassagelasamericas.com\/de\/accessibility-statement\/","og_site_name":"Royal Thai Massages","article_modified_time":"2025-11-21T16:53:26+00:00","twitter_card":"summary_large_image","twitter_misc":{"Gesch\u00e4tzte Lesezeit":"2\u00a0Minuten"},"schema":{"@context":"https:\/\/schema.org","@graph":[{"@type":"WebPage","@id":"https:\/\/royalthaimassagelasamericas.com\/accessibility-statement\/","url":"https:\/\/royalthaimassagelasamericas.com\/accessibility-statement\/","name":"Accessibility Statement - Royal Thai Massages","isPartOf":{"@id":"https:\/\/royalthaimassagelasamericas.com\/es\/#website"},"datePublished":"2025-03-20T17:28:22+00:00","dateModified":"2025-11-21T16:53:26+00:00","breadcrumb":{"@id":"https:\/\/royalthaimassagelasamericas.com\/accessibility-statement\/#breadcrumb"},"inLanguage":"de","potentialAction":[{"@type":"ReadAction","target":["https:\/\/royalthaimassagelasamericas.com\/accessibility-statement\/"]}]},{"@type":"BreadcrumbList","@id":"https:\/\/royalthaimassagelasamericas.com\/accessibility-statement\/#breadcrumb","itemListElement":[{"@type":"ListItem","position":1,"name":"Portada","item":"https:\/\/royalthaimassagelasamericas.com\/"},{"@type":"ListItem","position":2,"name":"Accessibility Statement"}]},{"@type":"WebSite","@id":"https:\/\/royalthaimassagelasamericas.com\/es\/#website","url":"https:\/\/royalthaimassagelasamericas.com\/es\/","name":"K\u00f6nigliche Thai-Massagen","description":"Nat\u00fcrliche Massagen auf Teneriffa S\u00fcd","potentialAction":[{"@type":"SearchAction","target":{"@type":"EntryPoint","urlTemplate":"https:\/\/royalthaimassagelasamericas.com\/es\/?s={search_term_string}"},"query-input":{"@type":"PropertyValueSpecification","valueRequired":true,"valueName":"search_term_string"}}],"inLanguage":"de"}]}},"_links":{"self":[{"href":"https:\/\/royalthaimassagelasamericas.com\/de\/wp-json\/wp\/v2\/pages\/48","targetHints":{"allow":["GET"]}}],"collection":[{"href":"https:\/\/royalthaimassagelasamericas.com\/de\/wp-json\/wp\/v2\/pages"}],"about":[{"href":"https:\/\/royalthaimassagelasamericas.com\/de\/wp-json\/wp\/v2\/types\/page"}],"author":[{"embeddable":true,"href":"https:\/\/royalthaimassagelasamericas.com\/de\/wp-json\/wp\/v2\/users\/2"}],"replies":[{"embeddable":true,"href":"https:\/\/royalthaimassagelasamericas.com\/de\/wp-json\/wp\/v2\/comments?post=48"}],"version-history":[{"count":68,"href":"https:\/\/royalthaimassagelasamericas.com\/de\/wp-json\/wp\/v2\/pages\/48\/revisions"}],"predecessor-version":[{"id":2886,"href":"https:\/\/royalthaimassagelasamericas.com\/de\/wp-json\/wp\/v2\/pages\/48\/revisions\/2886"}],"wp:attachment":[{"href":"https:\/\/royalthaimassagelasamericas.com\/de\/wp-json\/wp\/v2\/media?parent=48"}],"curies":[{"name":"wp","href":"https:\/\/api.w.org\/{rel}","templated":true}]}}