{"id":55,"date":"2025-03-20T17:28:55","date_gmt":"2025-03-20T17:28:55","guid":{"rendered":"https:\/\/royalthaimassagelasamericas.com\/?page_id=55"},"modified":"2025-11-21T17:08:56","modified_gmt":"2025-11-21T17:08:56","slug":"cookies-policy","status":"publish","type":"page","link":"https:\/\/royalthaimassagelasamericas.com\/de\/cookies-policy\/","title":{"rendered":"Cookies-Richtlinie"},"content":{"rendered":"<style>.elementor-55 .elementor-element.elementor-element-ba115f9{--display:flex;--flex-direction:row;--container-widget-width:calc( ( 1 - var( --container-widget-flex-grow ) ) * 100% );--container-widget-height:100%;--container-widget-flex-grow:1;--container-widget-align-self:stretch;--flex-wrap-mobile:wrap;--align-items:center;--gap:0px 0px;--row-gap:0px;--column-gap:0px;--margin-top:0px;--margin-bottom:0px;--margin-left:0px;--margin-right:0px;--padding-top:6em;--padding-bottom:6em;--padding-left:1em;--padding-right:1em;}.elementor-55 .elementor-element.elementor-element-ba115f9:not(.elementor-motion-effects-element-type-background), .elementor-55 .elementor-element.elementor-element-ba115f9 > .elementor-motion-effects-container > .elementor-motion-effects-layer{background-color:var( --e-global-color-c3280bb );}.elementor-55 .elementor-element.elementor-element-5667356{width:100%;max-width:100%;text-align:center;}.elementor-55 .elementor-element.elementor-element-5667356 .elementor-heading-title{font-size:55px;color:var( --e-global-color-accent );}.elementor-55 .elementor-element.elementor-element-2ed171b3{--display:flex;--margin-top:0px;--margin-bottom:0px;--margin-left:0px;--margin-right:0px;--padding-top:4%;--padding-bottom:4%;--padding-left:4%;--padding-right:4%;}.elementor-55 .elementor-element.elementor-element-2ed171b3.e-con{--flex-grow:0;--flex-shrink:0;}@media(min-width:768px){.elementor-55 .elementor-element.elementor-element-ba115f9{--content-width:1290px;}.elementor-55 .elementor-element.elementor-element-2ed171b3{--width:100%;}}@media(max-width:1024px){.elementor-55 .elementor-element.elementor-element-ba115f9{--margin-top:0px;--margin-bottom:0px;--margin-left:0px;--margin-right:0px;}}@media(max-width:767px){.elementor-55 .elementor-element.elementor-element-ba115f9{--margin-top:0px;--margin-bottom:0px;--margin-left:0px;--margin-right:0px;--padding-top:6em;--padding-bottom:6em;--padding-left:1em;--padding-right:1em;}.elementor-55 .elementor-element.elementor-element-5667356 .elementor-heading-title{font-size:35px;}.elementor-55 .elementor-element.elementor-element-2ed171b3{--margin-top:0px;--margin-bottom:0px;--margin-left:0px;--margin-right:0px;--padding-top:4%;--padding-bottom:4%;--padding-left:4%;--padding-right:4%;}.elementor-55 .elementor-element.elementor-element-996a4f5{margin:0px 0px calc(var(--kit-widget-spacing, 0px) + 0px) 0px;padding:0px 0px 0px 0px;}}<\/style>\t\t<div data-elementor-type=\"wp-page\" data-elementor-id=\"55\" class=\"elementor elementor-55\" data-elementor-post-type=\"page\">\n\t\t\t\t<div class=\"elementor-element elementor-element-ba115f9 e-flex e-con-boxed e-con e-parent\" data-id=\"ba115f9\" data-element_type=\"container\" data-settings=\"{&quot;background_background&quot;:&quot;classic&quot;}\">\n\t\t\t\t\t<div class=\"e-con-inner\">\n\t\t\t\t<div class=\"elementor-element elementor-element-5667356 elementor-widget__width-inherit elementor-widget elementor-widget-heading\" data-id=\"5667356\" data-element_type=\"widget\" data-widget_type=\"heading.default\">\n\t\t\t\t\t<h1 class=\"elementor-heading-title elementor-size-default\">Cookies-Richtlinie<\/h1>\t\t\t\t<\/div>\n\t\t\t\t\t<\/div>\n\t\t\t\t<\/div>\n\t\t<div class=\"elementor-element elementor-element-2ed171b3 e-con-full e-flex e-con e-parent\" data-id=\"2ed171b3\" data-element_type=\"container\">\n\t\t\t\t<div class=\"elementor-element elementor-element-996a4f5 elementor-widget elementor-widget-text-editor\" data-id=\"996a4f5\" data-element_type=\"widget\" data-widget_type=\"text-editor.default\">\n\t\t\t\t\t\t\t\t\t\n<article class=\"text-token-text-primary w-full\" dir=\"auto\" data-testid=\"conversation-turn-14\" data-scroll-anchor=\"true\">\n<div class=\"text-base my-auto mx-auto py-5 [--thread-content-margin:--spacing(4)] @[37rem]:[--thread-content-margin:--spacing(6)] @[70rem]:[--thread-content-margin:--spacing(12)] px-(--thread-content-margin)\">\n<div class=\"[--thread-content-max-width:32rem] @[34rem]:[--thread-content-max-width:40rem] @[64rem]:[--thread-content-max-width:48rem] mx-auto flex max-w-(--thread-content-max-width) flex-1 text-base gap-4 md:gap-5 lg:gap-6 group\/turn-messages focus-visible:outline-hidden\" tabindex=\"-1\">\n<div class=\"group\/conversation-turn relative flex w-full min-w-0 flex-col agent-turn\">\n<div class=\"relative flex-col gap-1 md:gap-3\">\n<div class=\"flex max-w-full flex-col grow\">\n<div class=\"min-h-8 text-message relative flex w-full flex-col items-end gap-2 text-start break-words whitespace-normal [.text-message+&amp;]:mt-5\" dir=\"auto\" data-message-author-role=\"assistant\" data-message-id=\"bb171e5c-f1ab-4e79-aafd-57eea6fab070\" data-message-model-slug=\"gpt-4o-mini\">\n<div class=\"flex w-full flex-col gap-1 empty:hidden first:pt-[3px]\">\n<div class=\"markdown prose dark:prose-invert w-full break-words dark\">\n<p><strong>Erste Ebene: WARNUNG ZUR VERWENDUNG VON COOKIES. \u201eCOOKIES AKZEPTIEREN\u201c, \u201eOPTIONALE COOKIES ABLEHNEN\u201c und \u201eCOOKIES KONFIGURIEREN\u201c.<\/strong><\/p>\n<p><strong>Diese Ebene muss dem Benutzer beim ersten Zugriff auf die Site des Anbieters bereitgestellt werden, entweder \u00fcber die Kopfzeile, die Fu\u00dfzeile oder das Popup-Fenster der Homepage.<\/strong><\/p>\n<p data-start=\"142\" data-end=\"608\"><strong>A) Text erste Ebene bei Verwendung von einwilligungspflichtigen Cookies:<\/strong><\/p>\n<p class=\"\" data-start=\"142\" data-end=\"608\"><strong data-start=\"142\" data-end=\"608\">&#8220;<\/strong>Wir verwenden eigene Cookies und Cookies von Drittanbietern, um unsere Dienste zu verbessern und Ihnen durch die Analyse Ihres Surfverhaltens (z. B. der besuchten Seiten) ein besseres Erlebnis zu bieten (z. B. durch die Anzeige personalisierter Werbung). Sie k\u00f6nnen alle Cookies akzeptieren, indem Sie auf die Schaltfl\u00e4che \u201eAkzeptieren\u201c klicken, optionale Cookies ablehnen, indem Sie auf die Schaltfl\u00e4che \u201eOptionale Cookies ablehnen\u201c klicken, oder sie konfigurieren, indem Sie auf die Schaltfl\u00e4che \u201eCookies konfigurieren\u201c klicken. Um mehr zu erfahren, klicken Sie auf <strong><a href=\"https:\/\/royalthaimassagelasamericas.com\/es\/cookies-policy\/\">HIER<\/a>.<\/strong><\/p>\n<ul data-start=\"610\" data-end=\"700\">\n<li class=\"\" data-start=\"610\" data-end=\"630\">\n<p class=\"\" data-start=\"612\" data-end=\"630\"><strong data-start=\"612\" data-end=\"630\">Schaltfl\u00e4che: Akzeptieren<\/strong><\/p>\n<\/li>\n<li class=\"\" data-start=\"631\" data-end=\"668\">\n<p class=\"\" data-start=\"633\" data-end=\"668\"><strong data-start=\"633\" data-end=\"668\">Schaltfl\u00e4che: Optionale Cookies ablehnen<\/strong><\/p>\n<\/li>\n<li class=\"\" data-start=\"669\" data-end=\"700\">\n<p class=\"\" data-start=\"671\" data-end=\"700\"><strong data-start=\"671\" data-end=\"700\">Button: Cookies konfigurieren<\/strong><\/p>\n<\/li>\n<\/ul>\n<p class=\"\" data-start=\"707\" data-end=\"792\"><strong data-start=\"707\" data-end=\"792\">B) Text bei Verwendung von Cookies, die von der Informations- und Einwilligungspflicht ausgenommen sind:<\/strong><\/p>\n<p class=\"\" data-start=\"794\" data-end=\"1138\">\u201cDiese Website verwendet ausschlie\u00dflich eigene Cookies zu technischen Zwecken. Sie erhebt oder gibt keine personenbezogenen Daten von Nutzern ohne deren Wissen weiter. Sie kann jedoch Links zu Websites Dritter mit eigenen Datenschutzrichtlinien enthalten, die Sie beim Zugriff akzeptieren oder ablehnen k\u00f6nnen. Weitere Informationen finden Sie hier. <a href=\"https:\/\/royalthaimassagelasamericas.com\/es\/cookies-policy\/\"><strong>HIER.<\/strong><\/a><\/p>\n<ul data-start=\"1140\" data-end=\"1160\">\n<li class=\"\" data-start=\"1140\" data-end=\"1160\">\n<p class=\"\" data-start=\"1142\" data-end=\"1160\"><strong data-start=\"1142\" data-end=\"1160\">Schaltfl\u00e4che: Akzeptieren<\/strong><\/p>\n<\/li>\n<\/ul>\n<p>\u00a0<\/p>\n<p><strong>Zweite Ebene: COOKIE-RICHTLINIE.<\/strong><\/p>\n<p><strong>Es muss sich um ein spezifisches und eigenst\u00e4ndiges Dokument mit den Nutzungsbedingungen, rechtlichen Hinweisen oder Datenschutzbestimmungen handeln.<\/strong><br \/><strong>Ein Link zur Cookie-Richtlinie muss in der Fu\u00dfzeile der Website enthalten sein und von jedem Browserfenster aus sichtbar sein.<\/strong><\/p>\n<p data-start=\"1167\" data-end=\"1200\"><strong data-start=\"1171\" data-end=\"1200\">Cookie-Richtlinie\u00a0<\/strong><\/p>\n<p class=\"\" data-start=\"1202\" data-end=\"1827\">A <strong data-start=\"1204\" data-end=\"1214\">Pl\u00e4tzchen<\/strong> ist eine Datei, die beim Zugriff auf bestimmte Webseiten auf Ihren Computer heruntergeladen wird. Cookies erm\u00f6glichen es einer Website unter anderem, Informationen \u00fcber das Surfverhalten eines Nutzers oder dessen Ger\u00e4t zu speichern und abzurufen. Je nach den enthaltenen Informationen und der Nutzung des Ger\u00e4ts k\u00f6nnen sie zur Wiedererkennung des Nutzers verwendet werden. Der Browser des Nutzers speichert Cookies nur w\u00e4hrend der aktuellen Sitzung auf der Festplatte, belegt minimalen Speicherplatz und schadet dem Computer nicht. Cookies enthalten keine spezifischen personenbezogenen Daten und werden meist nach Beendigung der Browsersitzung gel\u00f6scht (sogenannte Sitzungscookies).<\/p>\n<p class=\"\" data-start=\"1829\" data-end=\"1953\">Die meisten Browser akzeptieren Cookies standardm\u00e4\u00dfig, erlauben oder blockieren jedoch tempor\u00e4re oder gespeicherte Cookies je nach Sicherheitseinstellungen.<\/p>\n<p class=\"\" data-start=\"1955\" data-end=\"2136\">Ohne Ihre ausdr\u00fcckliche Zustimmung durch die Aktivierung von Cookies in Ihrem Browser verkn\u00fcpfen wir die gespeicherten Daten nicht mit Ihren bei der Anfrage oder beim Kauf angegebenen personenbezogenen Daten.<\/p>\n<p data-start=\"2143\" data-end=\"2173\"><strong data-start=\"2147\" data-end=\"2173\">Arten der verwendeten Cookies:<\/strong><\/p>\n<ol data-start=\"2175\" data-end=\"3436\">\n<li class=\"\" data-start=\"2175\" data-end=\"2384\">\n<p class=\"\" data-start=\"2178\" data-end=\"2220\"><strong data-start=\"2178\" data-end=\"2220\">Laut der sie verwaltenden Stelle:<\/strong><\/p>\n<ul data-start=\"2224\" data-end=\"2384\">\n<li class=\"\" data-start=\"2224\" data-end=\"2289\">\n<p class=\"\" data-start=\"2226\" data-end=\"2289\"><strong data-start=\"2226\" data-end=\"2242\">Eigene Cookies:<\/strong> Diese werden von unseren eigenen Systemen oder Dom\u00e4nen gesendet.<\/p>\n<\/li>\n<li class=\"\" data-start=\"2293\" data-end=\"2384\">\n<p class=\"\" data-start=\"2295\" data-end=\"2384\"><strong data-start=\"2295\" data-end=\"2319\">Cookies von Drittanbietern:<\/strong> Diese werden von einem System oder einer Dom\u00e4ne gesendet, die von einem Dritten verwaltet wird.<\/p>\n<\/li>\n<\/ul>\n<\/li>\n<li class=\"\" data-start=\"2386\" data-end=\"2680\">\n<p class=\"\" data-start=\"2389\" data-end=\"2449\"><strong data-start=\"2389\" data-end=\"2449\">Je nach Dauer der Aktivierung:<\/strong><\/p>\n<ul data-start=\"2453\" data-end=\"2680\">\n<li class=\"\" data-start=\"2453\" data-end=\"2546\">\n<p class=\"\" data-start=\"2455\" data-end=\"2546\"><strong data-start=\"2455\" data-end=\"2475\">Sitzungscookies:<\/strong> Dies sind tempor\u00e4re Cookies, die verschwinden, wenn Sie den Browser schlie\u00dfen.<\/p>\n<\/li>\n<li class=\"\" data-start=\"2550\" data-end=\"2680\">\n<p class=\"\" data-start=\"2552\" data-end=\"2680\"><strong data-start=\"2552\" data-end=\"2575\">Dauerhafte Cookies:<\/strong> Diese werden auf der Festplatte gespeichert und bei jedem neuen Besuch gelesen, mit einer vorab festgelegten Ablauffrist.<\/p>\n<\/li>\n<\/ul>\n<\/li>\n<li class=\"\" data-start=\"2682\" data-end=\"3436\">\n<p class=\"\" data-start=\"2685\" data-end=\"2716\"><strong data-start=\"2685\" data-end=\"2716\">Nach ihrem Zweck:<\/strong><\/p>\n<ul data-start=\"2720\" data-end=\"3436\">\n<li class=\"\" data-start=\"2720\" data-end=\"2925\">\n<p class=\"\" data-start=\"2722\" data-end=\"2925\"><strong data-start=\"2722\" data-end=\"2744\">Technische Cookies:<\/strong> Diese erm\u00f6glichen dem Benutzer ein zufriedenstellendes Surferlebnis, da sie das ordnungsgem\u00e4\u00dfe Funktionieren der Website erm\u00f6glichen (z. B. Kontrolle des Datenverkehrs, Zugriff auf eingeschr\u00e4nkte Bereiche usw.).<\/p>\n<\/li>\n<li class=\"\" data-start=\"2929\" data-end=\"3053\">\n<p class=\"\" data-start=\"2931\" data-end=\"3053\"><strong data-start=\"2931\" data-end=\"2959\">Personalisierungs-Cookies:<\/strong> Diese erm\u00f6glichen dem Benutzer den Zugriff auf den Dienst mit vordefinierten Merkmalen, beispielsweise der Sprache.<\/p>\n<\/li>\n<li class=\"\" data-start=\"3057\" data-end=\"3151\">\n<p class=\"\" data-start=\"3059\" data-end=\"3151\"><strong data-start=\"3059\" data-end=\"3081\">Analytics-Cookies:<\/strong> Diese sammeln Informationen \u00fcber die Benutzeraktivit\u00e4t, um den Dienst zu verbessern.<\/p>\n<\/li>\n<li class=\"\" data-start=\"3155\" data-end=\"3214\">\n<p class=\"\" data-start=\"3157\" data-end=\"3214\"><strong data-start=\"3157\" data-end=\"3181\">Werbe-Cookies:<\/strong> Diese verwalten Werbefl\u00e4chen.<\/p>\n<\/li>\n<li class=\"\" data-start=\"3218\" data-end=\"3436\">\n<p class=\"\" data-start=\"3220\" data-end=\"3436\"><strong data-start=\"3220\" data-end=\"3255\">Cookies f\u00fcr verhaltensbasierte Werbung:<\/strong> Diese speichern Informationen \u00fcber das Benutzerverhalten, die durch kontinuierliche Beobachtung der Surfgewohnheiten gewonnen werden, und erm\u00f6glichen die Erstellung eines spezifischen Profils, um darauf basierende Werbung anzuzeigen.<\/p>\n<\/li>\n<\/ul>\n<\/li>\n<\/ol>\n<p>\u00a0<\/p>\n<p><strong>Nachfolgend erl\u00e4utern wir die auf unserer Website verwendeten Cookies und ihren Zweck:<\/strong><\/p>\n<p><strong>EIGENE COOKIES:<\/strong><\/p>\n<p>Name<br \/>Typ<br \/>Zweck<br \/>*Ausgeschlossen \/ Nicht ausgeschlossen (von der Informations- und Einwilligungspflicht).<br \/><br \/>*Von der Informations- und Einwilligungspflicht ausgenommen sind Cookies, die f\u00fcr die Bereitstellung eines vom Benutzer ausdr\u00fccklich angeforderten Dienstes unbedingt erforderlich sind oder die nur erforderlich sind, um die Kommunikation zwischen dem Computer des Benutzers und dem Netzwerk zu erm\u00f6glichen, wie z. B. Sitzungscookies, technische Cookies und Personalisierungscookies.<br \/>\u2003<\/p>\n<p><strong>COOKIES VON DRITTANBIETERN:<\/strong><\/p>\n<p>Name des Anbieters<br \/>Zweck des Cookies<br \/>Beschreibung des Zwecks des Cookies<br \/>Weitere Informationen zur Verwendung von Cookies dieses Drittanbieters finden Sie (Link).<\/p>\n<p>Diese Listen werden so schnell wie m\u00f6glich aktualisiert, wenn sich die im Web angebotenen Dienste \u00e4ndern. Es kann jedoch vorkommen, dass die Liste w\u00e4hrend der Aktualisierung keine Cookies mehr enth\u00e4lt, obwohl es sich immer um Cookies mit identischen Zwecken wie die in der Liste registrierten handelt.<\/p>\n<div class=\"tableContainer horzScrollShadows relative\">\u00a0<\/div>\n<p data-start=\"3965\" data-end=\"4028\"><strong data-start=\"3969\" data-end=\"4028\">Cookie-Akzeptanz und So deaktivieren oder l\u00f6schen Sie Cookies:<\/strong><\/p>\n<p class=\"\" data-start=\"4030\" data-end=\"4344\">Durch die Nutzung dieser Website erkl\u00e4rt sich der Nutzer ausdr\u00fccklich mit der Verarbeitung der erhobenen Daten in der oben beschriebenen Art und Weise und zu den oben beschriebenen Zwecken einverstanden. Er erkennt auch die M\u00f6glichkeit an, die Verarbeitung dieser Daten abzulehnen, indem er die Verwendung von Cookies durch die entsprechende Konfiguration seines Browsers ablehnt.<\/p>\n<p class=\"\" data-start=\"4346\" data-end=\"4474\"><strong data-start=\"4346\" data-end=\"4383\">Wie kann ich Cookies deaktivieren oder l\u00f6schen?<\/strong> Sie k\u00f6nnen Cookies \u00fcber die Einstellungen Ihres verwendeten Browsers zulassen, blockieren oder l\u00f6schen:<\/p>\n<ul data-start=\"4476\" data-end=\"4974\">\n<li class=\"\" data-start=\"4476\" data-end=\"4610\">\n<p class=\"\" data-start=\"4478\" data-end=\"4610\"><strong data-start=\"4478\" data-end=\"4500\">Internet Explorer:<\/strong> <a class=\"\" href=\"https:\/\/windows.microsoft.com\/es-xl\/internet-explorer\/delete-manage-cookies#ie=ie-10\" target=\"_new\" rel=\"noopener\" data-start=\"4501\" data-end=\"4610\">Anleitung zum L\u00f6schen von Cookies<\/a><\/p>\n<\/li>\n<li class=\"\" data-start=\"4611\" data-end=\"4701\">\n<p class=\"\" data-start=\"4613\" data-end=\"4701\"><strong data-start=\"4613\" data-end=\"4625\">Feuerfuchs:<\/strong> <a class=\"\" href=\"https:\/\/support.mozilla.org\/es\/kb\/Borrar%20cookies\" target=\"_new\" rel=\"noopener\" data-start=\"4626\" data-end=\"4701\">Anleitung zum L\u00f6schen von Cookies<\/a><\/p>\n<\/li>\n<li class=\"\" data-start=\"4702\" data-end=\"4793\">\n<p class=\"\" data-start=\"4704\" data-end=\"4793\"><strong data-start=\"4704\" data-end=\"4715\">Chrom:<\/strong> <a class=\"\" href=\"https:\/\/support.google.com\/chrome\/answer\/95647?hl=es\" target=\"_new\" rel=\"noopener\" data-start=\"4716\" data-end=\"4793\">Anleitung zum L\u00f6schen von Cookies<\/a><\/p>\n<\/li>\n<li class=\"\" data-start=\"4794\" data-end=\"4881\">\n<p class=\"\" data-start=\"4796\" data-end=\"4881\"><strong data-start=\"4796\" data-end=\"4807\">Safari:<\/strong> <a class=\"\" href=\"https:\/\/www.apple.com\/es\/privacy\/use-of-cookies\/\" target=\"_new\" rel=\"noopener\" data-start=\"4808\" data-end=\"4881\">Anleitung zum L\u00f6schen von Cookies<\/a><\/p>\n<\/li>\n<li class=\"\" data-start=\"4882\" data-end=\"4974\">\n<p class=\"\" data-start=\"4884\" data-end=\"4974\"><strong data-start=\"4884\" data-end=\"4894\">Oper:<\/strong> <a class=\"\" href=\"http:\/\/help.opera.com\/Windows\/12.00\/es-ES\/cookies.html\" target=\"_new\" rel=\"noopener\" data-start=\"4895\" data-end=\"4974\">Anleitung zum L\u00f6schen von Cookies<\/a><\/p>\n<\/li>\n<\/ul>\n<p class=\"\" data-start=\"4981\" data-end=\"5127\">Wenn Sie Fragen zu dieser Cookie-Richtlinie haben, k\u00f6nnen Sie uns kontaktieren, indem Sie eine E-Mail an die in der <strong data-start=\"5108\" data-end=\"5126\">Datenschutzrichtlinie<\/strong>.<\/p>\n<p class=\"\" data-start=\"5134\" data-end=\"5275\">Dieser Text entspricht den gesetzlichen Bestimmungen zu Cookies und bietet dem Benutzer die M\u00f6glichkeit, Cookies zu akzeptieren, abzulehnen oder zu konfigurieren.<\/p>\n<\/div>\n<\/div>\n<\/div>\n<\/div>\n<\/div>\n<\/div>\n<\/div>\n<\/div>\n<\/article>\n\t\t\t\t\t\t\t\t<\/div>\n\t\t\t\t<\/div>\n\t\t\t\t<\/div>","protected":false},"excerpt":{"rendered":"<p>First layer: WARNING USE OF COOKIES. \u201cACCEPT COOKIES\u201d, \u2018REJECT OPTIONAL COOKIES\u2019 and \u2018CONFIGURE COOKIES\u2019. This layer must be provided to the user in the first access to the provider&#8217;s site, either through the header bar, footer or pop-up window of the home page. A) Text first layer if using cookies that require consent: &#8220;We use [&hellip;]<\/p>","protected":false},"author":2,"featured_media":0,"parent":0,"menu_order":0,"comment_status":"closed","ping_status":"closed","template":"","meta":{"footnotes":""},"class_list":["post-55","page","type-page","status-publish","hentry"],"yoast_head":"<!-- This site is optimized with the Yoast SEO plugin v26.4 - https:\/\/yoast.com\/wordpress\/plugins\/seo\/ -->\n<title>Cookies Policy - Royal Thai Massages<\/title>\n<meta name=\"robots\" content=\"index, follow, max-snippet:-1, max-image-preview:large, max-video-preview:-1\" \/>\n<link rel=\"canonical\" href=\"https:\/\/royalthaimassagelasamericas.com\/de\/cookies-policy\/\" \/>\n<meta property=\"og:locale\" content=\"de_DE\" \/>\n<meta property=\"og:type\" content=\"article\" \/>\n<meta property=\"og:title\" content=\"Cookies Policy - Royal Thai Massages\" \/>\n<meta property=\"og:description\" content=\"First layer: WARNING USE OF COOKIES. \u201cACCEPT COOKIES\u201d, \u2018REJECT OPTIONAL COOKIES\u2019 and \u2018CONFIGURE COOKIES\u2019. This layer must be provided to the user in the first access to the provider&#8217;s site, either through the header bar, footer or pop-up window of the home page. A) Text first layer if using cookies that require consent: &#8220;We use [&hellip;]\" \/>\n<meta property=\"og:url\" content=\"https:\/\/royalthaimassagelasamericas.com\/de\/cookies-policy\/\" \/>\n<meta property=\"og:site_name\" content=\"Royal Thai Massages\" \/>\n<meta property=\"article:modified_time\" content=\"2025-11-21T17:08:56+00:00\" \/>\n<meta name=\"twitter:card\" content=\"summary_large_image\" \/>\n<meta name=\"twitter:label1\" content=\"Gesch\u00e4tzte Lesezeit\" \/>\n\t<meta name=\"twitter:data1\" content=\"5\u00a0Minuten\" \/>\n<script type=\"application\/ld+json\" class=\"yoast-schema-graph\">{\"@context\":\"https:\/\/schema.org\",\"@graph\":[{\"@type\":\"WebPage\",\"@id\":\"https:\/\/royalthaimassagelasamericas.com\/cookies-policy\/\",\"url\":\"https:\/\/royalthaimassagelasamericas.com\/cookies-policy\/\",\"name\":\"Cookies Policy - Royal Thai Massages\",\"isPartOf\":{\"@id\":\"https:\/\/royalthaimassagelasamericas.com\/es\/#website\"},\"datePublished\":\"2025-03-20T17:28:55+00:00\",\"dateModified\":\"2025-11-21T17:08:56+00:00\",\"breadcrumb\":{\"@id\":\"https:\/\/royalthaimassagelasamericas.com\/cookies-policy\/#breadcrumb\"},\"inLanguage\":\"de\",\"potentialAction\":[{\"@type\":\"ReadAction\",\"target\":[\"https:\/\/royalthaimassagelasamericas.com\/cookies-policy\/\"]}]},{\"@type\":\"BreadcrumbList\",\"@id\":\"https:\/\/royalthaimassagelasamericas.com\/cookies-policy\/#breadcrumb\",\"itemListElement\":[{\"@type\":\"ListItem\",\"position\":1,\"name\":\"Portada\",\"item\":\"https:\/\/royalthaimassagelasamericas.com\/\"},{\"@type\":\"ListItem\",\"position\":2,\"name\":\"Cookies Policy\"}]},{\"@type\":\"WebSite\",\"@id\":\"https:\/\/royalthaimassagelasamericas.com\/es\/#website\",\"url\":\"https:\/\/royalthaimassagelasamericas.com\/es\/\",\"name\":\"Royal Thai Massages\",\"description\":\"Masajes tailandeses aut\u00e9nticos en Tenerife Sur\",\"potentialAction\":[{\"@type\":\"SearchAction\",\"target\":{\"@type\":\"EntryPoint\",\"urlTemplate\":\"https:\/\/royalthaimassagelasamericas.com\/es\/?s={search_term_string}\"},\"query-input\":{\"@type\":\"PropertyValueSpecification\",\"valueRequired\":true,\"valueName\":\"search_term_string\"}}],\"inLanguage\":\"de\"}]}<\/script>\n<!-- \/ Yoast SEO plugin. -->","yoast_head_json":{"title":"Cookies Policy - Royal Thai Massages","robots":{"index":"index","follow":"follow","max-snippet":"max-snippet:-1","max-image-preview":"max-image-preview:large","max-video-preview":"max-video-preview:-1"},"canonical":"https:\/\/royalthaimassagelasamericas.com\/de\/cookies-policy\/","og_locale":"de_DE","og_type":"article","og_title":"Cookies Policy - Royal Thai Massages","og_description":"First layer: WARNING USE OF COOKIES. \u201cACCEPT COOKIES\u201d, \u2018REJECT OPTIONAL COOKIES\u2019 and \u2018CONFIGURE COOKIES\u2019. This layer must be provided to the user in the first access to the provider&#8217;s site, either through the header bar, footer or pop-up window of the home page. A) Text first layer if using cookies that require consent: &#8220;We use [&hellip;]","og_url":"https:\/\/royalthaimassagelasamericas.com\/de\/cookies-policy\/","og_site_name":"Royal Thai Massages","article_modified_time":"2025-11-21T17:08:56+00:00","twitter_card":"summary_large_image","twitter_misc":{"Gesch\u00e4tzte Lesezeit":"5\u00a0Minuten"},"schema":{"@context":"https:\/\/schema.org","@graph":[{"@type":"WebPage","@id":"https:\/\/royalthaimassagelasamericas.com\/cookies-policy\/","url":"https:\/\/royalthaimassagelasamericas.com\/cookies-policy\/","name":"Cookies Policy - Royal Thai Massages","isPartOf":{"@id":"https:\/\/royalthaimassagelasamericas.com\/es\/#website"},"datePublished":"2025-03-20T17:28:55+00:00","dateModified":"2025-11-21T17:08:56+00:00","breadcrumb":{"@id":"https:\/\/royalthaimassagelasamericas.com\/cookies-policy\/#breadcrumb"},"inLanguage":"de","potentialAction":[{"@type":"ReadAction","target":["https:\/\/royalthaimassagelasamericas.com\/cookies-policy\/"]}]},{"@type":"BreadcrumbList","@id":"https:\/\/royalthaimassagelasamericas.com\/cookies-policy\/#breadcrumb","itemListElement":[{"@type":"ListItem","position":1,"name":"Portada","item":"https:\/\/royalthaimassagelasamericas.com\/"},{"@type":"ListItem","position":2,"name":"Cookies Policy"}]},{"@type":"WebSite","@id":"https:\/\/royalthaimassagelasamericas.com\/es\/#website","url":"https:\/\/royalthaimassagelasamericas.com\/es\/","name":"K\u00f6nigliche Thai-Massagen","description":"Nat\u00fcrliche Massagen auf Teneriffa S\u00fcd","potentialAction":[{"@type":"SearchAction","target":{"@type":"EntryPoint","urlTemplate":"https:\/\/royalthaimassagelasamericas.com\/es\/?s={search_term_string}"},"query-input":{"@type":"PropertyValueSpecification","valueRequired":true,"valueName":"search_term_string"}}],"inLanguage":"de"}]}},"_links":{"self":[{"href":"https:\/\/royalthaimassagelasamericas.com\/de\/wp-json\/wp\/v2\/pages\/55","targetHints":{"allow":["GET"]}}],"collection":[{"href":"https:\/\/royalthaimassagelasamericas.com\/de\/wp-json\/wp\/v2\/pages"}],"about":[{"href":"https:\/\/royalthaimassagelasamericas.com\/de\/wp-json\/wp\/v2\/types\/page"}],"author":[{"embeddable":true,"href":"https:\/\/royalthaimassagelasamericas.com\/de\/wp-json\/wp\/v2\/users\/2"}],"replies":[{"embeddable":true,"href":"https:\/\/royalthaimassagelasamericas.com\/de\/wp-json\/wp\/v2\/comments?post=55"}],"version-history":[{"count":75,"href":"https:\/\/royalthaimassagelasamericas.com\/de\/wp-json\/wp\/v2\/pages\/55\/revisions"}],"predecessor-version":[{"id":2908,"href":"https:\/\/royalthaimassagelasamericas.com\/de\/wp-json\/wp\/v2\/pages\/55\/revisions\/2908"}],"wp:attachment":[{"href":"https:\/\/royalthaimassagelasamericas.com\/de\/wp-json\/wp\/v2\/media?parent=55"}],"curies":[{"name":"wp","href":"https:\/\/api.w.org\/{rel}","templated":true}]}}