{"id":46,"date":"2025-03-20T17:25:40","date_gmt":"2025-03-20T17:25:40","guid":{"rendered":"https:\/\/royalthaimassagelasamericas.com\/?page_id=46"},"modified":"2025-11-21T16:26:53","modified_gmt":"2025-11-21T16:26:53","slug":"book-appointment","status":"publish","type":"page","link":"https:\/\/royalthaimassagelasamericas.com\/es\/book-appointment\/","title":{"rendered":"Reservar cita"},"content":{"rendered":"<style>.elementor-46 .elementor-element.elementor-element-f353e59{--display:flex;--min-height:60vh;--flex-direction:row;--container-widget-width:calc( ( 1 - var( --container-widget-flex-grow ) ) * 100% );--container-widget-height:100%;--container-widget-flex-grow:1;--container-widget-align-self:stretch;--flex-wrap-mobile:wrap;--align-items:center;--gap:0px 0px;--row-gap:0px;--column-gap:0px;--overlay-opacity:0.7;--margin-top:0px;--margin-bottom:0px;--margin-left:0px;--margin-right:0px;--padding-top:6em;--padding-bottom:6em;--padding-left:1em;--padding-right:1em;}.elementor-46 .elementor-element.elementor-element-f353e59:not(.elementor-motion-effects-element-type-background), .elementor-46 .elementor-element.elementor-element-f353e59 > .elementor-motion-effects-container > .elementor-motion-effects-layer{background-color:#DFBE6500;background-image:url(\"https:\/\/royalthaimassagelasamericas.com\/wp-content\/uploads\/2025\/03\/velas-masaje.webp\");background-position:center center;background-repeat:no-repeat;background-size:cover;}.elementor-46 .elementor-element.elementor-element-f353e59::before, .elementor-46 .elementor-element.elementor-element-f353e59 > .elementor-background-video-container::before, .elementor-46 .elementor-element.elementor-element-f353e59 > .e-con-inner > .elementor-background-video-container::before, .elementor-46 .elementor-element.elementor-element-f353e59 > .elementor-background-slideshow::before, .elementor-46 .elementor-element.elementor-element-f353e59 > .e-con-inner > .elementor-background-slideshow::before, .elementor-46 .elementor-element.elementor-element-f353e59 > .elementor-motion-effects-container > .elementor-motion-effects-layer::before{background-color:var( --e-global-color-d5316d2 );--background-overlay:'';}.elementor-46 .elementor-element.elementor-element-559829f{--display:flex;--align-items:center;--container-widget-width:calc( ( 1 - var( --container-widget-flex-grow ) ) * 100% );}.elementor-46 .elementor-element.elementor-element-ee4e970.elementor-element{--flex-grow:0;--flex-shrink:0;}.elementor-46 .elementor-element.elementor-element-ee4e970{text-align:center;}.elementor-46 .elementor-element.elementor-element-ee4e970 .elementor-heading-title{font-size:55px;color:var( --e-global-color-accent );}.elementor-46 .elementor-element.elementor-element-d2ff433{--display:flex;--flex-direction:row;--container-widget-width:initial;--container-widget-height:100%;--container-widget-flex-grow:1;--container-widget-align-self:stretch;--flex-wrap-mobile:wrap;--gap:0px 40px;--row-gap:0px;--column-gap:40px;--padding-top:6em;--padding-bottom:6em;--padding-left:1em;--padding-right:1em;}.elementor-46 .elementor-element.elementor-element-663865a{--display:flex;--flex-direction:column;--container-widget-width:100%;--container-widget-height:initial;--container-widget-flex-grow:0;--container-widget-align-self:initial;--flex-wrap-mobile:wrap;--padding-top:0px;--padding-bottom:0px;--padding-left:0px;--padding-right:0px;}.elementor-46 .elementor-element.elementor-element-b5542c5{padding:0px 0px 0px 0px;}.elementor-46 .elementor-element.elementor-element-b5542c5 img{height:500px;object-fit:cover;object-position:center center;border-radius:5px 5px 70px 5px;}.elementor-46 .elementor-element.elementor-element-c77f7cb{--display:flex;--flex-direction:column;--container-widget-width:100%;--container-widget-height:initial;--container-widget-flex-grow:0;--container-widget-align-self:initial;--flex-wrap-mobile:wrap;--justify-content:center;}.elementor-46 .elementor-element.elementor-element-a8a3ae1{padding:0px 30px 0px 0px;}.elementor-46 .elementor-element.elementor-element-a8a3ae1.elementor-element{--flex-grow:0;--flex-shrink:0;}.elementor-46 .elementor-element.elementor-element-a8a3ae1 .elementor-heading-title{font-size:35px;font-weight:600;text-transform:capitalize;text-decoration:none;line-height:42px;color:var( --e-global-color-d5316d2 );}.elementor-46 .elementor-element.elementor-element-e026270 .elementor-button{background-color:var( --e-global-color-d5316d2 );font-size:15px;text-transform:uppercase;fill:var( --e-global-color-accent );color:var( --e-global-color-accent );border-style:none;border-radius:10px 10px 10px 10px;padding:10px 20px 10px 20px;}.elementor-46 .elementor-element.elementor-element-e026270.elementor-element{--order:99999 \/* order end hack *\/;}.elementor-46 .elementor-element.elementor-element-e026270 .elementor-button:hover, .elementor-46 .elementor-element.elementor-element-e026270 .elementor-button:focus{color:var( --e-global-color-accent );}.elementor-46 .elementor-element.elementor-element-e026270 .elementor-button:hover svg, .elementor-46 .elementor-element.elementor-element-e026270 .elementor-button:focus svg{fill:var( --e-global-color-accent );}.elementor-46 .elementor-element.elementor-element-f7aabfe{--display:flex;--padding-top:0px;--padding-bottom:0px;--padding-left:0px;--padding-right:0px;}.elementor-46 .elementor-element.elementor-element-649f45e{border-radius:5px 5px 5px 5px;}.elementor-46 .elementor-element.elementor-element-649f45e iframe{height:500px;}@media(min-width:768px){.elementor-46 .elementor-element.elementor-element-f353e59{--content-width:1290px;}.elementor-46 .elementor-element.elementor-element-663865a{--width:50%;}.elementor-46 .elementor-element.elementor-element-c77f7cb{--width:50%;}}@media(max-width:1024px){.elementor-46 .elementor-element.elementor-element-f353e59{--min-height:350px;--margin-top:0px;--margin-bottom:0px;--margin-left:0px;--margin-right:0px;}.elementor-46 .elementor-element.elementor-element-ee4e970{width:var( --container-widget-width, 74% );max-width:74%;--container-widget-width:74%;--container-widget-flex-grow:0;}.elementor-46 .elementor-element.elementor-element-ee4e970 .elementor-heading-title{font-size:40px;}.elementor-46 .elementor-element.elementor-element-a8a3ae1{width:var( --container-widget-width, 399.016px );max-width:399.016px;margin:0px 0px calc(var(--kit-widget-spacing, 0px) + 0px) 0px;padding:0px 0px 0px 0px;--container-widget-width:399.016px;--container-widget-flex-grow:0;}.elementor-46 .elementor-element.elementor-element-a8a3ae1 .elementor-heading-title{font-size:25px;line-height:32px;}}@media(max-width:767px){.elementor-46 .elementor-element.elementor-element-f353e59{--min-height:250px;--margin-top:0px;--margin-bottom:0px;--margin-left:0px;--margin-right:0px;--padding-top:6em;--padding-bottom:6em;--padding-left:1em;--padding-right:1em;}.elementor-46 .elementor-element.elementor-element-ee4e970{--container-widget-width:100%;--container-widget-flex-grow:0;width:var( --container-widget-width, 100% );max-width:100%;}.elementor-46 .elementor-element.elementor-element-ee4e970 .elementor-heading-title{font-size:30px;}.elementor-46 .elementor-element.elementor-element-d2ff433{--gap:40px 40px;--row-gap:40px;--column-gap:40px;}.elementor-46 .elementor-element.elementor-element-b5542c5 img{height:300px;}.elementor-46 .elementor-element.elementor-element-c77f7cb{--gap:20px 20px;--row-gap:20px;--column-gap:20px;}.elementor-46 .elementor-element.elementor-element-c77f7cb.e-con{--order:-99999 \/* order start hack *\/;}.elementor-46 .elementor-element.elementor-element-a8a3ae1{margin:0px 0px calc(var(--kit-widget-spacing, 0px) + 0px) 0px;padding:0px 0px 0px 0px;text-align:center;}.elementor-46 .elementor-element.elementor-element-a8a3ae1.elementor-element{--align-self:center;}.elementor-46 .elementor-element.elementor-element-a8a3ae1 .elementor-heading-title{font-size:25px;line-height:27px;}}<\/style>\t\t<div data-elementor-type=\"wp-page\" data-elementor-id=\"46\" class=\"elementor elementor-46\" data-elementor-post-type=\"page\">\n\t\t\t\t<div class=\"elementor-element elementor-element-f353e59 e-flex e-con-boxed e-con e-parent\" data-id=\"f353e59\" data-element_type=\"container\" data-settings=\"{&quot;background_background&quot;:&quot;classic&quot;}\">\n\t\t\t\t\t<div class=\"e-con-inner\">\n\t\t<div class=\"elementor-element elementor-element-559829f e-con-full e-flex e-con e-child\" data-id=\"559829f\" data-element_type=\"container\">\n\t\t\t\t<div class=\"elementor-element elementor-element-ee4e970 elementor-widget-tablet__width-initial elementor-widget elementor-widget-heading\" data-id=\"ee4e970\" data-element_type=\"widget\" data-widget_type=\"heading.default\">\n\t\t\t\t\t<h1 class=\"elementor-heading-title elementor-size-default\">Reservar cita<\/h1>\t\t\t\t<\/div>\n\t\t\t\t<\/div>\n\t\t\t\t\t<\/div>\n\t\t\t\t<\/div>\n\t\t<div class=\"elementor-element elementor-element-d2ff433 e-flex e-con-boxed e-con e-parent\" data-id=\"d2ff433\" data-element_type=\"container\">\n\t\t\t\t\t<div class=\"e-con-inner\">\n\t\t<div class=\"elementor-element elementor-element-663865a e-con-full e-flex e-con e-child\" data-id=\"663865a\" data-element_type=\"container\">\n\t\t\t\t<div class=\"elementor-element elementor-element-b5542c5 elementor-widget elementor-widget-image\" data-id=\"b5542c5\" data-element_type=\"widget\" data-widget_type=\"image.default\">\n\t\t\t\t\t\t\t\t\t\t\t\t\t\t\t<img fetchpriority=\"high\" decoding=\"async\" width=\"600\" height=\"600\" src=\"https:\/\/royalthaimassagelasamericas.com\/wp-content\/uploads\/2025\/03\/56.webp\" class=\"attachment-full size-full wp-image-582\" alt=\"\" srcset=\"https:\/\/royalthaimassagelasamericas.com\/wp-content\/uploads\/2025\/03\/56.webp 600w, https:\/\/royalthaimassagelasamericas.com\/wp-content\/uploads\/2025\/03\/56-300x300.webp 300w, https:\/\/royalthaimassagelasamericas.com\/wp-content\/uploads\/2025\/03\/56-150x150.webp 150w\" sizes=\"(max-width: 600px) 100vw, 600px\" \/>\t\t\t\t\t\t\t\t\t\t\t\t\t\t\t<\/div>\n\t\t\t\t<\/div>\n\t\t<div class=\"elementor-element elementor-element-c77f7cb e-con-full e-flex e-con e-child\" data-id=\"c77f7cb\" data-element_type=\"container\">\n\t\t\t\t<div class=\"elementor-element elementor-element-a8a3ae1 elementor-widget-tablet__width-initial elementor-widget elementor-widget-heading\" data-id=\"a8a3ae1\" data-element_type=\"widget\" data-widget_type=\"heading.default\">\n\t\t\t\t\t<h2 class=\"elementor-heading-title elementor-size-default\">Reserva una cita con Royal Thai Massage\n<\/h2>\t\t\t\t<\/div>\n\t\t\t\t<div class=\"elementor-element elementor-element-a92ffe9 elementor-widget elementor-widget-text-editor\" data-id=\"a92ffe9\" data-element_type=\"widget\" data-widget_type=\"text-editor.default\">\n\t\t\t\t\t\t\t\t\t<p>En Royal Thai Massage, ofrecemos una experiencia \u00fanica centrada en tu bienestar y equilibrio interior. Nos especializamos en masajes tradicionales tailandeses dise\u00f1ados para liberar tensiones, recuperar energ\u00eda y armonizar cuerpo y mente. Nuestro horario flexible nos permite adaptarnos a tus necesidades. Reserva tu cita f\u00e1cilmente por WhatsApp y d\u00e9janos cuidarte. Env\u00edanos un mensaje ahora y descubre el verdadero arte del masaje tailand\u00e9s.<\/p>\t\t\t\t\t\t\t\t<\/div>\n\t\t\t\t<div class=\"elementor-element elementor-element-e026270 elementor-widget elementor-widget-button\" data-id=\"e026270\" data-element_type=\"widget\" data-widget_type=\"button.default\">\n\t\t\t\t\t\t\t\t\t\t<a class=\"elementor-button elementor-button-link elementor-size-sm elementor-animation-shrink\" href=\"tel:\/\/34689514571\" target=\"_blank\">\n\t\t\t\t\t\t<span class=\"elementor-button-content-wrapper\">\n\t\t\t\t\t\t\t\t\t<span class=\"elementor-button-text\">Reservar ahora<\/span>\n\t\t\t\t\t<\/span>\n\t\t\t\t\t<\/a>\n\t\t\t\t\t\t\t\t<\/div>\n\t\t\t\t<\/div>\n\t\t\t\t\t<\/div>\n\t\t\t\t<\/div>\n\t\t<div class=\"elementor-element elementor-element-f7aabfe e-con-full e-flex e-con e-parent\" data-id=\"f7aabfe\" data-element_type=\"container\">\n\t\t\t\t<div class=\"elementor-element elementor-element-649f45e elementor-widget elementor-widget-google_maps\" data-id=\"649f45e\" data-element_type=\"widget\" data-widget_type=\"google_maps.default\">\n\t\t\t\t\t\t\t<div class=\"elementor-custom-embed\">\n\t\t\t<iframe loading=\"lazy\"\n\t\t\t\t\tsrc=\"https:\/\/maps.google.com\/maps?q=C.%20el%20Cabo%2C%2010%2C%2038618%20Los%20Abrigos%2C%20Santa%20Cruz%20de%20Tenerife%2C%20Espa%C3%B1a&#038;t=m&#038;z=16&#038;output=embed&#038;iwloc=near\"\n\t\t\t\t\ttitle=\"C. el Cabo, 10, 38618 Los Abrigos, Santa Cruz de Tenerife, Espa\u00f1a\"\n\t\t\t\t\taria-label=\"C. el Cabo, 10, 38618 Los Abrigos, Santa Cruz de Tenerife, Espa\u00f1a\"\n\t\t\t><\/iframe>\n\t\t<\/div>\n\t\t\t\t\t\t<\/div>\n\t\t\t\t<\/div>\n\t\t\t\t<\/div>","protected":false},"excerpt":{"rendered":"<p>Reserva una cita con Royal Thai Massage. En Royal Thai Massage, ofrecemos una experiencia \u00fanica centrada en tu bienestar y equilibrio interior. Nos especializamos en masajes tradicionales tailandeses dise\u00f1ados para liberar tensiones, recuperar energ\u00eda y armonizar tu cuerpo y mente. Nuestro horario flexible nos permite adaptarnos a tus necesidades. Reserva tu [\u2026]<\/p>","protected":false},"author":2,"featured_media":0,"parent":0,"menu_order":0,"comment_status":"closed","ping_status":"closed","template":"","meta":{"footnotes":""},"class_list":["post-46","page","type-page","status-publish","hentry"],"yoast_head":"<!-- This site is optimized with the Yoast SEO plugin v26.4 - https:\/\/yoast.com\/wordpress\/plugins\/seo\/ -->\n<title>Book Appointment - Royal Thai Massages<\/title>\n<meta name=\"robots\" content=\"index, follow, max-snippet:-1, max-image-preview:large, max-video-preview:-1\" \/>\n<link rel=\"canonical\" href=\"https:\/\/royalthaimassagelasamericas.com\/es\/book-appointment\/\" \/>\n<meta property=\"og:locale\" content=\"es_ES\" \/>\n<meta property=\"og:type\" content=\"article\" \/>\n<meta property=\"og:title\" content=\"Book Appointment - Royal Thai Massages\" \/>\n<meta property=\"og:description\" content=\"Book an appointment with Royal Thai Massage At Royal Thai Massage, we offer a unique experience focused on your well-being and inner balance. We specialize in traditional Thai massages designed to release tension, restore energy, and bring harmony to your body and mind. Our flexible schedule allows us to adapt to your needs. Book your [&hellip;]\" \/>\n<meta property=\"og:url\" content=\"https:\/\/royalthaimassagelasamericas.com\/es\/book-appointment\/\" \/>\n<meta property=\"og:site_name\" content=\"Royal Thai Massages\" \/>\n<meta property=\"article:modified_time\" content=\"2025-11-21T16:26:53+00:00\" \/>\n<meta property=\"og:image\" content=\"https:\/\/royalthaimassagelasamericas.com\/wp-content\/uploads\/2025\/03\/56.webp\" \/>\n\t<meta property=\"og:image:width\" content=\"600\" \/>\n\t<meta property=\"og:image:height\" content=\"600\" \/>\n\t<meta property=\"og:image:type\" content=\"image\/webp\" \/>\n<meta name=\"twitter:card\" content=\"summary_large_image\" \/>\n<meta name=\"twitter:label1\" content=\"Tiempo de lectura\" \/>\n\t<meta name=\"twitter:data1\" content=\"1 minuto\" \/>\n<script type=\"application\/ld+json\" class=\"yoast-schema-graph\">{\"@context\":\"https:\/\/schema.org\",\"@graph\":[{\"@type\":\"WebPage\",\"@id\":\"https:\/\/royalthaimassagelasamericas.com\/book-appointment\/\",\"url\":\"https:\/\/royalthaimassagelasamericas.com\/book-appointment\/\",\"name\":\"Book Appointment - Royal Thai Massages\",\"isPartOf\":{\"@id\":\"https:\/\/royalthaimassagelasamericas.com\/es\/#website\"},\"primaryImageOfPage\":{\"@id\":\"https:\/\/royalthaimassagelasamericas.com\/book-appointment\/#primaryimage\"},\"image\":{\"@id\":\"https:\/\/royalthaimassagelasamericas.com\/book-appointment\/#primaryimage\"},\"thumbnailUrl\":\"https:\/\/royalthaimassagelasamericas.com\/wp-content\/uploads\/2025\/03\/56.webp\",\"datePublished\":\"2025-03-20T17:25:40+00:00\",\"dateModified\":\"2025-11-21T16:26:53+00:00\",\"breadcrumb\":{\"@id\":\"https:\/\/royalthaimassagelasamericas.com\/book-appointment\/#breadcrumb\"},\"inLanguage\":\"es\",\"potentialAction\":[{\"@type\":\"ReadAction\",\"target\":[\"https:\/\/royalthaimassagelasamericas.com\/book-appointment\/\"]}]},{\"@type\":\"ImageObject\",\"inLanguage\":\"es\",\"@id\":\"https:\/\/royalthaimassagelasamericas.com\/book-appointment\/#primaryimage\",\"url\":\"https:\/\/royalthaimassagelasamericas.com\/wp-content\/uploads\/2025\/03\/56.webp\",\"contentUrl\":\"https:\/\/royalthaimassagelasamericas.com\/wp-content\/uploads\/2025\/03\/56.webp\"},{\"@type\":\"BreadcrumbList\",\"@id\":\"https:\/\/royalthaimassagelasamericas.com\/book-appointment\/#breadcrumb\",\"itemListElement\":[{\"@type\":\"ListItem\",\"position\":1,\"name\":\"Portada\",\"item\":\"https:\/\/royalthaimassagelasamericas.com\/\"},{\"@type\":\"ListItem\",\"position\":2,\"name\":\"Book Appointment\"}]},{\"@type\":\"WebSite\",\"@id\":\"https:\/\/royalthaimassagelasamericas.com\/es\/#website\",\"url\":\"https:\/\/royalthaimassagelasamericas.com\/es\/\",\"name\":\"Royal Thai Massages\",\"description\":\"Masajes tailandeses aut\u00e9nticos en Tenerife Sur\",\"potentialAction\":[{\"@type\":\"SearchAction\",\"target\":{\"@type\":\"EntryPoint\",\"urlTemplate\":\"https:\/\/royalthaimassagelasamericas.com\/es\/?s={search_term_string}\"},\"query-input\":{\"@type\":\"PropertyValueSpecification\",\"valueRequired\":true,\"valueName\":\"search_term_string\"}}],\"inLanguage\":\"es\"}]}<\/script>\n<!-- \/ Yoast SEO plugin. -->","yoast_head_json":{"title":"Book Appointment - Royal Thai Massages","robots":{"index":"index","follow":"follow","max-snippet":"max-snippet:-1","max-image-preview":"max-image-preview:large","max-video-preview":"max-video-preview:-1"},"canonical":"https:\/\/royalthaimassagelasamericas.com\/es\/book-appointment\/","og_locale":"es_ES","og_type":"article","og_title":"Book Appointment - Royal Thai Massages","og_description":"Book an appointment with Royal Thai Massage At Royal Thai Massage, we offer a unique experience focused on your well-being and inner balance. We specialize in traditional Thai massages designed to release tension, restore energy, and bring harmony to your body and mind. Our flexible schedule allows us to adapt to your needs. Book your [&hellip;]","og_url":"https:\/\/royalthaimassagelasamericas.com\/es\/book-appointment\/","og_site_name":"Royal Thai Massages","article_modified_time":"2025-11-21T16:26:53+00:00","og_image":[{"width":600,"height":600,"url":"https:\/\/royalthaimassagelasamericas.com\/wp-content\/uploads\/2025\/03\/56.webp","type":"image\/webp"}],"twitter_card":"summary_large_image","twitter_misc":{"Tiempo de lectura":"1 minuto"},"schema":{"@context":"https:\/\/schema.org","@graph":[{"@type":"WebPage","@id":"https:\/\/royalthaimassagelasamericas.com\/book-appointment\/","url":"https:\/\/royalthaimassagelasamericas.com\/book-appointment\/","name":"Book Appointment - Royal Thai Massages","isPartOf":{"@id":"https:\/\/royalthaimassagelasamericas.com\/es\/#website"},"primaryImageOfPage":{"@id":"https:\/\/royalthaimassagelasamericas.com\/book-appointment\/#primaryimage"},"image":{"@id":"https:\/\/royalthaimassagelasamericas.com\/book-appointment\/#primaryimage"},"thumbnailUrl":"https:\/\/royalthaimassagelasamericas.com\/wp-content\/uploads\/2025\/03\/56.webp","datePublished":"2025-03-20T17:25:40+00:00","dateModified":"2025-11-21T16:26:53+00:00","breadcrumb":{"@id":"https:\/\/royalthaimassagelasamericas.com\/book-appointment\/#breadcrumb"},"inLanguage":"es","potentialAction":[{"@type":"ReadAction","target":["https:\/\/royalthaimassagelasamericas.com\/book-appointment\/"]}]},{"@type":"ImageObject","inLanguage":"es","@id":"https:\/\/royalthaimassagelasamericas.com\/book-appointment\/#primaryimage","url":"https:\/\/royalthaimassagelasamericas.com\/wp-content\/uploads\/2025\/03\/56.webp","contentUrl":"https:\/\/royalthaimassagelasamericas.com\/wp-content\/uploads\/2025\/03\/56.webp"},{"@type":"BreadcrumbList","@id":"https:\/\/royalthaimassagelasamericas.com\/book-appointment\/#breadcrumb","itemListElement":[{"@type":"ListItem","position":1,"name":"Portada","item":"https:\/\/royalthaimassagelasamericas.com\/"},{"@type":"ListItem","position":2,"name":"Book Appointment"}]},{"@type":"WebSite","@id":"https:\/\/royalthaimassagelasamericas.com\/es\/#website","url":"https:\/\/royalthaimassagelasamericas.com\/es\/","name":"Masajes tailandeses reales","description":"Masajes tailandeses aut\u00e9nticos en Tenerife Sur","potentialAction":[{"@type":"SearchAction","target":{"@type":"EntryPoint","urlTemplate":"https:\/\/royalthaimassagelasamericas.com\/es\/?s={search_term_string}"},"query-input":{"@type":"PropertyValueSpecification","valueRequired":true,"valueName":"search_term_string"}}],"inLanguage":"es"}]}},"_links":{"self":[{"href":"https:\/\/royalthaimassagelasamericas.com\/es\/wp-json\/wp\/v2\/pages\/46","targetHints":{"allow":["GET"]}}],"collection":[{"href":"https:\/\/royalthaimassagelasamericas.com\/es\/wp-json\/wp\/v2\/pages"}],"about":[{"href":"https:\/\/royalthaimassagelasamericas.com\/es\/wp-json\/wp\/v2\/types\/page"}],"author":[{"embeddable":true,"href":"https:\/\/royalthaimassagelasamericas.com\/es\/wp-json\/wp\/v2\/users\/2"}],"replies":[{"embeddable":true,"href":"https:\/\/royalthaimassagelasamericas.com\/es\/wp-json\/wp\/v2\/comments?post=46"}],"version-history":[{"count":77,"href":"https:\/\/royalthaimassagelasamericas.com\/es\/wp-json\/wp\/v2\/pages\/46\/revisions"}],"predecessor-version":[{"id":2846,"href":"https:\/\/royalthaimassagelasamericas.com\/es\/wp-json\/wp\/v2\/pages\/46\/revisions\/2846"}],"wp:attachment":[{"href":"https:\/\/royalthaimassagelasamericas.com\/es\/wp-json\/wp\/v2\/media?parent=46"}],"curies":[{"name":"wp","href":"https:\/\/api.w.org\/{rel}","templated":true}]}}