{"id":47,"date":"2025-03-20T17:30:35","date_gmt":"2025-03-20T17:30:35","guid":{"rendered":"https:\/\/royalthaimassagelasamericas.com\/?page_id=47"},"modified":"2025-11-21T17:04:50","modified_gmt":"2025-11-21T17:04:50","slug":"legal-notice","status":"publish","type":"page","link":"https:\/\/royalthaimassagelasamericas.com\/es\/legal-notice\/","title":{"rendered":"Aviso legal"},"content":{"rendered":"<style>.elementor-47 .elementor-element.elementor-element-ca47add{--display:flex;--flex-direction:row;--container-widget-width:calc( ( 1 - var( --container-widget-flex-grow ) ) * 100% );--container-widget-height:100%;--container-widget-flex-grow:1;--container-widget-align-self:stretch;--flex-wrap-mobile:wrap;--align-items:center;--gap:0px 0px;--row-gap:0px;--column-gap:0px;--margin-top:0px;--margin-bottom:0px;--margin-left:0px;--margin-right:0px;--padding-top:6em;--padding-bottom:6em;--padding-left:1em;--padding-right:1em;}.elementor-47 .elementor-element.elementor-element-ca47add:not(.elementor-motion-effects-element-type-background), .elementor-47 .elementor-element.elementor-element-ca47add > .elementor-motion-effects-container > .elementor-motion-effects-layer{background-color:var( --e-global-color-c3280bb );}.elementor-47 .elementor-element.elementor-element-d80e543{width:100%;max-width:100%;text-align:center;}.elementor-47 .elementor-element.elementor-element-d80e543 .elementor-heading-title{font-size:55px;color:var( --e-global-color-accent );}.elementor-47 .elementor-element.elementor-element-7cdd2780{--display:flex;--margin-top:0px;--margin-bottom:0px;--margin-left:0px;--margin-right:0px;--padding-top:4%;--padding-bottom:4%;--padding-left:4%;--padding-right:4%;}.elementor-47 .elementor-element.elementor-element-7cdd2780.e-con{--flex-grow:0;--flex-shrink:0;}.elementor-47 .elementor-element.elementor-element-717716ca{padding:0em 0em 0em 0em;}:root{--page-title-display:none;}@media(min-width:768px){.elementor-47 .elementor-element.elementor-element-ca47add{--content-width:1290px;}.elementor-47 .elementor-element.elementor-element-7cdd2780{--width:100%;}}@media(max-width:1024px){.elementor-47 .elementor-element.elementor-element-ca47add{--margin-top:0px;--margin-bottom:0px;--margin-left:0px;--margin-right:0px;}}@media(max-width:767px){.elementor-47 .elementor-element.elementor-element-ca47add{--margin-top:0px;--margin-bottom:0px;--margin-left:0px;--margin-right:0px;--padding-top:6em;--padding-bottom:6em;--padding-left:1em;--padding-right:1em;}.elementor-47 .elementor-element.elementor-element-d80e543 .elementor-heading-title{font-size:35px;}.elementor-47 .elementor-element.elementor-element-7cdd2780{--margin-top:0px;--margin-bottom:0px;--margin-left:0px;--margin-right:0px;}}<\/style>\t\t<div data-elementor-type=\"wp-page\" data-elementor-id=\"47\" class=\"elementor elementor-47\" data-elementor-post-type=\"page\">\n\t\t\t\t<div class=\"elementor-element elementor-element-ca47add e-flex e-con-boxed e-con e-parent\" data-id=\"ca47add\" data-element_type=\"container\" data-settings=\"{&quot;background_background&quot;:&quot;classic&quot;}\">\n\t\t\t\t\t<div class=\"e-con-inner\">\n\t\t\t\t<div class=\"elementor-element elementor-element-d80e543 elementor-widget__width-inherit elementor-widget elementor-widget-heading\" data-id=\"d80e543\" data-element_type=\"widget\" data-widget_type=\"heading.default\">\n\t\t\t\t\t<h1 class=\"elementor-heading-title elementor-size-default\">Aviso legal<\/h1>\t\t\t\t<\/div>\n\t\t\t\t\t<\/div>\n\t\t\t\t<\/div>\n\t\t<div class=\"elementor-element elementor-element-7cdd2780 e-con-full e-flex e-con e-parent\" data-id=\"7cdd2780\" data-element_type=\"container\">\n\t\t\t\t<div class=\"elementor-element elementor-element-717716ca elementor-widget elementor-widget-text-editor\" data-id=\"717716ca\" data-element_type=\"widget\" data-widget_type=\"text-editor.default\">\n\t\t\t\t\t\t\t\t\t<p>En cumplimiento de lo dispuesto en el art\u00edculo 10 de la Ley 34\/2002, de 11 de julio, de Servicios de la Sociedad de la Informaci\u00f3n y de Comercio Electr\u00f3nico (LSSI-CE), se informa que el titular de este sitio web y responsable de los servicios prestados a trav\u00e9s del mismo es:<\/p><p>Empresa: JOSE ALBERTO ZAMARO MARRERO<br \/>NIF: 45456608Y<br \/>Direcci\u00f3n: CALLE EL CABO N 10 PISO 2 PUERTA 5<br \/>CP y Localidad: 38618, LOS ABRIGOS, SANTA CRUZ DE TENERIFE,<br \/>Tel\u00e9fono: 689514571<br \/>Correo: <a href=\"\/es\/info@royalthaimassage.com\/\" target=\"_blank\" rel=\"noopener\"><strong>info@royalthaimassage.com<\/strong><\/a><\/p><p class=\"\" data-start=\"66\" data-end=\"237\">Para obtener informaci\u00f3n adicional, puede contactarnos llamando al n\u00famero de tel\u00e9fono indicado anteriormente o enviando un correo electr\u00f3nico a <strong><a href=\"mailto:johhnny_05@hotmal.com\">johnhnny_05@hotmal.com<\/a><\/strong><\/p><p class=\"\" data-start=\"66\" data-end=\"237\"><strong data-start=\"191\" data-end=\"237\">T\u00c9RMINOS Y CONDICIONES DE USO DEL SITIO WEB<\/strong><\/p><p class=\"\" data-start=\"239\" data-end=\"550\"><strong data-start=\"239\" data-end=\"265\">1. Responsabilidad del usuario<\/strong><br data-start=\"265\" data-end=\"268\" \/>Es responsabilidad de los visitantes, clientes o usuarios de este sitio web leer atentamente las Condiciones Generales de Uso aqu\u00ed descritas. El uso o acceso al sitio web implica el conocimiento y la plena aceptaci\u00f3n de todas y cada una de las advertencias y condiciones legales establecidas.<\/p><p class=\"\" data-start=\"552\" data-end=\"735\"><strong data-start=\"552\" data-end=\"584\">2. General Con<\/strong><strong data-start=\"552\" data-end=\"584\">Condiciones de uso<\/strong><br data-start=\"584\" data-end=\"587\" \/>Nuestro sitio web proporciona el acceso a multitud de informaciones, servicios, programas o datos (en adelante, \u201clos contenidos\u201d) en Internet pertenecientes a: ZAMORANO MARRERO, JOSE ALBERTO (en adelante \u201cLa Empresa\u201d) o a sus licenciantes a los que EL CLIENTE\/USUARIO puede tener acceso.<br data-start=\"908\" data-end=\"911\" \/>El CLIENTE\/USUARIO asume la responsabilidad del uso del sitio web. Esta responsabilidad se extiende al registro necesario para acceder a determinados servicios o contenidos.<br data-start=\"1074\" data-end=\"1077\" \/>En dicho registro, el CLIENTE\/USUARIO ser\u00e1 responsable de proporcionar informaci\u00f3n veraz y l\u00edcita. Como consecuencia de este registro, se le proporcionar\u00e1 una contrase\u00f1a de la que ser\u00e1 responsable, comprometi\u00e9ndose a usarla de forma diligente y confidencial.<\/p><p class=\"\" data-start=\"1359\" data-end=\"2631\">EL CLIENTE\/USUARIO se compromete a hacer un uso adecuado de los contenidos y servicios (como por ejemplo servicios de chat, foros de discusi\u00f3n o grupos de noticias) que La Compa\u00f1\u00eda ofrece a trav\u00e9s de su portal y con car\u00e1cter enunciativo pero no limitativo, a no emplearlos para (i) incurrir en actividades il\u00edcitas o contrarias a la buena fe y al orden p\u00fablico; (ii) difundir contenidos o propaganda de car\u00e1cter racista, xen\u00f3fobo, pornogr\u00e1fico-ilegal, de apolog\u00eda del terrorismo o atentatorio contra los derechos humanos; (iii) provocar da\u00f1os en los sistemas f\u00edsicos y l\u00f3gicos de La Compa\u00f1\u00eda, de sus proveedores o de terceras personas, introducir o difundir en la red virus inform\u00e1ticos o cualesquiera otros sistemas f\u00edsicos o l\u00f3gicos que sean susceptibles de provocar los da\u00f1os anteriormente mencionados; (iv) intentar acceder y, en su caso, utilizar las cuentas de correo electr\u00f3nico de otros usuarios y modificar o manipular sus mensajes.<br data-start=\"2197\" data-end=\"2200\" \/>La Compa\u00f1\u00eda se reserva el derecho de eliminar todos los comentarios y contribuciones que vulneren el respeto a la dignidad humana, que sean discriminatorios, xen\u00f3fobos, racistas, pornogr\u00e1ficos, que atenten contra la juventud o la infancia, el orden p\u00fablico o la seguridad p\u00fablica, o que, a su juicio, no sean adecuados para su publicaci\u00f3n. En cualquier caso, la Compa\u00f1\u00eda no ser\u00e1 responsable de las opiniones expresadas por los usuarios a trav\u00e9s de foros, chats u otras herramientas de participaci\u00f3n.<\/p><p class=\"\" data-start=\"2633\" data-end=\"2900\"><strong data-start=\"2633\" data-end=\"2658\">3. Derecho de exclusi\u00f3n<\/strong><br data-start=\"2658\" data-end=\"2661\" \/>La Empresa se reserva el derecho a denegar o retirar el acceso al sitio web y\/o los servicios ofrecidos sin necesidad de preaviso, a instancia propia o de un tercero, a aquellos usuarios que incumplan las presentes Condiciones Generales de Uso.<\/p><p class=\"\" data-start=\"2902\" data-end=\"3639\"><strong data-start=\"2902\" data-end=\"2947\">4. Exenci\u00f3n de garant\u00edas y responsabilidad<\/strong><br data-start=\"2947\" data-end=\"2950\" \/>La Empresa no se hace responsable, en ning\u00fan caso, de los da\u00f1os y perjuicios de cualquier naturaleza que pudieran ocasionar, a t\u00edtulo enunciativo: errores u omisiones en los contenidos, falta de disponibilidad del sitio web o la transmisi\u00f3n de virus o programas maliciosos o lesivos en los contenidos, a pesar de haber adoptado todas las medidas tecnol\u00f3gicas necesarias para evitarlo.<br data-start=\"3303\" data-end=\"3306\" \/>Asimismo, no ser\u00e1 responsable de la falta de licitud, calidad, fiabilidad, utilidad y disponibilidad de los servicios prestados por terceros y puestos a disposici\u00f3n de los usuarios en este sitio web.<br data-start=\"3508\" data-end=\"3511\" \/>Finalmente, La Compa\u00f1\u00eda no ser\u00e1 responsable por cualquier uso ilegal, negligente, fraudulento o de cualquier otro modo contrario a estas condiciones.<\/p><p class=\"\" data-start=\"3641\" data-end=\"4313\"><strong data-start=\"3641\" data-end=\"3653\">5. Enlaces<\/strong><br data-start=\"3653\" data-end=\"3656\" \/>En caso de que el sitio web contenga enlaces o hiperv\u00ednculos a otros sitios de Internet, la Compa\u00f1\u00eda no ejercer\u00e1 ning\u00fan control sobre dichos sitios ni su contenido. En ning\u00fan caso, la Compa\u00f1\u00eda asumir\u00e1 responsabilidad alguna por el contenido de ning\u00fan enlace perteneciente a un sitio web de terceros, ni garantizar\u00e1 la disponibilidad t\u00e9cnica, calidad, fiabilidad, exactitud, integridad, veracidad, validez o constitucionalidad de ning\u00fan material o informaci\u00f3n contenida en dichos hiperv\u00ednculos u otros sitios de Internet.<br data-start=\"4170\" data-end=\"4173\" \/>Asimismo, la inclusi\u00f3n de dichas conexiones externas no implicar\u00e1 ning\u00fan tipo de asociaci\u00f3n, fusi\u00f3n o participaci\u00f3n con las entidades conectadas.<\/p><p class=\"\" data-start=\"4315\" data-end=\"5931\"><strong data-start=\"4315\" data-end=\"4343\">6. Propiedad intelectual<\/strong><br data-start=\"4343\" data-end=\"4346\" \/>La Empresa, por s\u00ed o como cesionaria, es titular de todos los derechos de propiedad intelectual e industrial de su p\u00e1gina web, as\u00ed como de los elementos contenidos en la misma (a t\u00edtulo enunciativo y no limitativo, im\u00e1genes, sonido, audio, v\u00eddeo, software o textos; marcas o logotipos, combinaciones de colores, estructura y dise\u00f1o, selecci\u00f3n de materiales usados, programas de ordenador necesarios para su funcionamiento, acceso y uso, etc.), titularidad de La Empresa o bien de sus licenciantes.<br data-start=\"4792\" data-end=\"4795\" \/>La reproducci\u00f3n, distribuci\u00f3n, comunicaci\u00f3n p\u00fablica, transformaci\u00f3n, explotaci\u00f3n (especialmente comercial o industrial), cesi\u00f3n, alquiler, venta, pr\u00e9stamo, realizaci\u00f3n de correcciones, extracciones y\/o reutilizaci\u00f3n o el ejercicio de cualquier otro derecho de propiedad intelectual o industrial no cedido expresamente por escrito por La Empresa queda expresamente prohibida.<br data-start=\"5139\" data-end=\"5142\" \/>El CLIENTE\/USUARIO reconoce los derechos de Propiedad Intelectual e Industrial de La Empresa. Se compromete a respetar los derechos de Propiedad Intelectual e Industrial de La Empresa. Podr\u00e1 visualizar los elementos del sitio web e incluso imprimirlos, copiarlos y almacenarlos en el disco duro de su ordenador o en cualquier otro soporte f\u00edsico, siempre y cuando sea \u00fanica y exclusivamente para su uso personal y privado. El CLIENTE\/USUARIO deber\u00e1 abstenerse de eliminar, alterar, eludir o manipular cualquier dispositivo de protecci\u00f3n o sistema de seguridad que pueda estar instalado en las p\u00e1ginas de La Empresa.<br data-start=\"5743\" data-end=\"5746\" \/>EL CLIENTE\/USUARIO no podr\u00e1 utilizar de ninguna manera las marcas, logotipos, nombres comerciales, dominios de internet o cualquier otro signo distintivo de La Empresa sin su previo consentimiento expreso y por escrito.<\/p><p class=\"\" data-start=\"5933\" data-end=\"6120\"><strong data-start=\"5933\" data-end=\"5955\">7. Protecci\u00f3n de datos<\/strong><br data-start=\"5955\" data-end=\"5958\" \/>La protecci\u00f3n de datos se regir\u00e1 por lo dispuesto en el apartado correspondiente de estas condiciones y en la Pol\u00edtica de Privacidad disponible en el sitio web.<\/p><p><!-- \/wp:paragraph --><\/p>\t\t\t\t\t\t\t\t<\/div>\n\t\t\t\t<\/div>\n\t\t\t\t<\/div>","protected":false},"excerpt":{"rendered":"<p>In compliance with the provisions of Article 10 of Law 34\/2002, of July 11, on Information Society Services and Electronic Commerce (LSSI-CE), it is hereby informed that the owner of this website and the party responsible for the services provided through it is: Company: JOSE ALBERTO ZAMARO MARRERONIF: 45456608YAddress: CALLE EL CABO N 10 PISO [&hellip;]<\/p>","protected":false},"author":2,"featured_media":0,"parent":0,"menu_order":0,"comment_status":"closed","ping_status":"closed","template":"elementor_header_footer","meta":{"footnotes":""},"class_list":["post-47","page","type-page","status-publish","hentry"],"yoast_head":"<!-- This site is optimized with the Yoast SEO plugin v26.4 - https:\/\/yoast.com\/wordpress\/plugins\/seo\/ -->\n<title>Legal Notice - Royal Thai Massages<\/title>\n<meta name=\"robots\" content=\"index, follow, max-snippet:-1, max-image-preview:large, max-video-preview:-1\" \/>\n<link rel=\"canonical\" href=\"https:\/\/royalthaimassagelasamericas.com\/es\/legal-notice\/\" \/>\n<meta property=\"og:locale\" content=\"es_ES\" \/>\n<meta property=\"og:type\" content=\"article\" \/>\n<meta property=\"og:title\" content=\"Legal Notice - Royal Thai Massages\" \/>\n<meta property=\"og:description\" content=\"In compliance with the provisions of Article 10 of Law 34\/2002, of July 11, on Information Society Services and Electronic Commerce (LSSI-CE), it is hereby informed that the owner of this website and the party responsible for the services provided through it is: Company: JOSE ALBERTO ZAMARO MARRERONIF: 45456608YAddress: CALLE EL CABO N 10 PISO [&hellip;]\" \/>\n<meta property=\"og:url\" content=\"https:\/\/royalthaimassagelasamericas.com\/es\/legal-notice\/\" \/>\n<meta property=\"og:site_name\" content=\"Royal Thai Massages\" \/>\n<meta property=\"article:modified_time\" content=\"2025-11-21T17:04:50+00:00\" \/>\n<meta name=\"twitter:card\" content=\"summary_large_image\" \/>\n<meta name=\"twitter:label1\" content=\"Tiempo de lectura\" \/>\n\t<meta name=\"twitter:data1\" content=\"5 minutos\" \/>\n<script type=\"application\/ld+json\" class=\"yoast-schema-graph\">{\"@context\":\"https:\/\/schema.org\",\"@graph\":[{\"@type\":\"WebPage\",\"@id\":\"https:\/\/royalthaimassagelasamericas.com\/legal-notice\/\",\"url\":\"https:\/\/royalthaimassagelasamericas.com\/legal-notice\/\",\"name\":\"Legal Notice - Royal Thai Massages\",\"isPartOf\":{\"@id\":\"https:\/\/royalthaimassagelasamericas.com\/es\/#website\"},\"datePublished\":\"2025-03-20T17:30:35+00:00\",\"dateModified\":\"2025-11-21T17:04:50+00:00\",\"breadcrumb\":{\"@id\":\"https:\/\/royalthaimassagelasamericas.com\/legal-notice\/#breadcrumb\"},\"inLanguage\":\"es\",\"potentialAction\":[{\"@type\":\"ReadAction\",\"target\":[\"https:\/\/royalthaimassagelasamericas.com\/legal-notice\/\"]}]},{\"@type\":\"BreadcrumbList\",\"@id\":\"https:\/\/royalthaimassagelasamericas.com\/legal-notice\/#breadcrumb\",\"itemListElement\":[{\"@type\":\"ListItem\",\"position\":1,\"name\":\"Portada\",\"item\":\"https:\/\/royalthaimassagelasamericas.com\/\"},{\"@type\":\"ListItem\",\"position\":2,\"name\":\"Legal Notice\"}]},{\"@type\":\"WebSite\",\"@id\":\"https:\/\/royalthaimassagelasamericas.com\/es\/#website\",\"url\":\"https:\/\/royalthaimassagelasamericas.com\/es\/\",\"name\":\"Royal Thai Massages\",\"description\":\"Masajes tailandeses aut\u00e9nticos en Tenerife Sur\",\"potentialAction\":[{\"@type\":\"SearchAction\",\"target\":{\"@type\":\"EntryPoint\",\"urlTemplate\":\"https:\/\/royalthaimassagelasamericas.com\/es\/?s={search_term_string}\"},\"query-input\":{\"@type\":\"PropertyValueSpecification\",\"valueRequired\":true,\"valueName\":\"search_term_string\"}}],\"inLanguage\":\"es\"}]}<\/script>\n<!-- \/ Yoast SEO plugin. -->","yoast_head_json":{"title":"Legal Notice - Royal Thai Massages","robots":{"index":"index","follow":"follow","max-snippet":"max-snippet:-1","max-image-preview":"max-image-preview:large","max-video-preview":"max-video-preview:-1"},"canonical":"https:\/\/royalthaimassagelasamericas.com\/es\/legal-notice\/","og_locale":"es_ES","og_type":"article","og_title":"Legal Notice - Royal Thai Massages","og_description":"In compliance with the provisions of Article 10 of Law 34\/2002, of July 11, on Information Society Services and Electronic Commerce (LSSI-CE), it is hereby informed that the owner of this website and the party responsible for the services provided through it is: Company: JOSE ALBERTO ZAMARO MARRERONIF: 45456608YAddress: CALLE EL CABO N 10 PISO [&hellip;]","og_url":"https:\/\/royalthaimassagelasamericas.com\/es\/legal-notice\/","og_site_name":"Royal Thai Massages","article_modified_time":"2025-11-21T17:04:50+00:00","twitter_card":"summary_large_image","twitter_misc":{"Tiempo de lectura":"5 minutos"},"schema":{"@context":"https:\/\/schema.org","@graph":[{"@type":"WebPage","@id":"https:\/\/royalthaimassagelasamericas.com\/legal-notice\/","url":"https:\/\/royalthaimassagelasamericas.com\/legal-notice\/","name":"Legal Notice - Royal Thai Massages","isPartOf":{"@id":"https:\/\/royalthaimassagelasamericas.com\/es\/#website"},"datePublished":"2025-03-20T17:30:35+00:00","dateModified":"2025-11-21T17:04:50+00:00","breadcrumb":{"@id":"https:\/\/royalthaimassagelasamericas.com\/legal-notice\/#breadcrumb"},"inLanguage":"es","potentialAction":[{"@type":"ReadAction","target":["https:\/\/royalthaimassagelasamericas.com\/legal-notice\/"]}]},{"@type":"BreadcrumbList","@id":"https:\/\/royalthaimassagelasamericas.com\/legal-notice\/#breadcrumb","itemListElement":[{"@type":"ListItem","position":1,"name":"Portada","item":"https:\/\/royalthaimassagelasamericas.com\/"},{"@type":"ListItem","position":2,"name":"Legal Notice"}]},{"@type":"WebSite","@id":"https:\/\/royalthaimassagelasamericas.com\/es\/#website","url":"https:\/\/royalthaimassagelasamericas.com\/es\/","name":"Masajes tailandeses reales","description":"Masajes tailandeses aut\u00e9nticos en Tenerife Sur","potentialAction":[{"@type":"SearchAction","target":{"@type":"EntryPoint","urlTemplate":"https:\/\/royalthaimassagelasamericas.com\/es\/?s={search_term_string}"},"query-input":{"@type":"PropertyValueSpecification","valueRequired":true,"valueName":"search_term_string"}}],"inLanguage":"es"}]}},"_links":{"self":[{"href":"https:\/\/royalthaimassagelasamericas.com\/es\/wp-json\/wp\/v2\/pages\/47","targetHints":{"allow":["GET"]}}],"collection":[{"href":"https:\/\/royalthaimassagelasamericas.com\/es\/wp-json\/wp\/v2\/pages"}],"about":[{"href":"https:\/\/royalthaimassagelasamericas.com\/es\/wp-json\/wp\/v2\/types\/page"}],"author":[{"embeddable":true,"href":"https:\/\/royalthaimassagelasamericas.com\/es\/wp-json\/wp\/v2\/users\/2"}],"replies":[{"embeddable":true,"href":"https:\/\/royalthaimassagelasamericas.com\/es\/wp-json\/wp\/v2\/comments?post=47"}],"version-history":[{"count":77,"href":"https:\/\/royalthaimassagelasamericas.com\/es\/wp-json\/wp\/v2\/pages\/47\/revisions"}],"predecessor-version":[{"id":2902,"href":"https:\/\/royalthaimassagelasamericas.com\/es\/wp-json\/wp\/v2\/pages\/47\/revisions\/2902"}],"wp:attachment":[{"href":"https:\/\/royalthaimassagelasamericas.com\/es\/wp-json\/wp\/v2\/media?parent=47"}],"curies":[{"name":"wp","href":"https:\/\/api.w.org\/{rel}","templated":true}]}}