{"id":48,"date":"2025-03-20T17:28:22","date_gmt":"2025-03-20T17:28:22","guid":{"rendered":"https:\/\/royalthaimassagelasamericas.com\/?page_id=48"},"modified":"2025-11-21T16:53:26","modified_gmt":"2025-11-21T16:53:26","slug":"accessibility-statement","status":"publish","type":"page","link":"https:\/\/royalthaimassagelasamericas.com\/es\/accessibility-statement\/","title":{"rendered":"Declaraci\u00f3n de accesibilidad"},"content":{"rendered":"<style>.elementor-48 .elementor-element.elementor-element-ad41ae7{--display:flex;--flex-direction:row;--container-widget-width:calc( ( 1 - var( --container-widget-flex-grow ) ) * 100% );--container-widget-height:100%;--container-widget-flex-grow:1;--container-widget-align-self:stretch;--flex-wrap-mobile:wrap;--align-items:center;--gap:0px 0px;--row-gap:0px;--column-gap:0px;--overlay-opacity:0.03;--margin-top:0px;--margin-bottom:0px;--margin-left:0px;--margin-right:0px;--padding-top:6em;--padding-bottom:6em;--padding-left:1em;--padding-right:1em;}.elementor-48 .elementor-element.elementor-element-ad41ae7:not(.elementor-motion-effects-element-type-background), .elementor-48 .elementor-element.elementor-element-ad41ae7 > .elementor-motion-effects-container > .elementor-motion-effects-layer{background-color:var( --e-global-color-c3280bb );}.elementor-48 .elementor-element.elementor-element-ad41ae7::before, .elementor-48 .elementor-element.elementor-element-ad41ae7 > .elementor-background-video-container::before, .elementor-48 .elementor-element.elementor-element-ad41ae7 > .e-con-inner > .elementor-background-video-container::before, .elementor-48 .elementor-element.elementor-element-ad41ae7 > .elementor-background-slideshow::before, .elementor-48 .elementor-element.elementor-element-ad41ae7 > .e-con-inner > .elementor-background-slideshow::before, .elementor-48 .elementor-element.elementor-element-ad41ae7 > .elementor-motion-effects-container > .elementor-motion-effects-layer::before{--background-overlay:'';}.elementor-48 .elementor-element.elementor-element-ae468cc{width:100%;max-width:100%;text-align:center;}.elementor-48 .elementor-element.elementor-element-ae468cc .elementor-heading-title{font-size:55px;color:#FFFFFF;}.elementor-48 .elementor-element.elementor-element-12d91061{--display:flex;--margin-top:0px;--margin-bottom:0px;--margin-left:0px;--margin-right:0px;--padding-top:4%;--padding-bottom:4%;--padding-left:4%;--padding-right:4%;}.elementor-48 .elementor-element.elementor-element-12d91061.e-con{--flex-grow:0;--flex-shrink:0;}@media(min-width:768px){.elementor-48 .elementor-element.elementor-element-ad41ae7{--content-width:1290px;}.elementor-48 .elementor-element.elementor-element-12d91061{--width:100%;}}@media(max-width:1024px){.elementor-48 .elementor-element.elementor-element-ad41ae7{--margin-top:0px;--margin-bottom:0px;--margin-left:0px;--margin-right:0px;}.elementor-48 .elementor-element.elementor-element-ae468cc .elementor-heading-title{font-size:45px;}}@media(max-width:767px){.elementor-48 .elementor-element.elementor-element-ad41ae7{--margin-top:0px;--margin-bottom:0px;--margin-left:0px;--margin-right:0px;--padding-top:6em;--padding-bottom:6em;--padding-left:1em;--padding-right:1em;}.elementor-48 .elementor-element.elementor-element-ae468cc .elementor-heading-title{font-size:35px;}.elementor-48 .elementor-element.elementor-element-12d91061{--margin-top:0px;--margin-bottom:0px;--margin-left:0px;--margin-right:0px;}.elementor-48 .elementor-element.elementor-element-39990e94{margin:0px 0px calc(var(--kit-widget-spacing, 0px) + 0px) 0px;padding:0px 0px 0px 0px;}}<\/style>\t\t<div data-elementor-type=\"wp-page\" data-elementor-id=\"48\" class=\"elementor elementor-48\" data-elementor-post-type=\"page\">\n\t\t\t\t<div class=\"elementor-element elementor-element-ad41ae7 e-flex e-con-boxed e-con e-parent\" data-id=\"ad41ae7\" data-element_type=\"container\" data-settings=\"{&quot;background_background&quot;:&quot;classic&quot;}\">\n\t\t\t\t\t<div class=\"e-con-inner\">\n\t\t\t\t<div class=\"elementor-element elementor-element-ae468cc elementor-widget__width-inherit elementor-widget elementor-widget-heading\" data-id=\"ae468cc\" data-element_type=\"widget\" data-widget_type=\"heading.default\">\n\t\t\t\t\t<h1 class=\"elementor-heading-title elementor-size-default\">Declaraci\u00f3n de accesibilidad<\/h1>\t\t\t\t<\/div>\n\t\t\t\t\t<\/div>\n\t\t\t\t<\/div>\n\t\t<div class=\"elementor-element elementor-element-12d91061 e-con-full e-flex e-con e-parent\" data-id=\"12d91061\" data-element_type=\"container\">\n\t\t\t\t<div class=\"elementor-element elementor-element-39990e94 elementor-widget elementor-widget-text-editor\" data-id=\"39990e94\" data-element_type=\"widget\" data-widget_type=\"text-editor.default\">\n\t\t\t\t\t\t\t\t\t\n<p><\/p>\n<p><strong>Jos\u00e9 Alberto Zamaro<\/strong> se compromete a que su sitio web sea accesible, de conformidad con el Real Decreto 1112\/2018, de 7 de septiembre, sobre accesibilidad de los sitios web y aplicaciones del sector p\u00fablico para dispositivos m\u00f3viles. Esta declaraci\u00f3n de accesibilidad se aplica a este sitio web.<\/p>\n<p>Estado de cumplimiento.<\/p>\n<p>Este sitio web est\u00e1 desarrollado seg\u00fan el RD 1112\/2018.<\/p>\n<p>Preparaci\u00f3n para la siguiente declaraci\u00f3n de accesibilidad.<\/p>\n<p>La presente declaraci\u00f3n ha sido preparada el 20 de abril de 2023. El m\u00e9todo utilizado para elaborar la declaraci\u00f3n ha sido la autoevaluaci\u00f3n.<\/p>\n<p>Observaciones y datos de contacto.<\/p>\n<p>Podr\u00e1s realizar comunicaciones sobre requisitos de accesibilidad (art\u00edculo 10.2.a del RD 1112\/2018) como:<\/p>\n<p>Informar de cualquier posible incumplimiento por parte de este sitio web.<br \/>Transmitir otras dificultades en el acceso al contenido<br \/>Formular cualquier otra consulta o sugerencia de mejora respecto a la accesibilidad del sitio web a trav\u00e9s del formulario de contacto de este sitio web o a trav\u00e9s del n\u00famero de tel\u00e9fono.<\/p>\n<p>Puedes enviar:<\/p>\n<p>Reclamaci\u00f3n relativa al cumplimiento de los requisitos del RD 1112\/2018.<br \/>Solicitud de informaci\u00f3n accesible relativa a:<br \/>Contenidos que quedan excluidos del \u00e1mbito de aplicaci\u00f3n del RD 1112\/2018 seg\u00fan lo establecido en el art\u00edculo 3, apartado 4.<br \/>Contenidos que quedan exentos del cumplimiento de los requisitos de accesibilidad por imponer una carga desproporcionada.<br \/>En la Solicitud de informaci\u00f3n accesible se deber\u00e1n especificar claramente los hechos, motivos y la petici\u00f3n a fin de establecer que se trata de una solicitud razonable y leg\u00edtima.<\/p>\n<p>Las quejas y reclamaciones relativas a la informaci\u00f3n accesible se realizar\u00e1n a trav\u00e9s de la sede electr\u00f3nica (<a href=\"https:\/\/sede.red.gob.es\/procedimientos\/quejas-y-sugerencias\" target=\"_blank\" rel=\"noopener\"><strong>https:\/\/sede.red.gob.es\/procedimientos\/quejas-y-sugerencias<\/strong><\/a>), y ser\u00e1n recibidos y tratados por el \u00e1rea de Sistemas de Informaci\u00f3n de Red.es.<\/p>\n<p>Contenido opcional<\/p>\n<p>Si desea cambiar el tama\u00f1o de fuente del texto en los principales navegadores gr\u00e1ficos utilice los siguientes men\u00fas:<br \/>Safari: Ver &gt; Agrandar texto<br \/>Chrome: Controlar la p\u00e1gina actual &gt; Tama\u00f1o del texto<\/p>\n<p>Para cambiar el tama\u00f1o de todo en la p\u00e1gina:<\/p>\n<p>Ctrl++ para aumentarlo<br \/>Ctrl + \u2013 para disminuirlo<br \/>Ctrl + 0 restaura el tama\u00f1o del texto original.<br \/>Si desea anular la hoja de estilos o cambiar el color del texto, puede consultar la p\u00e1gina C\u00f3mo cambiar el tama\u00f1o o los colores del texto de WAI, que se puede leer en ingl\u00e9s en \u00bfC\u00f3mo cambiar el tama\u00f1o o los colores del texto?<\/p>\n<ul class=\"wp-block-list\"><\/ul>\n<p><\/p>\n<ul class=\"wp-block-list\"><!-- \/wp:list-item --><\/ul>\n<!-- \/wp:list -->\t\t\t\t\t\t\t\t<\/div>\n\t\t\t\t<\/div>\n\t\t\t\t<\/div>","protected":false},"excerpt":{"rendered":"<p>Jos\u00e9 Alberto Zamaro se compromete a que su sitio web sea accesible, de conformidad con el Real Decreto 1112\/2018, de 7 de septiembre, sobre accesibilidad de los sitios web y aplicaciones del sector p\u00fablico para dispositivos m\u00f3viles. Esta declaraci\u00f3n de accesibilidad se aplica a este sitio web. Estado de cumplimiento. Este sitio web se ha desarrollado de acuerdo con el RD 1112\/2018. Preparaci\u00f3n para la siguiente declaraci\u00f3n de accesibilidad. Esta declaraci\u00f3n [\u2026]<\/p>","protected":false},"author":2,"featured_media":0,"parent":0,"menu_order":0,"comment_status":"closed","ping_status":"closed","template":"","meta":{"footnotes":""},"class_list":["post-48","page","type-page","status-publish","hentry"],"yoast_head":"<!-- This site is optimized with the Yoast SEO plugin v26.4 - https:\/\/yoast.com\/wordpress\/plugins\/seo\/ -->\n<title>Accessibility Statement - Royal Thai Massages<\/title>\n<meta name=\"robots\" content=\"index, follow, max-snippet:-1, max-image-preview:large, max-video-preview:-1\" \/>\n<link rel=\"canonical\" href=\"https:\/\/royalthaimassagelasamericas.com\/es\/accessibility-statement\/\" \/>\n<meta property=\"og:locale\" content=\"es_ES\" \/>\n<meta property=\"og:type\" content=\"article\" \/>\n<meta property=\"og:title\" content=\"Accessibility Statement - Royal Thai Massages\" \/>\n<meta property=\"og:description\" content=\"Jose Alberto Zamaro is committed to making its website accessible, in accordance with Royal Decree 1112\/2018, of 7 September, on accessibility of public sector websites and applications for mobile devices. This accessibility statement applies to this website. Compliance status. This website is developed according to RD 1112\/2018. Preparation for the following accessibility statement. This statement [&hellip;]\" \/>\n<meta property=\"og:url\" content=\"https:\/\/royalthaimassagelasamericas.com\/es\/accessibility-statement\/\" \/>\n<meta property=\"og:site_name\" content=\"Royal Thai Massages\" \/>\n<meta property=\"article:modified_time\" content=\"2025-11-21T16:53:26+00:00\" \/>\n<meta name=\"twitter:card\" content=\"summary_large_image\" \/>\n<meta name=\"twitter:label1\" content=\"Tiempo de lectura\" \/>\n\t<meta name=\"twitter:data1\" content=\"2 minutos\" \/>\n<script type=\"application\/ld+json\" class=\"yoast-schema-graph\">{\"@context\":\"https:\/\/schema.org\",\"@graph\":[{\"@type\":\"WebPage\",\"@id\":\"https:\/\/royalthaimassagelasamericas.com\/accessibility-statement\/\",\"url\":\"https:\/\/royalthaimassagelasamericas.com\/accessibility-statement\/\",\"name\":\"Accessibility Statement - Royal Thai Massages\",\"isPartOf\":{\"@id\":\"https:\/\/royalthaimassagelasamericas.com\/es\/#website\"},\"datePublished\":\"2025-03-20T17:28:22+00:00\",\"dateModified\":\"2025-11-21T16:53:26+00:00\",\"breadcrumb\":{\"@id\":\"https:\/\/royalthaimassagelasamericas.com\/accessibility-statement\/#breadcrumb\"},\"inLanguage\":\"es\",\"potentialAction\":[{\"@type\":\"ReadAction\",\"target\":[\"https:\/\/royalthaimassagelasamericas.com\/accessibility-statement\/\"]}]},{\"@type\":\"BreadcrumbList\",\"@id\":\"https:\/\/royalthaimassagelasamericas.com\/accessibility-statement\/#breadcrumb\",\"itemListElement\":[{\"@type\":\"ListItem\",\"position\":1,\"name\":\"Portada\",\"item\":\"https:\/\/royalthaimassagelasamericas.com\/\"},{\"@type\":\"ListItem\",\"position\":2,\"name\":\"Accessibility Statement\"}]},{\"@type\":\"WebSite\",\"@id\":\"https:\/\/royalthaimassagelasamericas.com\/es\/#website\",\"url\":\"https:\/\/royalthaimassagelasamericas.com\/es\/\",\"name\":\"Royal Thai Massages\",\"description\":\"Masajes tailandeses aut\u00e9nticos en Tenerife Sur\",\"potentialAction\":[{\"@type\":\"SearchAction\",\"target\":{\"@type\":\"EntryPoint\",\"urlTemplate\":\"https:\/\/royalthaimassagelasamericas.com\/es\/?s={search_term_string}\"},\"query-input\":{\"@type\":\"PropertyValueSpecification\",\"valueRequired\":true,\"valueName\":\"search_term_string\"}}],\"inLanguage\":\"es\"}]}<\/script>\n<!-- \/ Yoast SEO plugin. -->","yoast_head_json":{"title":"Accessibility Statement - Royal Thai Massages","robots":{"index":"index","follow":"follow","max-snippet":"max-snippet:-1","max-image-preview":"max-image-preview:large","max-video-preview":"max-video-preview:-1"},"canonical":"https:\/\/royalthaimassagelasamericas.com\/es\/accessibility-statement\/","og_locale":"es_ES","og_type":"article","og_title":"Accessibility Statement - Royal Thai Massages","og_description":"Jose Alberto Zamaro is committed to making its website accessible, in accordance with Royal Decree 1112\/2018, of 7 September, on accessibility of public sector websites and applications for mobile devices. This accessibility statement applies to this website. Compliance status. This website is developed according to RD 1112\/2018. Preparation for the following accessibility statement. This statement [&hellip;]","og_url":"https:\/\/royalthaimassagelasamericas.com\/es\/accessibility-statement\/","og_site_name":"Royal Thai Massages","article_modified_time":"2025-11-21T16:53:26+00:00","twitter_card":"summary_large_image","twitter_misc":{"Tiempo de lectura":"2 minutos"},"schema":{"@context":"https:\/\/schema.org","@graph":[{"@type":"WebPage","@id":"https:\/\/royalthaimassagelasamericas.com\/accessibility-statement\/","url":"https:\/\/royalthaimassagelasamericas.com\/accessibility-statement\/","name":"Accessibility Statement - Royal Thai Massages","isPartOf":{"@id":"https:\/\/royalthaimassagelasamericas.com\/es\/#website"},"datePublished":"2025-03-20T17:28:22+00:00","dateModified":"2025-11-21T16:53:26+00:00","breadcrumb":{"@id":"https:\/\/royalthaimassagelasamericas.com\/accessibility-statement\/#breadcrumb"},"inLanguage":"es","potentialAction":[{"@type":"ReadAction","target":["https:\/\/royalthaimassagelasamericas.com\/accessibility-statement\/"]}]},{"@type":"BreadcrumbList","@id":"https:\/\/royalthaimassagelasamericas.com\/accessibility-statement\/#breadcrumb","itemListElement":[{"@type":"ListItem","position":1,"name":"Portada","item":"https:\/\/royalthaimassagelasamericas.com\/"},{"@type":"ListItem","position":2,"name":"Accessibility Statement"}]},{"@type":"WebSite","@id":"https:\/\/royalthaimassagelasamericas.com\/es\/#website","url":"https:\/\/royalthaimassagelasamericas.com\/es\/","name":"Masajes tailandeses reales","description":"Masajes tailandeses aut\u00e9nticos en Tenerife Sur","potentialAction":[{"@type":"SearchAction","target":{"@type":"EntryPoint","urlTemplate":"https:\/\/royalthaimassagelasamericas.com\/es\/?s={search_term_string}"},"query-input":{"@type":"PropertyValueSpecification","valueRequired":true,"valueName":"search_term_string"}}],"inLanguage":"es"}]}},"_links":{"self":[{"href":"https:\/\/royalthaimassagelasamericas.com\/es\/wp-json\/wp\/v2\/pages\/48","targetHints":{"allow":["GET"]}}],"collection":[{"href":"https:\/\/royalthaimassagelasamericas.com\/es\/wp-json\/wp\/v2\/pages"}],"about":[{"href":"https:\/\/royalthaimassagelasamericas.com\/es\/wp-json\/wp\/v2\/types\/page"}],"author":[{"embeddable":true,"href":"https:\/\/royalthaimassagelasamericas.com\/es\/wp-json\/wp\/v2\/users\/2"}],"replies":[{"embeddable":true,"href":"https:\/\/royalthaimassagelasamericas.com\/es\/wp-json\/wp\/v2\/comments?post=48"}],"version-history":[{"count":68,"href":"https:\/\/royalthaimassagelasamericas.com\/es\/wp-json\/wp\/v2\/pages\/48\/revisions"}],"predecessor-version":[{"id":2886,"href":"https:\/\/royalthaimassagelasamericas.com\/es\/wp-json\/wp\/v2\/pages\/48\/revisions\/2886"}],"wp:attachment":[{"href":"https:\/\/royalthaimassagelasamericas.com\/es\/wp-json\/wp\/v2\/media?parent=48"}],"curies":[{"name":"wp","href":"https:\/\/api.w.org\/{rel}","templated":true}]}}