{"id":55,"date":"2025-03-20T17:28:55","date_gmt":"2025-03-20T17:28:55","guid":{"rendered":"https:\/\/royalthaimassagelasamericas.com\/?page_id=55"},"modified":"2025-11-21T17:08:56","modified_gmt":"2025-11-21T17:08:56","slug":"cookies-policy","status":"publish","type":"page","link":"https:\/\/royalthaimassagelasamericas.com\/es\/cookies-policy\/","title":{"rendered":"Pol\u00edtica de cookies"},"content":{"rendered":"<style>.elementor-55 .elementor-element.elementor-element-ba115f9{--display:flex;--flex-direction:row;--container-widget-width:calc( ( 1 - var( --container-widget-flex-grow ) ) * 100% );--container-widget-height:100%;--container-widget-flex-grow:1;--container-widget-align-self:stretch;--flex-wrap-mobile:wrap;--align-items:center;--gap:0px 0px;--row-gap:0px;--column-gap:0px;--margin-top:0px;--margin-bottom:0px;--margin-left:0px;--margin-right:0px;--padding-top:6em;--padding-bottom:6em;--padding-left:1em;--padding-right:1em;}.elementor-55 .elementor-element.elementor-element-ba115f9:not(.elementor-motion-effects-element-type-background), .elementor-55 .elementor-element.elementor-element-ba115f9 > .elementor-motion-effects-container > .elementor-motion-effects-layer{background-color:var( --e-global-color-c3280bb );}.elementor-55 .elementor-element.elementor-element-5667356{width:100%;max-width:100%;text-align:center;}.elementor-55 .elementor-element.elementor-element-5667356 .elementor-heading-title{font-size:55px;color:var( --e-global-color-accent );}.elementor-55 .elementor-element.elementor-element-2ed171b3{--display:flex;--margin-top:0px;--margin-bottom:0px;--margin-left:0px;--margin-right:0px;--padding-top:4%;--padding-bottom:4%;--padding-left:4%;--padding-right:4%;}.elementor-55 .elementor-element.elementor-element-2ed171b3.e-con{--flex-grow:0;--flex-shrink:0;}@media(min-width:768px){.elementor-55 .elementor-element.elementor-element-ba115f9{--content-width:1290px;}.elementor-55 .elementor-element.elementor-element-2ed171b3{--width:100%;}}@media(max-width:1024px){.elementor-55 .elementor-element.elementor-element-ba115f9{--margin-top:0px;--margin-bottom:0px;--margin-left:0px;--margin-right:0px;}}@media(max-width:767px){.elementor-55 .elementor-element.elementor-element-ba115f9{--margin-top:0px;--margin-bottom:0px;--margin-left:0px;--margin-right:0px;--padding-top:6em;--padding-bottom:6em;--padding-left:1em;--padding-right:1em;}.elementor-55 .elementor-element.elementor-element-5667356 .elementor-heading-title{font-size:35px;}.elementor-55 .elementor-element.elementor-element-2ed171b3{--margin-top:0px;--margin-bottom:0px;--margin-left:0px;--margin-right:0px;--padding-top:4%;--padding-bottom:4%;--padding-left:4%;--padding-right:4%;}.elementor-55 .elementor-element.elementor-element-996a4f5{margin:0px 0px calc(var(--kit-widget-spacing, 0px) + 0px) 0px;padding:0px 0px 0px 0px;}}<\/style>\t\t<div data-elementor-type=\"wp-page\" data-elementor-id=\"55\" class=\"elementor elementor-55\" data-elementor-post-type=\"page\">\n\t\t\t\t<div class=\"elementor-element elementor-element-ba115f9 e-flex e-con-boxed e-con e-parent\" data-id=\"ba115f9\" data-element_type=\"container\" data-settings=\"{&quot;background_background&quot;:&quot;classic&quot;}\">\n\t\t\t\t\t<div class=\"e-con-inner\">\n\t\t\t\t<div class=\"elementor-element elementor-element-5667356 elementor-widget__width-inherit elementor-widget elementor-widget-heading\" data-id=\"5667356\" data-element_type=\"widget\" data-widget_type=\"heading.default\">\n\t\t\t\t\t<h1 class=\"elementor-heading-title elementor-size-default\">Pol\u00edtica de cookies<\/h1>\t\t\t\t<\/div>\n\t\t\t\t\t<\/div>\n\t\t\t\t<\/div>\n\t\t<div class=\"elementor-element elementor-element-2ed171b3 e-con-full e-flex e-con e-parent\" data-id=\"2ed171b3\" data-element_type=\"container\">\n\t\t\t\t<div class=\"elementor-element elementor-element-996a4f5 elementor-widget elementor-widget-text-editor\" data-id=\"996a4f5\" data-element_type=\"widget\" data-widget_type=\"text-editor.default\">\n\t\t\t\t\t\t\t\t\t\n<article class=\"text-token-text-primary w-full\" dir=\"auto\" data-testid=\"conversation-turn-14\" data-scroll-anchor=\"true\">\n<div class=\"text-base my-auto mx-auto py-5 [--thread-content-margin:--spacing(4)] @[37rem]:[--thread-content-margin:--spacing(6)] @[70rem]:[--thread-content-margin:--spacing(12)] px-(--thread-content-margin)\">\n<div class=\"[--thread-content-max-width:32rem] @[34rem]:[--thread-content-max-width:40rem] @[64rem]:[--thread-content-max-width:48rem] mx-auto flex max-w-(--thread-content-max-width) flex-1 text-base gap-4 md:gap-5 lg:gap-6 group\/turn-messages focus-visible:outline-hidden\" tabindex=\"-1\">\n<div class=\"group\/conversation-turn relative flex w-full min-w-0 flex-col agent-turn\">\n<div class=\"relative flex-col gap-1 md:gap-3\">\n<div class=\"flex max-w-full flex-col grow\">\n<div class=\"min-h-8 text-message relative flex w-full flex-col items-end gap-2 text-start break-words whitespace-normal [.text-message+&amp;]:mt-5\" dir=\"auto\" data-message-author-role=\"assistant\" data-message-id=\"bb171e5c-f1ab-4e79-aafd-57eea6fab070\" data-message-model-slug=\"gpt-4o-mini\">\n<div class=\"flex w-full flex-col gap-1 empty:hidden first:pt-[3px]\">\n<div class=\"markdown prose dark:prose-invert w-full break-words dark\">\n<p><strong>Primera capa: ADVERTENCIA SOBRE EL USO DE COOKIES. \u00abACEPTAR COOKIES\u00bb, \u00abRECHAZAR COOKIES OPCIONALES\u00bb y \u00abCONFIGURAR COOKIES\u00bb.<\/strong><\/p>\n<p><strong>Esta capa debe ser proporcionada al usuario en el primer acceso al sitio del proveedor, ya sea a trav\u00e9s de la barra de encabezado, pie de p\u00e1gina o ventana emergente de la p\u00e1gina de inicio.<\/strong><\/p>\n<p data-start=\"142\" data-end=\"608\"><strong>A) Primera capa de texto si se utilizan cookies que requieren consentimiento:<\/strong><\/p>\n<p class=\"\" data-start=\"142\" data-end=\"608\"><strong data-start=\"142\" data-end=\"608\">&#8220;<\/strong>Utilizamos cookies propias y de terceros para mejorar nuestros servicios y ofrecerte una mejor experiencia (por ejemplo, mostr\u00e1ndote anuncios personalizados) mediante el an\u00e1lisis de tus h\u00e1bitos de navegaci\u00f3n (como las p\u00e1ginas visitadas). Puedes aceptar todas las cookies haciendo clic en el bot\u00f3n \u00abAceptar\u00bb, rechazar las cookies opcionales haciendo clic en el bot\u00f3n \u00abRechazar cookies opcionales\u00bb o configurarlas haciendo clic en el bot\u00f3n \u00abConfigurar cookies\u00bb. Para obtener m\u00e1s informaci\u00f3n, haz clic en <strong><a href=\"https:\/\/royalthaimassagelasamericas.com\/es\/cookies-policy\/\">AQU\u00cd<\/a>.<\/strong><\/p>\n<ul data-start=\"610\" data-end=\"700\">\n<li class=\"\" data-start=\"610\" data-end=\"630\">\n<p class=\"\" data-start=\"612\" data-end=\"630\"><strong data-start=\"612\" data-end=\"630\">Bot\u00f3n: Aceptar<\/strong><\/p>\n<\/li>\n<li class=\"\" data-start=\"631\" data-end=\"668\">\n<p class=\"\" data-start=\"633\" data-end=\"668\"><strong data-start=\"633\" data-end=\"668\">Bot\u00f3n: Rechazar cookies opcionales<\/strong><\/p>\n<\/li>\n<li class=\"\" data-start=\"669\" data-end=\"700\">\n<p class=\"\" data-start=\"671\" data-end=\"700\"><strong data-start=\"671\" data-end=\"700\">Bot\u00f3n: Configurar Cookies<\/strong><\/p>\n<\/li>\n<\/ul>\n<p class=\"\" data-start=\"707\" data-end=\"792\"><strong data-start=\"707\" data-end=\"792\">B) Texto en caso de que se utilicen cookies exceptuadas de la obligaci\u00f3n de informaci\u00f3n y consentimiento:<\/strong><\/p>\n<p class=\"\" data-start=\"794\" data-end=\"1138\">\u201cEste sitio web utiliza \u00fanicamente cookies propias con fines t\u00e9cnicos. No recopila ni divulga datos personales de los usuarios sin su conocimiento. Sin embargo, puede contener enlaces a sitios web de terceros con pol\u00edticas de privacidad independientes que puede aceptar o rechazar al acceder a ellos. Para obtener m\u00e1s informaci\u00f3n, haga clic aqu\u00ed. <a href=\"https:\/\/royalthaimassagelasamericas.com\/es\/cookies-policy\/\"><strong>AQU\u00cd.<\/strong><\/a><\/p>\n<ul data-start=\"1140\" data-end=\"1160\">\n<li class=\"\" data-start=\"1140\" data-end=\"1160\">\n<p class=\"\" data-start=\"1142\" data-end=\"1160\"><strong data-start=\"1142\" data-end=\"1160\">Bot\u00f3n: Aceptar<\/strong><\/p>\n<\/li>\n<\/ul>\n<p>\u00a0<\/p>\n<p><strong>Segunda capa: POL\u00cdTICA DE COOKIES.<\/strong><\/p>\n<p><strong>Debe consistir en un documento espec\u00edfico e independiente de las condiciones de uso, aviso legal o pol\u00edtica de privacidad.<\/strong><br \/><strong>Se deber\u00e1 incluir un enlace a la pol\u00edtica de cookies en el pie de p\u00e1gina del sitio web, siendo visible desde cualquier ventana del navegador.<\/strong><\/p>\n<p data-start=\"1167\" data-end=\"1200\"><strong data-start=\"1171\" data-end=\"1200\">Pol\u00edtica de cookies\u00a0<\/strong><\/p>\n<p class=\"\" data-start=\"1202\" data-end=\"1827\">A <strong data-start=\"1204\" data-end=\"1214\">galleta<\/strong> Es un archivo que se descarga en su ordenador al acceder a determinadas p\u00e1ginas web. Las cookies permiten a un sitio web, entre otras cosas, almacenar y recuperar informaci\u00f3n sobre los h\u00e1bitos de navegaci\u00f3n del usuario o de su dispositivo y, dependiendo de la informaci\u00f3n que contengan y del uso que se haga del dispositivo, pueden utilizarse para reconocer al usuario. El navegador del usuario almacena cookies en el disco duro solo durante la sesi\u00f3n actual, ocupando un espacio m\u00ednimo de memoria y sin perjudicar al ordenador. Las cookies no contienen informaci\u00f3n personal espec\u00edfica y la mayor\u00eda se eliminan al finalizar la sesi\u00f3n de navegaci\u00f3n (conocidas como cookies de sesi\u00f3n).<\/p>\n<p class=\"\" data-start=\"1829\" data-end=\"1953\">La mayor\u00eda de los navegadores aceptan como est\u00e1ndar a las cookies, pero permiten o bloquean las cookies temporales o memorizadas en los ajustes de seguridad.<\/p>\n<p class=\"\" data-start=\"1955\" data-end=\"2136\">Sin su expreso consentimiento, mediante la activaci\u00f3n de las cookies en su navegador, no enlazaremos los datos memorizados con sus datos personales proporcionados en el momento de su solicitud o compra.<\/p>\n<p data-start=\"2143\" data-end=\"2173\"><strong data-start=\"2147\" data-end=\"2173\">Tipos de cookies utilizadas:<\/strong><\/p>\n<ol data-start=\"2175\" data-end=\"3436\">\n<li class=\"\" data-start=\"2175\" data-end=\"2384\">\n<p class=\"\" data-start=\"2178\" data-end=\"2220\"><strong data-start=\"2178\" data-end=\"2220\">Seg\u00fan la entidad que los gestiona:<\/strong><\/p>\n<ul data-start=\"2224\" data-end=\"2384\">\n<li class=\"\" data-start=\"2224\" data-end=\"2289\">\n<p class=\"\" data-start=\"2226\" data-end=\"2289\"><strong data-start=\"2226\" data-end=\"2242\">Cookies propias:<\/strong> Estos se env\u00edan desde nuestros propios sistemas o dominio.<\/p>\n<\/li>\n<li class=\"\" data-start=\"2293\" data-end=\"2384\">\n<p class=\"\" data-start=\"2295\" data-end=\"2384\"><strong data-start=\"2295\" data-end=\"2319\">Cookies de terceros:<\/strong> Estos se env\u00edan desde un sistema o dominio administrado por un tercero.<\/p>\n<\/li>\n<\/ul>\n<\/li>\n<li class=\"\" data-start=\"2386\" data-end=\"2680\">\n<p class=\"\" data-start=\"2389\" data-end=\"2449\"><strong data-start=\"2389\" data-end=\"2449\">Seg\u00fan el plazo de tiempo que permanecen activadas:<\/strong><\/p>\n<ul data-start=\"2453\" data-end=\"2680\">\n<li class=\"\" data-start=\"2453\" data-end=\"2546\">\n<p class=\"\" data-start=\"2455\" data-end=\"2546\"><strong data-start=\"2455\" data-end=\"2475\">Cookies de sesi\u00f3n:<\/strong> Son cookies temporales que desaparecen al cerrar el navegador.<\/p>\n<\/li>\n<li class=\"\" data-start=\"2550\" data-end=\"2680\">\n<p class=\"\" data-start=\"2552\" data-end=\"2680\"><strong data-start=\"2552\" data-end=\"2575\">Cookies persistentes:<\/strong> \u00c9stas se almacenan en el disco duro y se leen en cada nueva visita, con un periodo de caducidad preestablecido.<\/p>\n<\/li>\n<\/ul>\n<\/li>\n<li class=\"\" data-start=\"2682\" data-end=\"3436\">\n<p class=\"\" data-start=\"2685\" data-end=\"2716\"><strong data-start=\"2685\" data-end=\"2716\">Seg\u00fan su finalidad:<\/strong><\/p>\n<ul data-start=\"2720\" data-end=\"3436\">\n<li class=\"\" data-start=\"2720\" data-end=\"2925\">\n<p class=\"\" data-start=\"2722\" data-end=\"2925\"><strong data-start=\"2722\" data-end=\"2744\">Cookies t\u00e9cnicas:<\/strong> \u00c9stas permiten al usuario tener una experiencia de navegaci\u00f3n satisfactoria, ya que posibilitan el correcto funcionamiento del sitio web (por ejemplo, controlar el tr\u00e1fico, acceder a \u00e1reas restringidas, etc.).<\/p>\n<\/li>\n<li class=\"\" data-start=\"2929\" data-end=\"3053\">\n<p class=\"\" data-start=\"2931\" data-end=\"3053\"><strong data-start=\"2931\" data-end=\"2959\">Cookies de personalizaci\u00f3n:<\/strong> Permiten al usuario acceder al servicio con caracter\u00edsticas predefinidas, como por ejemplo el idioma.<\/p>\n<\/li>\n<li class=\"\" data-start=\"3057\" data-end=\"3151\">\n<p class=\"\" data-start=\"3059\" data-end=\"3151\"><strong data-start=\"3059\" data-end=\"3081\">Cookies de an\u00e1lisis:<\/strong> \u00c9stas recopilan informaci\u00f3n sobre la actividad del usuario para mejorar el servicio.<\/p>\n<\/li>\n<li class=\"\" data-start=\"3155\" data-end=\"3214\">\n<p class=\"\" data-start=\"3157\" data-end=\"3214\"><strong data-start=\"3157\" data-end=\"3181\">Cookies publicitarias:<\/strong> Estos gestionan espacios publicitarios.<\/p>\n<\/li>\n<li class=\"\" data-start=\"3218\" data-end=\"3436\">\n<p class=\"\" data-start=\"3220\" data-end=\"3436\"><strong data-start=\"3220\" data-end=\"3255\">Cookies de publicidad comportamental:<\/strong> Estas almacenan informaci\u00f3n del comportamiento del usuario obtenida a trav\u00e9s de la observaci\u00f3n continuada de sus h\u00e1bitos de navegaci\u00f3n, lo que permite desarrollar un perfil espec\u00edfico para mostrar publicidad en funci\u00f3n del mismo.<\/p>\n<\/li>\n<\/ul>\n<\/li>\n<\/ol>\n<p>\u00a0<\/p>\n<p><strong>A continuaci\u00f3n, detallamos las Cookies utilizadas en nuestra web y su finalidad:<\/strong><\/p>\n<p><strong>COOKIES PROPIAS:<\/strong><\/p>\n<p>Nombre<br \/>Tipo<br \/>Objetivo<br \/>*Excluido\/no excluido (del deber de informaci\u00f3n y consentimiento).<br \/><br \/>*Se entienden como cookies excluidas del deber de informaci\u00f3n y consentimiento aquellas que son estrictamente necesarias para la prestaci\u00f3n de un servicio estrictamente solicitado por el usuario o aquellas necesarias \u00fanicamente para permitir la comunicaci\u00f3n entre el equipo del usuario y la red, tales como: cookies de sesi\u00f3n, cookies t\u00e9cnicas y cookies de personalizaci\u00f3n.<br \/>\u2003<\/p>\n<p><strong>COOKIES DE TERCEROS:<\/strong><\/p>\n<p>Nombre del proveedor<br \/>Finalidad de la cookie<br \/>Descripci\u00f3n de la finalidad de la Cookie<br \/>Para m\u00e1s informaci\u00f3n sobre el uso de Cookies de este tercero (enlace).<\/p>\n<p>Estas listas se actualizan con la mayor brevedad posible cuando se produce alg\u00fan cambio en los servicios ofrecidos en la web. Sin embargo, puede ocurrir que durante la actualizaci\u00f3n la lista ya no incluya ninguna cookie, aunque siempre se referir\u00e1 a cookies con la misma finalidad que las registradas en la lista.<\/p>\n<div class=\"tableContainer horzScrollShadows relative\">\u00a0<\/div>\n<p data-start=\"3965\" data-end=\"4028\"><strong data-start=\"3969\" data-end=\"4028\">Aceptaci\u00f3n de cookies y c\u00f3mo deshabilitarlas o eliminarlas:<\/strong><\/p>\n<p class=\"\" data-start=\"4030\" data-end=\"4344\">Al utilizar este sitio web, el usuario consiente expresamente el tratamiento de la informaci\u00f3n recopilada en la forma y para los fines descritos anteriormente. Asimismo, reconoce la posibilidad de rechazar el tratamiento de dichos datos rechazando el uso de cookies mediante la configuraci\u00f3n adecuada de su navegador.<\/p>\n<p class=\"\" data-start=\"4346\" data-end=\"4474\"><strong data-start=\"4346\" data-end=\"4383\">\u00bfC\u00f3mo deshabilitar o eliminar las cookies?<\/strong> Puedes permitir, bloquear o eliminar las cookies a trav\u00e9s de la configuraci\u00f3n del navegador que est\u00e9s utilizando:<\/p>\n<ul data-start=\"4476\" data-end=\"4974\">\n<li class=\"\" data-start=\"4476\" data-end=\"4610\">\n<p class=\"\" data-start=\"4478\" data-end=\"4610\"><strong data-start=\"4478\" data-end=\"4500\">Explorador de Internet:<\/strong> <a class=\"\" href=\"https:\/\/windows.microsoft.com\/es-xl\/internet-explorer\/delete-manage-cookies#ie=ie-10\" target=\"_new\" rel=\"noopener\" data-start=\"4501\" data-end=\"4610\">Gu\u00eda para eliminar cookies<\/a><\/p>\n<\/li>\n<li class=\"\" data-start=\"4611\" data-end=\"4701\">\n<p class=\"\" data-start=\"4613\" data-end=\"4701\"><strong data-start=\"4613\" data-end=\"4625\">Firefox:<\/strong> <a class=\"\" href=\"https:\/\/support.mozilla.org\/es\/kb\/Borrar%20cookies\" target=\"_new\" rel=\"noopener\" data-start=\"4626\" data-end=\"4701\">Gu\u00eda para eliminar cookies<\/a><\/p>\n<\/li>\n<li class=\"\" data-start=\"4702\" data-end=\"4793\">\n<p class=\"\" data-start=\"4704\" data-end=\"4793\"><strong data-start=\"4704\" data-end=\"4715\">Cromo:<\/strong> <a class=\"\" href=\"https:\/\/support.google.com\/chrome\/answer\/95647?hl=es\" target=\"_new\" rel=\"noopener\" data-start=\"4716\" data-end=\"4793\">Gu\u00eda para eliminar cookies<\/a><\/p>\n<\/li>\n<li class=\"\" data-start=\"4794\" data-end=\"4881\">\n<p class=\"\" data-start=\"4796\" data-end=\"4881\"><strong data-start=\"4796\" data-end=\"4807\">Safari:<\/strong> <a class=\"\" href=\"https:\/\/www.apple.com\/es\/privacy\/use-of-cookies\/\" target=\"_new\" rel=\"noopener\" data-start=\"4808\" data-end=\"4881\">Gu\u00eda para eliminar cookies<\/a><\/p>\n<\/li>\n<li class=\"\" data-start=\"4882\" data-end=\"4974\">\n<p class=\"\" data-start=\"4884\" data-end=\"4974\"><strong data-start=\"4884\" data-end=\"4894\">\u00d3pera:<\/strong> <a class=\"\" href=\"http:\/\/help.opera.com\/Windows\/12.00\/es-ES\/cookies.html\" target=\"_new\" rel=\"noopener\" data-start=\"4895\" data-end=\"4974\">Gu\u00eda para eliminar cookies<\/a><\/p>\n<\/li>\n<\/ul>\n<p class=\"\" data-start=\"4981\" data-end=\"5127\">Si tiene alguna duda sobre esta pol\u00edtica de cookies, puede contactar con nosotros enviando un correo electr\u00f3nico a la direcci\u00f3n indicada en la <strong data-start=\"5108\" data-end=\"5126\">pol\u00edtica de privacidad<\/strong>.<\/p>\n<p class=\"\" data-start=\"5134\" data-end=\"5275\">Este texto cumple con los requisitos legales en materia de cookies, ofreciendo al usuario la opci\u00f3n de aceptar, rechazar o configurar las cookies.<\/p>\n<\/div>\n<\/div>\n<\/div>\n<\/div>\n<\/div>\n<\/div>\n<\/div>\n<\/div>\n<\/article>\n\t\t\t\t\t\t\t\t<\/div>\n\t\t\t\t<\/div>\n\t\t\t\t<\/div>","protected":false},"excerpt":{"rendered":"<p>First layer: WARNING USE OF COOKIES. \u201cACCEPT COOKIES\u201d, \u2018REJECT OPTIONAL COOKIES\u2019 and \u2018CONFIGURE COOKIES\u2019. This layer must be provided to the user in the first access to the provider&#8217;s site, either through the header bar, footer or pop-up window of the home page. A) Text first layer if using cookies that require consent: &#8220;We use [&hellip;]<\/p>","protected":false},"author":2,"featured_media":0,"parent":0,"menu_order":0,"comment_status":"closed","ping_status":"closed","template":"","meta":{"footnotes":""},"class_list":["post-55","page","type-page","status-publish","hentry"],"yoast_head":"<!-- This site is optimized with the Yoast SEO plugin v26.4 - https:\/\/yoast.com\/wordpress\/plugins\/seo\/ -->\n<title>Cookies Policy - Royal Thai Massages<\/title>\n<meta name=\"robots\" content=\"index, follow, max-snippet:-1, max-image-preview:large, max-video-preview:-1\" \/>\n<link rel=\"canonical\" href=\"https:\/\/royalthaimassagelasamericas.com\/es\/cookies-policy\/\" \/>\n<meta property=\"og:locale\" content=\"es_ES\" \/>\n<meta property=\"og:type\" content=\"article\" \/>\n<meta property=\"og:title\" content=\"Cookies Policy - Royal Thai Massages\" \/>\n<meta property=\"og:description\" content=\"First layer: WARNING USE OF COOKIES. \u201cACCEPT COOKIES\u201d, \u2018REJECT OPTIONAL COOKIES\u2019 and \u2018CONFIGURE COOKIES\u2019. This layer must be provided to the user in the first access to the provider&#8217;s site, either through the header bar, footer or pop-up window of the home page. A) Text first layer if using cookies that require consent: &#8220;We use [&hellip;]\" \/>\n<meta property=\"og:url\" content=\"https:\/\/royalthaimassagelasamericas.com\/es\/cookies-policy\/\" \/>\n<meta property=\"og:site_name\" content=\"Royal Thai Massages\" \/>\n<meta property=\"article:modified_time\" content=\"2025-11-21T17:08:56+00:00\" \/>\n<meta name=\"twitter:card\" content=\"summary_large_image\" \/>\n<meta name=\"twitter:label1\" content=\"Tiempo de lectura\" \/>\n\t<meta name=\"twitter:data1\" content=\"5 minutos\" \/>\n<script type=\"application\/ld+json\" class=\"yoast-schema-graph\">{\"@context\":\"https:\/\/schema.org\",\"@graph\":[{\"@type\":\"WebPage\",\"@id\":\"https:\/\/royalthaimassagelasamericas.com\/cookies-policy\/\",\"url\":\"https:\/\/royalthaimassagelasamericas.com\/cookies-policy\/\",\"name\":\"Cookies Policy - Royal Thai Massages\",\"isPartOf\":{\"@id\":\"https:\/\/royalthaimassagelasamericas.com\/es\/#website\"},\"datePublished\":\"2025-03-20T17:28:55+00:00\",\"dateModified\":\"2025-11-21T17:08:56+00:00\",\"breadcrumb\":{\"@id\":\"https:\/\/royalthaimassagelasamericas.com\/cookies-policy\/#breadcrumb\"},\"inLanguage\":\"es\",\"potentialAction\":[{\"@type\":\"ReadAction\",\"target\":[\"https:\/\/royalthaimassagelasamericas.com\/cookies-policy\/\"]}]},{\"@type\":\"BreadcrumbList\",\"@id\":\"https:\/\/royalthaimassagelasamericas.com\/cookies-policy\/#breadcrumb\",\"itemListElement\":[{\"@type\":\"ListItem\",\"position\":1,\"name\":\"Portada\",\"item\":\"https:\/\/royalthaimassagelasamericas.com\/\"},{\"@type\":\"ListItem\",\"position\":2,\"name\":\"Cookies Policy\"}]},{\"@type\":\"WebSite\",\"@id\":\"https:\/\/royalthaimassagelasamericas.com\/es\/#website\",\"url\":\"https:\/\/royalthaimassagelasamericas.com\/es\/\",\"name\":\"Royal Thai Massages\",\"description\":\"Masajes tailandeses aut\u00e9nticos en Tenerife Sur\",\"potentialAction\":[{\"@type\":\"SearchAction\",\"target\":{\"@type\":\"EntryPoint\",\"urlTemplate\":\"https:\/\/royalthaimassagelasamericas.com\/es\/?s={search_term_string}\"},\"query-input\":{\"@type\":\"PropertyValueSpecification\",\"valueRequired\":true,\"valueName\":\"search_term_string\"}}],\"inLanguage\":\"es\"}]}<\/script>\n<!-- \/ Yoast SEO plugin. -->","yoast_head_json":{"title":"Cookies Policy - Royal Thai Massages","robots":{"index":"index","follow":"follow","max-snippet":"max-snippet:-1","max-image-preview":"max-image-preview:large","max-video-preview":"max-video-preview:-1"},"canonical":"https:\/\/royalthaimassagelasamericas.com\/es\/cookies-policy\/","og_locale":"es_ES","og_type":"article","og_title":"Cookies Policy - Royal Thai Massages","og_description":"First layer: WARNING USE OF COOKIES. \u201cACCEPT COOKIES\u201d, \u2018REJECT OPTIONAL COOKIES\u2019 and \u2018CONFIGURE COOKIES\u2019. This layer must be provided to the user in the first access to the provider&#8217;s site, either through the header bar, footer or pop-up window of the home page. A) Text first layer if using cookies that require consent: &#8220;We use [&hellip;]","og_url":"https:\/\/royalthaimassagelasamericas.com\/es\/cookies-policy\/","og_site_name":"Royal Thai Massages","article_modified_time":"2025-11-21T17:08:56+00:00","twitter_card":"summary_large_image","twitter_misc":{"Tiempo de lectura":"5 minutos"},"schema":{"@context":"https:\/\/schema.org","@graph":[{"@type":"WebPage","@id":"https:\/\/royalthaimassagelasamericas.com\/cookies-policy\/","url":"https:\/\/royalthaimassagelasamericas.com\/cookies-policy\/","name":"Cookies Policy - Royal Thai Massages","isPartOf":{"@id":"https:\/\/royalthaimassagelasamericas.com\/es\/#website"},"datePublished":"2025-03-20T17:28:55+00:00","dateModified":"2025-11-21T17:08:56+00:00","breadcrumb":{"@id":"https:\/\/royalthaimassagelasamericas.com\/cookies-policy\/#breadcrumb"},"inLanguage":"es","potentialAction":[{"@type":"ReadAction","target":["https:\/\/royalthaimassagelasamericas.com\/cookies-policy\/"]}]},{"@type":"BreadcrumbList","@id":"https:\/\/royalthaimassagelasamericas.com\/cookies-policy\/#breadcrumb","itemListElement":[{"@type":"ListItem","position":1,"name":"Portada","item":"https:\/\/royalthaimassagelasamericas.com\/"},{"@type":"ListItem","position":2,"name":"Cookies Policy"}]},{"@type":"WebSite","@id":"https:\/\/royalthaimassagelasamericas.com\/es\/#website","url":"https:\/\/royalthaimassagelasamericas.com\/es\/","name":"Masajes tailandeses reales","description":"Masajes tailandeses aut\u00e9nticos en Tenerife Sur","potentialAction":[{"@type":"SearchAction","target":{"@type":"EntryPoint","urlTemplate":"https:\/\/royalthaimassagelasamericas.com\/es\/?s={search_term_string}"},"query-input":{"@type":"PropertyValueSpecification","valueRequired":true,"valueName":"search_term_string"}}],"inLanguage":"es"}]}},"_links":{"self":[{"href":"https:\/\/royalthaimassagelasamericas.com\/es\/wp-json\/wp\/v2\/pages\/55","targetHints":{"allow":["GET"]}}],"collection":[{"href":"https:\/\/royalthaimassagelasamericas.com\/es\/wp-json\/wp\/v2\/pages"}],"about":[{"href":"https:\/\/royalthaimassagelasamericas.com\/es\/wp-json\/wp\/v2\/types\/page"}],"author":[{"embeddable":true,"href":"https:\/\/royalthaimassagelasamericas.com\/es\/wp-json\/wp\/v2\/users\/2"}],"replies":[{"embeddable":true,"href":"https:\/\/royalthaimassagelasamericas.com\/es\/wp-json\/wp\/v2\/comments?post=55"}],"version-history":[{"count":75,"href":"https:\/\/royalthaimassagelasamericas.com\/es\/wp-json\/wp\/v2\/pages\/55\/revisions"}],"predecessor-version":[{"id":2908,"href":"https:\/\/royalthaimassagelasamericas.com\/es\/wp-json\/wp\/v2\/pages\/55\/revisions\/2908"}],"wp:attachment":[{"href":"https:\/\/royalthaimassagelasamericas.com\/es\/wp-json\/wp\/v2\/media?parent=55"}],"curies":[{"name":"wp","href":"https:\/\/api.w.org\/{rel}","templated":true}]}}