{"id":47,"date":"2025-03-20T17:30:35","date_gmt":"2025-03-20T17:30:35","guid":{"rendered":"https:\/\/royalthaimassagelasamericas.com\/?page_id=47"},"modified":"2025-11-21T17:04:50","modified_gmt":"2025-11-21T17:04:50","slug":"legal-notice","status":"publish","type":"page","link":"https:\/\/royalthaimassagelasamericas.com\/fr\/legal-notice\/","title":{"rendered":"Mentions l\u00e9gales"},"content":{"rendered":"<style>.elementor-47 .elementor-element.elementor-element-ca47add{--display:flex;--flex-direction:row;--container-widget-width:calc( ( 1 - var( --container-widget-flex-grow ) ) * 100% );--container-widget-height:100%;--container-widget-flex-grow:1;--container-widget-align-self:stretch;--flex-wrap-mobile:wrap;--align-items:center;--gap:0px 0px;--row-gap:0px;--column-gap:0px;--margin-top:0px;--margin-bottom:0px;--margin-left:0px;--margin-right:0px;--padding-top:6em;--padding-bottom:6em;--padding-left:1em;--padding-right:1em;}.elementor-47 .elementor-element.elementor-element-ca47add:not(.elementor-motion-effects-element-type-background), .elementor-47 .elementor-element.elementor-element-ca47add > .elementor-motion-effects-container > .elementor-motion-effects-layer{background-color:var( --e-global-color-c3280bb );}.elementor-47 .elementor-element.elementor-element-d80e543{width:100%;max-width:100%;text-align:center;}.elementor-47 .elementor-element.elementor-element-d80e543 .elementor-heading-title{font-size:55px;color:var( --e-global-color-accent );}.elementor-47 .elementor-element.elementor-element-7cdd2780{--display:flex;--margin-top:0px;--margin-bottom:0px;--margin-left:0px;--margin-right:0px;--padding-top:4%;--padding-bottom:4%;--padding-left:4%;--padding-right:4%;}.elementor-47 .elementor-element.elementor-element-7cdd2780.e-con{--flex-grow:0;--flex-shrink:0;}.elementor-47 .elementor-element.elementor-element-717716ca{padding:0em 0em 0em 0em;}:root{--page-title-display:none;}@media(min-width:768px){.elementor-47 .elementor-element.elementor-element-ca47add{--content-width:1290px;}.elementor-47 .elementor-element.elementor-element-7cdd2780{--width:100%;}}@media(max-width:1024px){.elementor-47 .elementor-element.elementor-element-ca47add{--margin-top:0px;--margin-bottom:0px;--margin-left:0px;--margin-right:0px;}}@media(max-width:767px){.elementor-47 .elementor-element.elementor-element-ca47add{--margin-top:0px;--margin-bottom:0px;--margin-left:0px;--margin-right:0px;--padding-top:6em;--padding-bottom:6em;--padding-left:1em;--padding-right:1em;}.elementor-47 .elementor-element.elementor-element-d80e543 .elementor-heading-title{font-size:35px;}.elementor-47 .elementor-element.elementor-element-7cdd2780{--margin-top:0px;--margin-bottom:0px;--margin-left:0px;--margin-right:0px;}}<\/style>\t\t<div data-elementor-type=\"wp-page\" data-elementor-id=\"47\" class=\"elementor elementor-47\" data-elementor-post-type=\"page\">\n\t\t\t\t<div class=\"elementor-element elementor-element-ca47add e-flex e-con-boxed e-con e-parent\" data-id=\"ca47add\" data-element_type=\"container\" data-settings=\"{&quot;background_background&quot;:&quot;classic&quot;}\">\n\t\t\t\t\t<div class=\"e-con-inner\">\n\t\t\t\t<div class=\"elementor-element elementor-element-d80e543 elementor-widget__width-inherit elementor-widget elementor-widget-heading\" data-id=\"d80e543\" data-element_type=\"widget\" data-widget_type=\"heading.default\">\n\t\t\t\t\t<h1 class=\"elementor-heading-title elementor-size-default\">Mentions l\u00e9gales<\/h1>\t\t\t\t<\/div>\n\t\t\t\t\t<\/div>\n\t\t\t\t<\/div>\n\t\t<div class=\"elementor-element elementor-element-7cdd2780 e-con-full e-flex e-con e-parent\" data-id=\"7cdd2780\" data-element_type=\"container\">\n\t\t\t\t<div class=\"elementor-element elementor-element-717716ca elementor-widget elementor-widget-text-editor\" data-id=\"717716ca\" data-element_type=\"widget\" data-widget_type=\"text-editor.default\">\n\t\t\t\t\t\t\t\t\t<p>Conform\u00e9ment aux dispositions de l&#039;article 10 de la loi 34\/2002 du 11 juillet sur les services de la soci\u00e9t\u00e9 de l&#039;information et du commerce \u00e9lectronique (LSSI-CE), il est inform\u00e9 que le propri\u00e9taire de ce site Web et le responsable des services fournis par son interm\u00e9diaire est :<\/p><p>Entreprise: JOSE ALBERTO ZAMARO MARRERO<br \/>NIF : 45456608Y<br \/>Adresse : CALLE EL CABO N 10 PISO 2 PUERTA 5<br \/>CP et Ville : 38618, LOS ABRIGOS, SANTA CRUZ DE TENERIFE,<br \/>T\u00e9l\u00e9phone : 689514571<br \/>Mail: <a href=\"\/fr\/info@royalthaimassage.com\/\" target=\"_blank\" rel=\"noopener\"><strong>info@royalthaimassage.com<\/strong><\/a><\/p><p class=\"\" data-start=\"66\" data-end=\"237\">Pour obtenir des informations compl\u00e9mentaires, vous pouvez nous contacter en appelant le num\u00e9ro de t\u00e9l\u00e9phone indiqu\u00e9 ci-dessus ou en envoyant un e-mail \u00e0 <strong><a href=\"mailto:johhnny_05@hotmal.com\">johnhnny_05@hotmal.com<\/a><\/strong><\/p><p class=\"\" data-start=\"66\" data-end=\"237\"><strong data-start=\"191\" data-end=\"237\">CONDITIONS G\u00c9N\u00c9RALES D&#039;UTILISATION DU SITE WEB<\/strong><\/p><p class=\"\" data-start=\"239\" data-end=\"550\"><strong data-start=\"239\" data-end=\"265\">1. Responsabilit\u00e9 de l&#039;utilisateur<\/strong><br data-start=\"265\" data-end=\"268\" \/>Il est de la responsabilit\u00e9 des visiteurs, clients ou utilisateurs de ce site web de lire attentivement les pr\u00e9sentes Conditions G\u00e9n\u00e9rales d&#039;Utilisation. L&#039;utilisation ou l&#039;acc\u00e8s au site web implique la connaissance et l&#039;acceptation pleine et enti\u00e8re de chacun des avertissements et conditions l\u00e9gales \u00e9tablis.<\/p><p class=\"\" data-start=\"552\" data-end=\"735\"><strong data-start=\"552\" data-end=\"584\">2. Consid\u00e9rations g\u00e9n\u00e9rales<\/strong><strong data-start=\"552\" data-end=\"584\">conditions d&#039;utilisation<\/strong><br data-start=\"584\" data-end=\"587\" \/>Notre site Web donne acc\u00e8s \u00e0 une multitude d&#039;informations, de services, de programmes ou de donn\u00e9es (ci-apr\u00e8s, \u00ab les contenus \u00bb) sur Internet appartenant \u00e0 : ZAMORANO MARRERO, JOSE ALBERTO (ci-apr\u00e8s \u00ab La Soci\u00e9t\u00e9 \u00bb) ou \u00e0 ses conc\u00e9dants de licence, auxquels LE CLIENT\/UTILISATEUR peut acc\u00e9der.<br data-start=\"908\" data-end=\"911\" \/>Le CLIENT\/UTILISATEUR assume la responsabilit\u00e9 de l&#039;utilisation du site web. Cette responsabilit\u00e9 s&#039;\u00e9tend \u00e0 toute inscription n\u00e9cessaire pour acc\u00e9der \u00e0 certains services ou contenus.<br data-start=\"1074\" data-end=\"1077\" \/>Lors de cette inscription, le CLIENT\/UTILISATEUR s&#039;engage \u00e0 fournir des informations v\u00e9ridiques et licites. Suite \u00e0 cette inscription, le CLIENT\/UTILISATEUR pourra se voir attribuer un mot de passe dont il sera responsable et s&#039;engage \u00e0 l&#039;utiliser avec diligence et confidentialit\u00e9.<\/p><p class=\"\" data-start=\"1359\" data-end=\"2631\">Fran\u00e7ais LE CLIENT\/UTILISATEUR s&#039;engage \u00e0 faire un usage appropri\u00e9 du contenu et des services (tels que les services de chat, les forums de discussion ou les groupes de discussion) que La Soci\u00e9t\u00e9 propose via son site Web et, \u00e0 titre d&#039;exemple mais non limitatif, s&#039;engage \u00e0 ne pas les utiliser pour (i) se livrer \u00e0 des activit\u00e9s ill\u00e9gales ou contraires \u00e0 la bonne foi et \u00e0 l&#039;ordre public ; (ii) diffuser du contenu ou de la propagande \u00e0 caract\u00e8re raciste, x\u00e9nophobe, pornographique-ill\u00e9gal, ou qui encourage le terrorisme ou viole les droits de l&#039;homme ; (iii) causer des dommages aux syst\u00e8mes physiques et logiques de La Soci\u00e9t\u00e9, de ses fournisseurs ou de tiers, introduire ou propager des virus informatiques ou tout autre syst\u00e8me physique ou logique capable de causer les dommages susmentionn\u00e9s ; (iv) tenter d&#039;acc\u00e9der et, le cas \u00e9ch\u00e9ant, d&#039;utiliser les comptes de messagerie d&#039;autres utilisateurs et de modifier ou de manipuler leurs messages.<br data-start=\"2197\" data-end=\"2200\" \/>La Soci\u00e9t\u00e9 se r\u00e9serve le droit de supprimer tous les commentaires et contributions portant atteinte \u00e0 la dignit\u00e9 humaine, discriminatoires, x\u00e9nophobes, racistes, pornographiques, mena\u00e7ant la jeunesse ou l&#039;enfance, l&#039;ordre public ou la s\u00e9curit\u00e9 publique, ou qu&#039;elle juge inappropri\u00e9s \u00e0 la publication. En tout \u00e9tat de cause, la Soci\u00e9t\u00e9 d\u00e9cline toute responsabilit\u00e9 quant aux opinions exprim\u00e9es par les utilisateurs via les forums, les chats ou autres outils de participation.<\/p><p class=\"\" data-start=\"2633\" data-end=\"2900\"><strong data-start=\"2633\" data-end=\"2658\">3. Droit d&#039;exclusion<\/strong><br data-start=\"2658\" data-end=\"2661\" \/>La Soci\u00e9t\u00e9 se r\u00e9serve le droit de refuser ou de retirer l&#039;acc\u00e8s au site Web et\/ou aux services propos\u00e9s sans pr\u00e9avis, \u00e0 sa propre demande ou \u00e0 celle d&#039;un tiers, aux utilisateurs qui ne respectent pas les pr\u00e9sentes Conditions G\u00e9n\u00e9rales d&#039;Utilisation.<\/p><p class=\"\" data-start=\"2902\" data-end=\"3639\"><strong data-start=\"2902\" data-end=\"2947\">4. Exclusion de garanties et de responsabilit\u00e9<\/strong><br data-start=\"2947\" data-end=\"2950\" \/>La Soci\u00e9t\u00e9 ne sera en aucun cas responsable des dommages de toute nature qui pourraient survenir, y compris, mais sans s&#039;y limiter : les erreurs ou omissions dans le contenu, le manque de disponibilit\u00e9 du site Web, ou la transmission de virus ou de programmes malveillants ou nuisibles dans le contenu, malgr\u00e9 avoir pris toutes les mesures technologiques n\u00e9cessaires pour l&#039;emp\u00eacher.<br data-start=\"3303\" data-end=\"3306\" \/>De m\u00eame, elle ne sera pas tenue responsable du manque de l\u00e9galit\u00e9, de qualit\u00e9, de fiabilit\u00e9, d&#039;utilit\u00e9 et de disponibilit\u00e9 des services fournis par des tiers et mis \u00e0 la disposition des utilisateurs sur ce site Web.<br data-start=\"3508\" data-end=\"3511\" \/>Enfin, la Soci\u00e9t\u00e9 ne sera pas responsable de toute utilisation illicite, n\u00e9gligente, frauduleuse ou autrement contraire aux pr\u00e9sentes conditions.<\/p><p class=\"\" data-start=\"3641\" data-end=\"4313\"><strong data-start=\"3641\" data-end=\"3653\">5. Liens<\/strong><br data-start=\"3653\" data-end=\"3656\" \/>Si le site web contient des liens ou des hyperliens vers d&#039;autres sites Internet, la Soci\u00e9t\u00e9 n&#039;exerce aucun contr\u00f4le sur ces sites et leur contenu. En aucun cas, la Soci\u00e9t\u00e9 n&#039;assume la responsabilit\u00e9 du contenu de tout lien appartenant \u00e0 un site web tiers, ni ne garantit la disponibilit\u00e9 technique, la qualit\u00e9, la fiabilit\u00e9, l&#039;exactitude, l&#039;exhaustivit\u00e9, la v\u00e9racit\u00e9, la validit\u00e9 ou la constitutionnalit\u00e9 de tout mat\u00e9riel ou information contenu dans ces liens ou autres sites Internet.<br data-start=\"4170\" data-end=\"4173\" \/>De m\u00eame, l\u2019inclusion de tels liens externes n\u2019implique aucun type d\u2019association, de fusion ou de participation avec les entit\u00e9s connect\u00e9es.<\/p><p class=\"\" data-start=\"4315\" data-end=\"5931\"><strong data-start=\"4315\" data-end=\"4343\">6. Propri\u00e9t\u00e9 intellectuelle<\/strong><br data-start=\"4343\" data-end=\"4346\" \/>La Soci\u00e9t\u00e9, par elle-m\u00eame ou en tant que cessionnaire, est titulaire de tous les droits de propri\u00e9t\u00e9 intellectuelle et industrielle de son site Web, ainsi que des \u00e9l\u00e9ments qui y sont contenus (y compris, mais sans s&#039;y limiter, les images, le son, l&#039;audio, la vid\u00e9o, les logiciels ou le texte ; les marques ou logos, les combinaisons de couleurs, la structure et la conception, la s\u00e9lection des mat\u00e9riaux utilis\u00e9s, les programmes informatiques n\u00e9cessaires \u00e0 son fonctionnement, son acc\u00e8s et son utilisation, etc.), appartenant \u00e0 la Soci\u00e9t\u00e9 ou \u00e0 ses conc\u00e9dants de licence.<br data-start=\"4792\" data-end=\"4795\" \/>La reproduction, la distribution, la communication publique, la transformation, l&#039;exploitation (notamment commerciale ou industrielle), la cession, la location, la vente, le pr\u00eat, la r\u00e9alisation de corrections, d&#039;extractions et\/ou de r\u00e9utilisation ou l&#039;exercice de tout autre droit de propri\u00e9t\u00e9 intellectuelle ou industrielle non express\u00e9ment conc\u00e9d\u00e9 par \u00e9crit par la Soci\u00e9t\u00e9 sont express\u00e9ment interdits.<br data-start=\"5139\" data-end=\"5142\" \/>Le CLIENT\/UTILISATEUR reconna\u00eet les droits de propri\u00e9t\u00e9 intellectuelle et industrielle de la Soci\u00e9t\u00e9. Il s&#039;engage \u00e0 respecter ces droits. Les utilisateurs peuvent consulter les \u00e9l\u00e9ments du site web, les imprimer, les copier et les stocker sur le disque dur de leur ordinateur ou sur tout autre support physique, \u00e0 condition que ce soit uniquement pour leur usage personnel et priv\u00e9. Le CLIENT\/UTILISATEUR s&#039;interdit de supprimer, alt\u00e9rer, contourner ou manipuler tout dispositif de protection ou syst\u00e8me de s\u00e9curit\u00e9 \u00e9ventuellement install\u00e9 sur les pages de la Soci\u00e9t\u00e9.<br data-start=\"5743\" data-end=\"5746\" \/>LE CLIENT\/UTILISATEUR ne peut utiliser de quelque mani\u00e8re que ce soit les marques, logos, noms commerciaux, domaines internet ou tout autre signe distinctif de La Soci\u00e9t\u00e9 sans son consentement pr\u00e9alable expr\u00e8s et \u00e9crit.<\/p><p class=\"\" data-start=\"5933\" data-end=\"6120\"><strong data-start=\"5933\" data-end=\"5955\">7. Protection des donn\u00e9es<\/strong><br data-start=\"5955\" data-end=\"5958\" \/>La protection des donn\u00e9es sera r\u00e9gie par les dispositions contenues dans la section correspondante des pr\u00e9sentes conditions et dans la politique de confidentialit\u00e9 disponible sur le site Web.<\/p><p><!-- \/wp:paragraph --><\/p>\t\t\t\t\t\t\t\t<\/div>\n\t\t\t\t<\/div>\n\t\t\t\t<\/div>","protected":false},"excerpt":{"rendered":"<p>Conform\u00e9ment aux dispositions de l&#039;article 10 de la loi 34\/2002 du 11 juillet sur les services de la soci\u00e9t\u00e9 de l&#039;information et du commerce \u00e9lectronique (LSSI-CE), il est inform\u00e9 que le propri\u00e9taire de ce site Web et le responsable des services fournis par son interm\u00e9diaire est : Soci\u00e9t\u00e9 : JOSE ALBERTO ZAMARO MARRERONIF : 45456608YAdresse : CALLE EL CABO N 10 PISO [\u2026]<\/p>","protected":false},"author":2,"featured_media":0,"parent":0,"menu_order":0,"comment_status":"closed","ping_status":"closed","template":"elementor_header_footer","meta":{"footnotes":""},"class_list":["post-47","page","type-page","status-publish","hentry"],"yoast_head":"<!-- This site is optimized with the Yoast SEO plugin v26.4 - https:\/\/yoast.com\/wordpress\/plugins\/seo\/ -->\n<title>Legal Notice - Royal Thai Massages<\/title>\n<meta name=\"robots\" content=\"index, follow, max-snippet:-1, max-image-preview:large, max-video-preview:-1\" \/>\n<link rel=\"canonical\" href=\"https:\/\/royalthaimassagelasamericas.com\/fr\/legal-notice\/\" \/>\n<meta property=\"og:locale\" content=\"fr_FR\" \/>\n<meta property=\"og:type\" content=\"article\" \/>\n<meta property=\"og:title\" content=\"Legal Notice - Royal Thai Massages\" \/>\n<meta property=\"og:description\" content=\"In compliance with the provisions of Article 10 of Law 34\/2002, of July 11, on Information Society Services and Electronic Commerce (LSSI-CE), it is hereby informed that the owner of this website and the party responsible for the services provided through it is: Company: JOSE ALBERTO ZAMARO MARRERONIF: 45456608YAddress: CALLE EL CABO N 10 PISO [&hellip;]\" \/>\n<meta property=\"og:url\" content=\"https:\/\/royalthaimassagelasamericas.com\/fr\/legal-notice\/\" \/>\n<meta property=\"og:site_name\" content=\"Royal Thai Massages\" \/>\n<meta property=\"article:modified_time\" content=\"2025-11-21T17:04:50+00:00\" \/>\n<meta name=\"twitter:card\" content=\"summary_large_image\" \/>\n<meta name=\"twitter:label1\" content=\"Dur\u00e9e de lecture estim\u00e9e\" \/>\n\t<meta name=\"twitter:data1\" content=\"5 minutes\" \/>\n<script type=\"application\/ld+json\" class=\"yoast-schema-graph\">{\"@context\":\"https:\/\/schema.org\",\"@graph\":[{\"@type\":\"WebPage\",\"@id\":\"https:\/\/royalthaimassagelasamericas.com\/legal-notice\/\",\"url\":\"https:\/\/royalthaimassagelasamericas.com\/legal-notice\/\",\"name\":\"Legal Notice - Royal Thai Massages\",\"isPartOf\":{\"@id\":\"https:\/\/royalthaimassagelasamericas.com\/es\/#website\"},\"datePublished\":\"2025-03-20T17:30:35+00:00\",\"dateModified\":\"2025-11-21T17:04:50+00:00\",\"breadcrumb\":{\"@id\":\"https:\/\/royalthaimassagelasamericas.com\/legal-notice\/#breadcrumb\"},\"inLanguage\":\"fr-FR\",\"potentialAction\":[{\"@type\":\"ReadAction\",\"target\":[\"https:\/\/royalthaimassagelasamericas.com\/legal-notice\/\"]}]},{\"@type\":\"BreadcrumbList\",\"@id\":\"https:\/\/royalthaimassagelasamericas.com\/legal-notice\/#breadcrumb\",\"itemListElement\":[{\"@type\":\"ListItem\",\"position\":1,\"name\":\"Portada\",\"item\":\"https:\/\/royalthaimassagelasamericas.com\/\"},{\"@type\":\"ListItem\",\"position\":2,\"name\":\"Legal Notice\"}]},{\"@type\":\"WebSite\",\"@id\":\"https:\/\/royalthaimassagelasamericas.com\/es\/#website\",\"url\":\"https:\/\/royalthaimassagelasamericas.com\/es\/\",\"name\":\"Royal Thai Massages\",\"description\":\"Masajes tailandeses aut\u00e9nticos en Tenerife Sur\",\"potentialAction\":[{\"@type\":\"SearchAction\",\"target\":{\"@type\":\"EntryPoint\",\"urlTemplate\":\"https:\/\/royalthaimassagelasamericas.com\/es\/?s={search_term_string}\"},\"query-input\":{\"@type\":\"PropertyValueSpecification\",\"valueRequired\":true,\"valueName\":\"search_term_string\"}}],\"inLanguage\":\"fr-FR\"}]}<\/script>\n<!-- \/ Yoast SEO plugin. -->","yoast_head_json":{"title":"Mentions l\u00e9gales - Massages royaux tha\u00eflandais","robots":{"index":"index","follow":"follow","max-snippet":"max-snippet:-1","max-image-preview":"max-image-preview:large","max-video-preview":"max-video-preview:-1"},"canonical":"https:\/\/royalthaimassagelasamericas.com\/fr\/legal-notice\/","og_locale":"fr_FR","og_type":"article","og_title":"Legal Notice - Royal Thai Massages","og_description":"In compliance with the provisions of Article 10 of Law 34\/2002, of July 11, on Information Society Services and Electronic Commerce (LSSI-CE), it is hereby informed that the owner of this website and the party responsible for the services provided through it is: Company: JOSE ALBERTO ZAMARO MARRERONIF: 45456608YAddress: CALLE EL CABO N 10 PISO [&hellip;]","og_url":"https:\/\/royalthaimassagelasamericas.com\/fr\/legal-notice\/","og_site_name":"Royal Thai Massages","article_modified_time":"2025-11-21T17:04:50+00:00","twitter_card":"summary_large_image","twitter_misc":{"Dur\u00e9e de lecture estim\u00e9e":"5 minutes"},"schema":{"@context":"https:\/\/schema.org","@graph":[{"@type":"WebPage","@id":"https:\/\/royalthaimassagelasamericas.com\/legal-notice\/","url":"https:\/\/royalthaimassagelasamericas.com\/legal-notice\/","name":"Mentions l\u00e9gales - Massages royaux tha\u00eflandais","isPartOf":{"@id":"https:\/\/royalthaimassagelasamericas.com\/es\/#website"},"datePublished":"2025-03-20T17:30:35+00:00","dateModified":"2025-11-21T17:04:50+00:00","breadcrumb":{"@id":"https:\/\/royalthaimassagelasamericas.com\/legal-notice\/#breadcrumb"},"inLanguage":"fr-FR","potentialAction":[{"@type":"ReadAction","target":["https:\/\/royalthaimassagelasamericas.com\/legal-notice\/"]}]},{"@type":"BreadcrumbList","@id":"https:\/\/royalthaimassagelasamericas.com\/legal-notice\/#breadcrumb","itemListElement":[{"@type":"ListItem","position":1,"name":"Portada","item":"https:\/\/royalthaimassagelasamericas.com\/"},{"@type":"ListItem","position":2,"name":"Legal Notice"}]},{"@type":"WebSite","@id":"https:\/\/royalthaimassagelasamericas.com\/es\/#website","url":"https:\/\/royalthaimassagelasamericas.com\/es\/","name":"Massages tha\u00eflandais royaux","description":"Masajes tailandeses authentiques \u00e0 Tenerife Sur","potentialAction":[{"@type":"SearchAction","target":{"@type":"EntryPoint","urlTemplate":"https:\/\/royalthaimassagelasamericas.com\/es\/?s={search_term_string}"},"query-input":{"@type":"PropertyValueSpecification","valueRequired":true,"valueName":"search_term_string"}}],"inLanguage":"fr-FR"}]}},"_links":{"self":[{"href":"https:\/\/royalthaimassagelasamericas.com\/fr\/wp-json\/wp\/v2\/pages\/47","targetHints":{"allow":["GET"]}}],"collection":[{"href":"https:\/\/royalthaimassagelasamericas.com\/fr\/wp-json\/wp\/v2\/pages"}],"about":[{"href":"https:\/\/royalthaimassagelasamericas.com\/fr\/wp-json\/wp\/v2\/types\/page"}],"author":[{"embeddable":true,"href":"https:\/\/royalthaimassagelasamericas.com\/fr\/wp-json\/wp\/v2\/users\/2"}],"replies":[{"embeddable":true,"href":"https:\/\/royalthaimassagelasamericas.com\/fr\/wp-json\/wp\/v2\/comments?post=47"}],"version-history":[{"count":77,"href":"https:\/\/royalthaimassagelasamericas.com\/fr\/wp-json\/wp\/v2\/pages\/47\/revisions"}],"predecessor-version":[{"id":2902,"href":"https:\/\/royalthaimassagelasamericas.com\/fr\/wp-json\/wp\/v2\/pages\/47\/revisions\/2902"}],"wp:attachment":[{"href":"https:\/\/royalthaimassagelasamericas.com\/fr\/wp-json\/wp\/v2\/media?parent=47"}],"curies":[{"name":"wp","href":"https:\/\/api.w.org\/{rel}","templated":true}]}}