{"id":48,"date":"2025-03-20T17:28:22","date_gmt":"2025-03-20T17:28:22","guid":{"rendered":"https:\/\/royalthaimassagelasamericas.com\/?page_id=48"},"modified":"2025-11-21T16:53:26","modified_gmt":"2025-11-21T16:53:26","slug":"accessibility-statement","status":"publish","type":"page","link":"https:\/\/royalthaimassagelasamericas.com\/fr\/accessibility-statement\/","title":{"rendered":"D\u00e9claration d&#039;accessibilit\u00e9"},"content":{"rendered":"<style>.elementor-48 .elementor-element.elementor-element-ad41ae7{--display:flex;--flex-direction:row;--container-widget-width:calc( ( 1 - var( --container-widget-flex-grow ) ) * 100% );--container-widget-height:100%;--container-widget-flex-grow:1;--container-widget-align-self:stretch;--flex-wrap-mobile:wrap;--align-items:center;--gap:0px 0px;--row-gap:0px;--column-gap:0px;--overlay-opacity:0.03;--margin-top:0px;--margin-bottom:0px;--margin-left:0px;--margin-right:0px;--padding-top:6em;--padding-bottom:6em;--padding-left:1em;--padding-right:1em;}.elementor-48 .elementor-element.elementor-element-ad41ae7:not(.elementor-motion-effects-element-type-background), .elementor-48 .elementor-element.elementor-element-ad41ae7 > .elementor-motion-effects-container > .elementor-motion-effects-layer{background-color:var( --e-global-color-c3280bb );}.elementor-48 .elementor-element.elementor-element-ad41ae7::before, .elementor-48 .elementor-element.elementor-element-ad41ae7 > .elementor-background-video-container::before, .elementor-48 .elementor-element.elementor-element-ad41ae7 > .e-con-inner > .elementor-background-video-container::before, .elementor-48 .elementor-element.elementor-element-ad41ae7 > .elementor-background-slideshow::before, .elementor-48 .elementor-element.elementor-element-ad41ae7 > .e-con-inner > .elementor-background-slideshow::before, .elementor-48 .elementor-element.elementor-element-ad41ae7 > .elementor-motion-effects-container > .elementor-motion-effects-layer::before{--background-overlay:'';}.elementor-48 .elementor-element.elementor-element-ae468cc{width:100%;max-width:100%;text-align:center;}.elementor-48 .elementor-element.elementor-element-ae468cc .elementor-heading-title{font-size:55px;color:#FFFFFF;}.elementor-48 .elementor-element.elementor-element-12d91061{--display:flex;--margin-top:0px;--margin-bottom:0px;--margin-left:0px;--margin-right:0px;--padding-top:4%;--padding-bottom:4%;--padding-left:4%;--padding-right:4%;}.elementor-48 .elementor-element.elementor-element-12d91061.e-con{--flex-grow:0;--flex-shrink:0;}@media(min-width:768px){.elementor-48 .elementor-element.elementor-element-ad41ae7{--content-width:1290px;}.elementor-48 .elementor-element.elementor-element-12d91061{--width:100%;}}@media(max-width:1024px){.elementor-48 .elementor-element.elementor-element-ad41ae7{--margin-top:0px;--margin-bottom:0px;--margin-left:0px;--margin-right:0px;}.elementor-48 .elementor-element.elementor-element-ae468cc .elementor-heading-title{font-size:45px;}}@media(max-width:767px){.elementor-48 .elementor-element.elementor-element-ad41ae7{--margin-top:0px;--margin-bottom:0px;--margin-left:0px;--margin-right:0px;--padding-top:6em;--padding-bottom:6em;--padding-left:1em;--padding-right:1em;}.elementor-48 .elementor-element.elementor-element-ae468cc .elementor-heading-title{font-size:35px;}.elementor-48 .elementor-element.elementor-element-12d91061{--margin-top:0px;--margin-bottom:0px;--margin-left:0px;--margin-right:0px;}.elementor-48 .elementor-element.elementor-element-39990e94{margin:0px 0px calc(var(--kit-widget-spacing, 0px) + 0px) 0px;padding:0px 0px 0px 0px;}}<\/style>\t\t<div data-elementor-type=\"wp-page\" data-elementor-id=\"48\" class=\"elementor elementor-48\" data-elementor-post-type=\"page\">\n\t\t\t\t<div class=\"elementor-element elementor-element-ad41ae7 e-flex e-con-boxed e-con e-parent\" data-id=\"ad41ae7\" data-element_type=\"container\" data-settings=\"{&quot;background_background&quot;:&quot;classic&quot;}\">\n\t\t\t\t\t<div class=\"e-con-inner\">\n\t\t\t\t<div class=\"elementor-element elementor-element-ae468cc elementor-widget__width-inherit elementor-widget elementor-widget-heading\" data-id=\"ae468cc\" data-element_type=\"widget\" data-widget_type=\"heading.default\">\n\t\t\t\t\t<h1 class=\"elementor-heading-title elementor-size-default\">D\u00e9claration d&#039;accessibilit\u00e9<\/h1>\t\t\t\t<\/div>\n\t\t\t\t\t<\/div>\n\t\t\t\t<\/div>\n\t\t<div class=\"elementor-element elementor-element-12d91061 e-con-full e-flex e-con e-parent\" data-id=\"12d91061\" data-element_type=\"container\">\n\t\t\t\t<div class=\"elementor-element elementor-element-39990e94 elementor-widget elementor-widget-text-editor\" data-id=\"39990e94\" data-element_type=\"widget\" data-widget_type=\"text-editor.default\">\n\t\t\t\t\t\t\t\t\t\n<p><\/p>\n<p><strong>Jos\u00e9 Alberto Zamaro<\/strong> s&#039;engage \u00e0 rendre son site web accessible, conform\u00e9ment au d\u00e9cret royal 1112\/2018 du 7 septembre relatif \u00e0 l&#039;accessibilit\u00e9 des sites web et applications du secteur public pour appareils mobiles. Cette d\u00e9claration d&#039;accessibilit\u00e9 s&#039;applique \u00e0 ce site web.<\/p>\n<p>\u00c9tat de conformit\u00e9.<\/p>\n<p>Ce site Web est d\u00e9velopp\u00e9 conform\u00e9ment au RD 1112\/2018.<\/p>\n<p>Pr\u00e9paration de la d\u00e9claration d\u2019accessibilit\u00e9 suivante.<\/p>\n<p>Cette d\u00e9claration a \u00e9t\u00e9 pr\u00e9par\u00e9e le 20 avril 2023. La m\u00e9thode utilis\u00e9e pour pr\u00e9parer la d\u00e9claration a \u00e9t\u00e9 une auto-\u00e9valuation.<\/p>\n<p>Remarques et coordonn\u00e9es.<\/p>\n<p>Vous pouvez faire des communications sur les exigences d&#039;accessibilit\u00e9 (article 10.2.a du RD 1112\/2018) telles que :<\/p>\n<p>Signalez toute non-conformit\u00e9 \u00e9ventuelle de ce site.<br \/>Transmettre d&#039;autres difficult\u00e9s d&#039;acc\u00e8s au contenu<br \/>Formulez toute autre question ou suggestion d&#039;am\u00e9lioration concernant l&#039;accessibilit\u00e9 du site via le formulaire de contact sur ce site ou via le num\u00e9ro de t\u00e9l\u00e9phone.<\/p>\n<p>Vous pouvez soumettre :<\/p>\n<p>R\u00e9clamation concernant le respect des exigences du RD 1112\/2018.<br \/>Demande d&#039;information accessible relative \u00e0 :<br \/>Contenus exclus du champ d&#039;application du RD 1112\/2018 tel que d\u00e9fini \u00e0 l&#039;article 3, paragraphe 4.<br \/>Les contenus qui sont exempt\u00e9s du respect des exigences d\u2019accessibilit\u00e9 imposent une charge disproportionn\u00e9e.<br \/>Dans la demande d\u2019acc\u00e8s \u00e0 l\u2019information, les faits, les motifs et la demande doivent \u00eatre clairement pr\u00e9cis\u00e9s afin d\u2019\u00e9tablir qu\u2019il s\u2019agit d\u2019une demande raisonnable et l\u00e9gitime.<\/p>\n<p>Les plaintes et r\u00e9clamations concernant les informations accessibles doivent \u00eatre faites via le si\u00e8ge \u00e9lectronique (<a href=\"https:\/\/sede.red.gob.es\/procedimientos\/quejas-y-sugerencias\" target=\"_blank\" rel=\"noopener\"><strong>https:\/\/sede.red.gob.es\/procedimientos\/quejas-y-sugerencias<\/strong><\/a>), et seront re\u00e7ues et trait\u00e9es par le d\u00e9partement des Syst\u00e8mes d&#039;Information de Red.es.<\/p>\n<p>Contenu facultatif<\/p>\n<p>Si vous souhaitez modifier la taille de la police du texte dans les principaux navigateurs graphiques, utilisez les menus suivants\u00a0:<br \/>Safari\u00a0: Affichage &gt; Agrandir le texte<br \/>Chrome\u00a0: Contr\u00f4ler la page actuelle &gt; Taille du texte<\/p>\n<p>Pour modifier la taille de tout sur la page\u00a0:<\/p>\n<p>Ctrl++ pour l&#039;augmenter<br \/>Ctrl + \u2013 pour le diminuer<br \/>Ctrl + 0 restaure la taille du texte d&#039;origine.<br \/>Si vous souhaitez remplacer la feuille de style ou modifier la couleur du texte, vous pouvez vous r\u00e9f\u00e9rer \u00e0 la page Comment modifier la taille ou les couleurs du texte du WAI, qui peut \u00eatre lue en anglais \u00e0 l&#039;adresse Comment modifier la taille ou les couleurs du texte ?<\/p>\n<ul class=\"wp-block-list\"><\/ul>\n<p><\/p>\n<ul class=\"wp-block-list\"><!-- \/wp:list-item --><\/ul>\n<!-- \/wp:list -->\t\t\t\t\t\t\t\t<\/div>\n\t\t\t\t<\/div>\n\t\t\t\t<\/div>","protected":false},"excerpt":{"rendered":"<p>Jos\u00e9 Alberto Zamaro s&#039;engage \u00e0 rendre son site web accessible, conform\u00e9ment au d\u00e9cret royal 1112\/2018 du 7 septembre relatif \u00e0 l&#039;accessibilit\u00e9 des sites web et applications du secteur public pour appareils mobiles. Cette d\u00e9claration d&#039;accessibilit\u00e9 s&#039;applique \u00e0 ce site web. \u00c9tat de conformit\u00e9. Ce site web est d\u00e9velopp\u00e9 conform\u00e9ment au d\u00e9cret royal 1112\/2018. Pr\u00e9paration de la d\u00e9claration d&#039;accessibilit\u00e9 suivante. Cette d\u00e9claration [\u2026]<\/p>","protected":false},"author":2,"featured_media":0,"parent":0,"menu_order":0,"comment_status":"closed","ping_status":"closed","template":"","meta":{"footnotes":""},"class_list":["post-48","page","type-page","status-publish","hentry"],"yoast_head":"<!-- This site is optimized with the Yoast SEO plugin v26.4 - https:\/\/yoast.com\/wordpress\/plugins\/seo\/ -->\n<title>Accessibility Statement - Royal Thai Massages<\/title>\n<meta name=\"robots\" content=\"index, follow, max-snippet:-1, max-image-preview:large, max-video-preview:-1\" \/>\n<link rel=\"canonical\" href=\"https:\/\/royalthaimassagelasamericas.com\/fr\/accessibility-statement\/\" \/>\n<meta property=\"og:locale\" content=\"fr_FR\" \/>\n<meta property=\"og:type\" content=\"article\" \/>\n<meta property=\"og:title\" content=\"Accessibility Statement - Royal Thai Massages\" \/>\n<meta property=\"og:description\" content=\"Jose Alberto Zamaro is committed to making its website accessible, in accordance with Royal Decree 1112\/2018, of 7 September, on accessibility of public sector websites and applications for mobile devices. This accessibility statement applies to this website. Compliance status. This website is developed according to RD 1112\/2018. Preparation for the following accessibility statement. This statement [&hellip;]\" \/>\n<meta property=\"og:url\" content=\"https:\/\/royalthaimassagelasamericas.com\/fr\/accessibility-statement\/\" \/>\n<meta property=\"og:site_name\" content=\"Royal Thai Massages\" \/>\n<meta property=\"article:modified_time\" content=\"2025-11-21T16:53:26+00:00\" \/>\n<meta name=\"twitter:card\" content=\"summary_large_image\" \/>\n<meta name=\"twitter:label1\" content=\"Dur\u00e9e de lecture estim\u00e9e\" \/>\n\t<meta name=\"twitter:data1\" content=\"2 minutes\" \/>\n<script type=\"application\/ld+json\" class=\"yoast-schema-graph\">{\"@context\":\"https:\/\/schema.org\",\"@graph\":[{\"@type\":\"WebPage\",\"@id\":\"https:\/\/royalthaimassagelasamericas.com\/accessibility-statement\/\",\"url\":\"https:\/\/royalthaimassagelasamericas.com\/accessibility-statement\/\",\"name\":\"Accessibility Statement - Royal Thai Massages\",\"isPartOf\":{\"@id\":\"https:\/\/royalthaimassagelasamericas.com\/es\/#website\"},\"datePublished\":\"2025-03-20T17:28:22+00:00\",\"dateModified\":\"2025-11-21T16:53:26+00:00\",\"breadcrumb\":{\"@id\":\"https:\/\/royalthaimassagelasamericas.com\/accessibility-statement\/#breadcrumb\"},\"inLanguage\":\"fr-FR\",\"potentialAction\":[{\"@type\":\"ReadAction\",\"target\":[\"https:\/\/royalthaimassagelasamericas.com\/accessibility-statement\/\"]}]},{\"@type\":\"BreadcrumbList\",\"@id\":\"https:\/\/royalthaimassagelasamericas.com\/accessibility-statement\/#breadcrumb\",\"itemListElement\":[{\"@type\":\"ListItem\",\"position\":1,\"name\":\"Portada\",\"item\":\"https:\/\/royalthaimassagelasamericas.com\/\"},{\"@type\":\"ListItem\",\"position\":2,\"name\":\"Accessibility Statement\"}]},{\"@type\":\"WebSite\",\"@id\":\"https:\/\/royalthaimassagelasamericas.com\/es\/#website\",\"url\":\"https:\/\/royalthaimassagelasamericas.com\/es\/\",\"name\":\"Royal Thai Massages\",\"description\":\"Masajes tailandeses aut\u00e9nticos en Tenerife Sur\",\"potentialAction\":[{\"@type\":\"SearchAction\",\"target\":{\"@type\":\"EntryPoint\",\"urlTemplate\":\"https:\/\/royalthaimassagelasamericas.com\/es\/?s={search_term_string}\"},\"query-input\":{\"@type\":\"PropertyValueSpecification\",\"valueRequired\":true,\"valueName\":\"search_term_string\"}}],\"inLanguage\":\"fr-FR\"}]}<\/script>\n<!-- \/ Yoast SEO plugin. -->","yoast_head_json":{"title":"Accessibility Statement - Royal Thai Massages","robots":{"index":"index","follow":"follow","max-snippet":"max-snippet:-1","max-image-preview":"max-image-preview:large","max-video-preview":"max-video-preview:-1"},"canonical":"https:\/\/royalthaimassagelasamericas.com\/fr\/accessibility-statement\/","og_locale":"fr_FR","og_type":"article","og_title":"Accessibility Statement - Royal Thai Massages","og_description":"Jose Alberto Zamaro is committed to making its website accessible, in accordance with Royal Decree 1112\/2018, of 7 September, on accessibility of public sector websites and applications for mobile devices. This accessibility statement applies to this website. Compliance status. This website is developed according to RD 1112\/2018. Preparation for the following accessibility statement. This statement [&hellip;]","og_url":"https:\/\/royalthaimassagelasamericas.com\/fr\/accessibility-statement\/","og_site_name":"Royal Thai Massages","article_modified_time":"2025-11-21T16:53:26+00:00","twitter_card":"summary_large_image","twitter_misc":{"Dur\u00e9e de lecture estim\u00e9e":"2 minutes"},"schema":{"@context":"https:\/\/schema.org","@graph":[{"@type":"WebPage","@id":"https:\/\/royalthaimassagelasamericas.com\/accessibility-statement\/","url":"https:\/\/royalthaimassagelasamericas.com\/accessibility-statement\/","name":"Accessibility Statement - Royal Thai Massages","isPartOf":{"@id":"https:\/\/royalthaimassagelasamericas.com\/es\/#website"},"datePublished":"2025-03-20T17:28:22+00:00","dateModified":"2025-11-21T16:53:26+00:00","breadcrumb":{"@id":"https:\/\/royalthaimassagelasamericas.com\/accessibility-statement\/#breadcrumb"},"inLanguage":"fr-FR","potentialAction":[{"@type":"ReadAction","target":["https:\/\/royalthaimassagelasamericas.com\/accessibility-statement\/"]}]},{"@type":"BreadcrumbList","@id":"https:\/\/royalthaimassagelasamericas.com\/accessibility-statement\/#breadcrumb","itemListElement":[{"@type":"ListItem","position":1,"name":"Portada","item":"https:\/\/royalthaimassagelasamericas.com\/"},{"@type":"ListItem","position":2,"name":"Accessibility Statement"}]},{"@type":"WebSite","@id":"https:\/\/royalthaimassagelasamericas.com\/es\/#website","url":"https:\/\/royalthaimassagelasamericas.com\/es\/","name":"Massages tha\u00eflandais royaux","description":"Masajes tailandeses authentiques \u00e0 Tenerife Sur","potentialAction":[{"@type":"SearchAction","target":{"@type":"EntryPoint","urlTemplate":"https:\/\/royalthaimassagelasamericas.com\/es\/?s={search_term_string}"},"query-input":{"@type":"PropertyValueSpecification","valueRequired":true,"valueName":"search_term_string"}}],"inLanguage":"fr-FR"}]}},"_links":{"self":[{"href":"https:\/\/royalthaimassagelasamericas.com\/fr\/wp-json\/wp\/v2\/pages\/48","targetHints":{"allow":["GET"]}}],"collection":[{"href":"https:\/\/royalthaimassagelasamericas.com\/fr\/wp-json\/wp\/v2\/pages"}],"about":[{"href":"https:\/\/royalthaimassagelasamericas.com\/fr\/wp-json\/wp\/v2\/types\/page"}],"author":[{"embeddable":true,"href":"https:\/\/royalthaimassagelasamericas.com\/fr\/wp-json\/wp\/v2\/users\/2"}],"replies":[{"embeddable":true,"href":"https:\/\/royalthaimassagelasamericas.com\/fr\/wp-json\/wp\/v2\/comments?post=48"}],"version-history":[{"count":68,"href":"https:\/\/royalthaimassagelasamericas.com\/fr\/wp-json\/wp\/v2\/pages\/48\/revisions"}],"predecessor-version":[{"id":2886,"href":"https:\/\/royalthaimassagelasamericas.com\/fr\/wp-json\/wp\/v2\/pages\/48\/revisions\/2886"}],"wp:attachment":[{"href":"https:\/\/royalthaimassagelasamericas.com\/fr\/wp-json\/wp\/v2\/media?parent=48"}],"curies":[{"name":"wp","href":"https:\/\/api.w.org\/{rel}","templated":true}]}}