{"id":55,"date":"2025-03-20T17:28:55","date_gmt":"2025-03-20T17:28:55","guid":{"rendered":"https:\/\/royalthaimassagelasamericas.com\/?page_id=55"},"modified":"2025-11-21T17:08:56","modified_gmt":"2025-11-21T17:08:56","slug":"cookies-policy","status":"publish","type":"page","link":"https:\/\/royalthaimassagelasamericas.com\/fr\/cookies-policy\/","title":{"rendered":"Politique relative aux cookies"},"content":{"rendered":"<style>.elementor-55 .elementor-element.elementor-element-ba115f9{--display:flex;--flex-direction:row;--container-widget-width:calc( ( 1 - var( --container-widget-flex-grow ) ) * 100% );--container-widget-height:100%;--container-widget-flex-grow:1;--container-widget-align-self:stretch;--flex-wrap-mobile:wrap;--align-items:center;--gap:0px 0px;--row-gap:0px;--column-gap:0px;--margin-top:0px;--margin-bottom:0px;--margin-left:0px;--margin-right:0px;--padding-top:6em;--padding-bottom:6em;--padding-left:1em;--padding-right:1em;}.elementor-55 .elementor-element.elementor-element-ba115f9:not(.elementor-motion-effects-element-type-background), .elementor-55 .elementor-element.elementor-element-ba115f9 > .elementor-motion-effects-container > .elementor-motion-effects-layer{background-color:var( --e-global-color-c3280bb );}.elementor-55 .elementor-element.elementor-element-5667356{width:100%;max-width:100%;text-align:center;}.elementor-55 .elementor-element.elementor-element-5667356 .elementor-heading-title{font-size:55px;color:var( --e-global-color-accent );}.elementor-55 .elementor-element.elementor-element-2ed171b3{--display:flex;--margin-top:0px;--margin-bottom:0px;--margin-left:0px;--margin-right:0px;--padding-top:4%;--padding-bottom:4%;--padding-left:4%;--padding-right:4%;}.elementor-55 .elementor-element.elementor-element-2ed171b3.e-con{--flex-grow:0;--flex-shrink:0;}@media(min-width:768px){.elementor-55 .elementor-element.elementor-element-ba115f9{--content-width:1290px;}.elementor-55 .elementor-element.elementor-element-2ed171b3{--width:100%;}}@media(max-width:1024px){.elementor-55 .elementor-element.elementor-element-ba115f9{--margin-top:0px;--margin-bottom:0px;--margin-left:0px;--margin-right:0px;}}@media(max-width:767px){.elementor-55 .elementor-element.elementor-element-ba115f9{--margin-top:0px;--margin-bottom:0px;--margin-left:0px;--margin-right:0px;--padding-top:6em;--padding-bottom:6em;--padding-left:1em;--padding-right:1em;}.elementor-55 .elementor-element.elementor-element-5667356 .elementor-heading-title{font-size:35px;}.elementor-55 .elementor-element.elementor-element-2ed171b3{--margin-top:0px;--margin-bottom:0px;--margin-left:0px;--margin-right:0px;--padding-top:4%;--padding-bottom:4%;--padding-left:4%;--padding-right:4%;}.elementor-55 .elementor-element.elementor-element-996a4f5{margin:0px 0px calc(var(--kit-widget-spacing, 0px) + 0px) 0px;padding:0px 0px 0px 0px;}}<\/style>\t\t<div data-elementor-type=\"wp-page\" data-elementor-id=\"55\" class=\"elementor elementor-55\" data-elementor-post-type=\"page\">\n\t\t\t\t<div class=\"elementor-element elementor-element-ba115f9 e-flex e-con-boxed e-con e-parent\" data-id=\"ba115f9\" data-element_type=\"container\" data-settings=\"{&quot;background_background&quot;:&quot;classic&quot;}\">\n\t\t\t\t\t<div class=\"e-con-inner\">\n\t\t\t\t<div class=\"elementor-element elementor-element-5667356 elementor-widget__width-inherit elementor-widget elementor-widget-heading\" data-id=\"5667356\" data-element_type=\"widget\" data-widget_type=\"heading.default\">\n\t\t\t\t\t<h1 class=\"elementor-heading-title elementor-size-default\">Politique relative aux cookies<\/h1>\t\t\t\t<\/div>\n\t\t\t\t\t<\/div>\n\t\t\t\t<\/div>\n\t\t<div class=\"elementor-element elementor-element-2ed171b3 e-con-full e-flex e-con e-parent\" data-id=\"2ed171b3\" data-element_type=\"container\">\n\t\t\t\t<div class=\"elementor-element elementor-element-996a4f5 elementor-widget elementor-widget-text-editor\" data-id=\"996a4f5\" data-element_type=\"widget\" data-widget_type=\"text-editor.default\">\n\t\t\t\t\t\t\t\t\t\n<article class=\"text-token-text-primary w-full\" dir=\"auto\" data-testid=\"conversation-turn-14\" data-scroll-anchor=\"true\">\n<div class=\"text-base my-auto mx-auto py-5 [--thread-content-margin:--spacing(4)] @[37rem]:[--thread-content-margin:--spacing(6)] @[70rem]:[--thread-content-margin:--spacing(12)] px-(--thread-content-margin)\">\n<div class=\"[--thread-content-max-width:32rem] @[34rem]:[--thread-content-max-width:40rem] @[64rem]:[--thread-content-max-width:48rem] mx-auto flex max-w-(--thread-content-max-width) flex-1 text-base gap-4 md:gap-5 lg:gap-6 group\/turn-messages focus-visible:outline-hidden\" tabindex=\"-1\">\n<div class=\"group\/conversation-turn relative flex w-full min-w-0 flex-col agent-turn\">\n<div class=\"relative flex-col gap-1 md:gap-3\">\n<div class=\"flex max-w-full flex-col grow\">\n<div class=\"min-h-8 text-message relative flex w-full flex-col items-end gap-2 text-start break-words whitespace-normal [.text-message+&amp;]:mt-5\" dir=\"auto\" data-message-author-role=\"assistant\" data-message-id=\"bb171e5c-f1ab-4e79-aafd-57eea6fab070\" data-message-model-slug=\"gpt-4o-mini\">\n<div class=\"flex w-full flex-col gap-1 empty:hidden first:pt-[3px]\">\n<div class=\"markdown prose dark:prose-invert w-full break-words dark\">\n<p><strong>Premi\u00e8re couche : AVERTISSEMENT UTILISATION DES COOKIES. \u00ab ACCEPTER LES COOKIES \u00bb, \u00ab REFUSER LES COOKIES FACULTATIFS \u00bb et \u00ab CONFIGURER LES COOKIES \u00bb.<\/strong><\/p>\n<p><strong>Cette couche doit \u00eatre fournie \u00e0 l&#039;utilisateur lors du premier acc\u00e8s au site du fournisseur, soit via la barre d&#039;en-t\u00eate, le pied de page ou la fen\u00eatre contextuelle de la page d&#039;accueil.<\/strong><\/p>\n<p data-start=\"142\" data-end=\"608\"><strong>A) Texte de premi\u00e8re couche si vous utilisez des cookies n\u00e9cessitant un consentement :<\/strong><\/p>\n<p class=\"\" data-start=\"142\" data-end=\"608\"><strong data-start=\"142\" data-end=\"608\">&#8220;<\/strong>Nous utilisons nos propres cookies et ceux de tiers pour am\u00e9liorer nos services et vous offrir une meilleure exp\u00e9rience (par exemple, en affichant des publicit\u00e9s personnalis\u00e9es) gr\u00e2ce \u00e0 l&#039;analyse de vos habitudes de navigation (comme les pages visit\u00e9es). Vous pouvez accepter tous les cookies en cliquant sur le bouton \u00ab\u00a0Accepter\u00a0\u00bb, refuser les cookies facultatifs en cliquant sur le bouton \u00ab\u00a0Refuser les cookies facultatifs\u00a0\u00bb ou les configurer en cliquant sur le bouton \u00ab\u00a0Configurer les cookies\u00a0\u00bb. Pour en savoir plus, cliquez sur <strong><a href=\"https:\/\/royalthaimassagelasamericas.com\/es\/cookies-policy\/\">ICI<\/a>.<\/strong><\/p>\n<ul data-start=\"610\" data-end=\"700\">\n<li class=\"\" data-start=\"610\" data-end=\"630\">\n<p class=\"\" data-start=\"612\" data-end=\"630\"><strong data-start=\"612\" data-end=\"630\">Bouton : Accepter<\/strong><\/p>\n<\/li>\n<li class=\"\" data-start=\"631\" data-end=\"668\">\n<p class=\"\" data-start=\"633\" data-end=\"668\"><strong data-start=\"633\" data-end=\"668\">Bouton\u00a0: Refuser les cookies facultatifs<\/strong><\/p>\n<\/li>\n<li class=\"\" data-start=\"669\" data-end=\"700\">\n<p class=\"\" data-start=\"671\" data-end=\"700\"><strong data-start=\"671\" data-end=\"700\">Bouton\u00a0: Configurer les cookies<\/strong><\/p>\n<\/li>\n<\/ul>\n<p class=\"\" data-start=\"707\" data-end=\"792\"><strong data-start=\"707\" data-end=\"792\">B) Texte si des cookies exempt\u00e9s de l&#039;obligation d&#039;information et de consentement sont utilis\u00e9s :<\/strong><\/p>\n<p class=\"\" data-start=\"794\" data-end=\"1138\">\u201cCe site web utilise uniquement ses propres cookies \u00e0 des fins techniques. Il ne collecte ni ne divulgue de donn\u00e9es personnelles des utilisateurs \u00e0 leur insu. Cependant, il peut contenir des liens vers des sites web tiers dot\u00e9s de politiques de confidentialit\u00e9 distinctes que vous pouvez choisir d&#039;accepter ou non lors de votre navigation. Pour en savoir plus, cliquez ici. <a href=\"https:\/\/royalthaimassagelasamericas.com\/es\/cookies-policy\/\"><strong>ICI.<\/strong><\/a><\/p>\n<ul data-start=\"1140\" data-end=\"1160\">\n<li class=\"\" data-start=\"1140\" data-end=\"1160\">\n<p class=\"\" data-start=\"1142\" data-end=\"1160\"><strong data-start=\"1142\" data-end=\"1160\">Bouton : Accepter<\/strong><\/p>\n<\/li>\n<\/ul>\n<p>\u00a0<\/p>\n<p><strong>Deuxi\u00e8me couche : POLITIQUE DE COOKIES.<\/strong><\/p>\n<p><strong>Il doit s&#039;agir d&#039;un document sp\u00e9cifique et ind\u00e9pendant des conditions d&#039;utilisation, des mentions l\u00e9gales ou de la politique de confidentialit\u00e9.<\/strong><br \/><strong>Un lien vers la politique de cookies doit \u00eatre inclus dans le pied de page du site Web, \u00e9tant visible depuis n&#039;importe quelle fen\u00eatre de navigateur.<\/strong><\/p>\n<p data-start=\"1167\" data-end=\"1200\"><strong data-start=\"1171\" data-end=\"1200\">Politique relative aux cookies\u00a0<\/strong><\/p>\n<p class=\"\" data-start=\"1202\" data-end=\"1827\">UN <strong data-start=\"1204\" data-end=\"1214\">biscuit<\/strong> Il s&#039;agit d&#039;un fichier t\u00e9l\u00e9charg\u00e9 sur votre ordinateur lorsque vous acc\u00e9dez \u00e0 certaines pages web. Les cookies permettent, entre autres, \u00e0 un site web de stocker et de r\u00e9cup\u00e9rer des informations sur les habitudes de navigation d&#039;un utilisateur ou sur son appareil. Selon les informations qu&#039;ils contiennent et l&#039;utilisation de l&#039;appareil, ils peuvent \u00eatre utilis\u00e9s pour reconna\u00eetre l&#039;utilisateur. Le navigateur de l&#039;utilisateur stocke les cookies sur le disque dur uniquement pendant la session en cours, occupant ainsi un espace m\u00e9moire minimal et n&#039;endommageant pas l&#039;ordinateur. Les cookies ne contiennent aucune information personnelle sp\u00e9cifique et la plupart d&#039;entre eux sont supprim\u00e9s \u00e0 la fin de la session de navigation (cookies de session).<\/p>\n<p class=\"\" data-start=\"1829\" data-end=\"1953\">La plupart des navigateurs acceptent les cookies par d\u00e9faut, mais ils autorisent ou bloquent les cookies temporaires ou stock\u00e9s en fonction des param\u00e8tres de s\u00e9curit\u00e9.<\/p>\n<p class=\"\" data-start=\"1955\" data-end=\"2136\">Sans votre consentement expr\u00e8s, via l&#039;activation des cookies dans votre navigateur, nous ne relierons pas les donn\u00e9es stock\u00e9es \u00e0 vos donn\u00e9es personnelles fournies au moment de votre demande ou de votre achat.<\/p>\n<p data-start=\"2143\" data-end=\"2173\"><strong data-start=\"2147\" data-end=\"2173\">Types de cookies utilis\u00e9s :<\/strong><\/p>\n<ol data-start=\"2175\" data-end=\"3436\">\n<li class=\"\" data-start=\"2175\" data-end=\"2384\">\n<p class=\"\" data-start=\"2178\" data-end=\"2220\"><strong data-start=\"2178\" data-end=\"2220\">Selon l&#039;entit\u00e9 qui les g\u00e8re :<\/strong><\/p>\n<ul data-start=\"2224\" data-end=\"2384\">\n<li class=\"\" data-start=\"2224\" data-end=\"2289\">\n<p class=\"\" data-start=\"2226\" data-end=\"2289\"><strong data-start=\"2226\" data-end=\"2242\">Cookies propres :<\/strong> Ceux-ci sont envoy\u00e9s depuis nos propres syst\u00e8mes ou domaines.<\/p>\n<\/li>\n<li class=\"\" data-start=\"2293\" data-end=\"2384\">\n<p class=\"\" data-start=\"2295\" data-end=\"2384\"><strong data-start=\"2295\" data-end=\"2319\">Cookies tiers :<\/strong> Ceux-ci sont envoy\u00e9s depuis un syst\u00e8me ou un domaine g\u00e9r\u00e9 par un tiers.<\/p>\n<\/li>\n<\/ul>\n<\/li>\n<li class=\"\" data-start=\"2386\" data-end=\"2680\">\n<p class=\"\" data-start=\"2389\" data-end=\"2449\"><strong data-start=\"2389\" data-end=\"2449\">Selon la dur\u00e9e pendant laquelle ils restent activ\u00e9s :<\/strong><\/p>\n<ul data-start=\"2453\" data-end=\"2680\">\n<li class=\"\" data-start=\"2453\" data-end=\"2546\">\n<p class=\"\" data-start=\"2455\" data-end=\"2546\"><strong data-start=\"2455\" data-end=\"2475\">Cookies de session :<\/strong> Ce sont des cookies temporaires qui disparaissent lorsque vous fermez le navigateur.<\/p>\n<\/li>\n<li class=\"\" data-start=\"2550\" data-end=\"2680\">\n<p class=\"\" data-start=\"2552\" data-end=\"2680\"><strong data-start=\"2552\" data-end=\"2575\">Cookies persistants :<\/strong> Ceux-ci sont stock\u00e9s sur le disque dur et lus \u00e0 chaque nouvelle visite, avec une dur\u00e9e d&#039;expiration pr\u00e9\u00e9tablie.<\/p>\n<\/li>\n<\/ul>\n<\/li>\n<li class=\"\" data-start=\"2682\" data-end=\"3436\">\n<p class=\"\" data-start=\"2685\" data-end=\"2716\"><strong data-start=\"2685\" data-end=\"2716\">Selon leur objectif :<\/strong><\/p>\n<ul data-start=\"2720\" data-end=\"3436\">\n<li class=\"\" data-start=\"2720\" data-end=\"2925\">\n<p class=\"\" data-start=\"2722\" data-end=\"2925\"><strong data-start=\"2722\" data-end=\"2744\">Cookies techniques :<\/strong> Ceux-ci permettent \u00e0 l&#039;utilisateur d&#039;avoir une exp\u00e9rience de navigation satisfaisante, car ils permettent le bon fonctionnement du site Web (par exemple, contr\u00f4ler le trafic, acc\u00e9der aux zones restreintes, etc.).<\/p>\n<\/li>\n<li class=\"\" data-start=\"2929\" data-end=\"3053\">\n<p class=\"\" data-start=\"2931\" data-end=\"3053\"><strong data-start=\"2931\" data-end=\"2959\">Cookies de personnalisation :<\/strong> Ils permettent \u00e0 l\u2019utilisateur d\u2019acc\u00e9der au service avec des caract\u00e9ristiques pr\u00e9d\u00e9finies, comme la langue.<\/p>\n<\/li>\n<li class=\"\" data-start=\"3057\" data-end=\"3151\">\n<p class=\"\" data-start=\"3059\" data-end=\"3151\"><strong data-start=\"3059\" data-end=\"3081\">Cookies d&#039;analyse :<\/strong> Ils collectent des informations sur l\u2019activit\u00e9 des utilisateurs pour am\u00e9liorer le service.<\/p>\n<\/li>\n<li class=\"\" data-start=\"3155\" data-end=\"3214\">\n<p class=\"\" data-start=\"3157\" data-end=\"3214\"><strong data-start=\"3157\" data-end=\"3181\">Cookies publicitaires :<\/strong> Ceux-ci g\u00e8rent les espaces publicitaires.<\/p>\n<\/li>\n<li class=\"\" data-start=\"3218\" data-end=\"3436\">\n<p class=\"\" data-start=\"3220\" data-end=\"3436\"><strong data-start=\"3220\" data-end=\"3255\">Cookies de publicit\u00e9 comportementale :<\/strong> Ces cookies stockent des informations sur le comportement des utilisateurs obtenues gr\u00e2ce \u00e0 l&#039;observation continue de leurs habitudes de navigation, permettant la cr\u00e9ation d&#039;un profil sp\u00e9cifique pour afficher des publicit\u00e9s en fonction de celui-ci.<\/p>\n<\/li>\n<\/ul>\n<\/li>\n<\/ol>\n<p>\u00a0<\/p>\n<p><strong>Ci-dessous, nous d\u00e9taillons les Cookies utilis\u00e9s sur notre site Web et leur finalit\u00e9 :<\/strong><\/p>\n<p><strong>PROPRES COOKIES :<\/strong><\/p>\n<p>Nom<br \/>Taper<br \/>But<br \/>*Exclus \/ non exclus (du devoir d&#039;information et de consentement).<br \/><br \/>*Les cookies exclus du devoir d&#039;information et de consentement s&#039;entendent comme ceux qui sont strictement n\u00e9cessaires \u00e0 la fourniture d&#039;un service strictement demand\u00e9 par l&#039;utilisateur ou ceux n\u00e9cessaires uniquement pour permettre la communication entre l&#039;ordinateur de l&#039;utilisateur et le r\u00e9seau, tels que : les cookies de session, les cookies techniques et les cookies de personnalisation.<br \/>\u2003<\/p>\n<p><strong>COOKIES TIERS :<\/strong><\/p>\n<p>Nom du fournisseur<br \/>Finalit\u00e9 du cookie<br \/>Description de la finalit\u00e9 du Cookie<br \/>Pour plus d&#039;informations sur l&#039;utilisation des Cookies de ce tiers (lien).<\/p>\n<p>Ces listes sont mises \u00e0 jour d\u00e8s que possible en cas de modification des services propos\u00e9s sur le site web. Cependant, il peut arriver que, lors de cette mise \u00e0 jour, la liste ne contienne plus aucun cookie, m\u00eame si les cookies ayant des finalit\u00e9s identiques \u00e0 celles enregistr\u00e9es dans la liste seront toujours utilis\u00e9s.<\/p>\n<div class=\"tableContainer horzScrollShadows relative\">\u00a0<\/div>\n<p data-start=\"3965\" data-end=\"4028\"><strong data-start=\"3969\" data-end=\"4028\">Acceptation des cookies et comment d\u00e9sactiver ou supprimer les cookies\u00a0:<\/strong><\/p>\n<p class=\"\" data-start=\"4030\" data-end=\"4344\">En utilisant ce site web, l&#039;utilisateur accepte express\u00e9ment le traitement des informations collect\u00e9es selon les modalit\u00e9s et aux fins d\u00e9crites ci-dessus. Il reconna\u00eet \u00e9galement la possibilit\u00e9 de refuser le traitement de ces donn\u00e9es en refusant l&#039;utilisation de cookies via les param\u00e8tres appropri\u00e9s de son navigateur.<\/p>\n<p class=\"\" data-start=\"4346\" data-end=\"4474\"><strong data-start=\"4346\" data-end=\"4383\">Comment d\u00e9sactiver ou supprimer les cookies ?<\/strong> Vous pouvez autoriser, bloquer ou supprimer les cookies via les param\u00e8tres du navigateur que vous utilisez :<\/p>\n<ul data-start=\"4476\" data-end=\"4974\">\n<li class=\"\" data-start=\"4476\" data-end=\"4610\">\n<p class=\"\" data-start=\"4478\" data-end=\"4610\"><strong data-start=\"4478\" data-end=\"4500\">Internet Explorer :<\/strong> <a class=\"\" href=\"https:\/\/windows.microsoft.com\/es-xl\/internet-explorer\/delete-manage-cookies#ie=ie-10\" target=\"_new\" rel=\"noopener\" data-start=\"4501\" data-end=\"4610\">Guide de suppression des cookies<\/a><\/p>\n<\/li>\n<li class=\"\" data-start=\"4611\" data-end=\"4701\">\n<p class=\"\" data-start=\"4613\" data-end=\"4701\"><strong data-start=\"4613\" data-end=\"4625\">Firefox :<\/strong> <a class=\"\" href=\"https:\/\/support.mozilla.org\/es\/kb\/Borrar%20cookies\" target=\"_new\" rel=\"noopener\" data-start=\"4626\" data-end=\"4701\">Guide de suppression des cookies<\/a><\/p>\n<\/li>\n<li class=\"\" data-start=\"4702\" data-end=\"4793\">\n<p class=\"\" data-start=\"4704\" data-end=\"4793\"><strong data-start=\"4704\" data-end=\"4715\">Chrome:<\/strong> <a class=\"\" href=\"https:\/\/support.google.com\/chrome\/answer\/95647?hl=es\" target=\"_new\" rel=\"noopener\" data-start=\"4716\" data-end=\"4793\">Guide de suppression des cookies<\/a><\/p>\n<\/li>\n<li class=\"\" data-start=\"4794\" data-end=\"4881\">\n<p class=\"\" data-start=\"4796\" data-end=\"4881\"><strong data-start=\"4796\" data-end=\"4807\">Safari:<\/strong> <a class=\"\" href=\"https:\/\/www.apple.com\/es\/privacy\/use-of-cookies\/\" target=\"_new\" rel=\"noopener\" data-start=\"4808\" data-end=\"4881\">Guide de suppression des cookies<\/a><\/p>\n<\/li>\n<li class=\"\" data-start=\"4882\" data-end=\"4974\">\n<p class=\"\" data-start=\"4884\" data-end=\"4974\"><strong data-start=\"4884\" data-end=\"4894\">Op\u00e9ra:<\/strong> <a class=\"\" href=\"http:\/\/help.opera.com\/Windows\/12.00\/es-ES\/cookies.html\" target=\"_new\" rel=\"noopener\" data-start=\"4895\" data-end=\"4974\">Guide de suppression des cookies<\/a><\/p>\n<\/li>\n<\/ul>\n<p class=\"\" data-start=\"4981\" data-end=\"5127\">Si vous avez des questions concernant cette politique de cookies, vous pouvez nous contacter en envoyant un e-mail \u00e0 l&#039;adresse indiqu\u00e9e dans le <strong data-start=\"5108\" data-end=\"5126\">politique de confidentialit\u00e9<\/strong>.<\/p>\n<p class=\"\" data-start=\"5134\" data-end=\"5275\">Ce texte est conforme aux exigences l\u00e9gales en mati\u00e8re de cookies, offrant \u00e0 l&#039;utilisateur la possibilit\u00e9 d&#039;accepter, de refuser ou de configurer les cookies.<\/p>\n<\/div>\n<\/div>\n<\/div>\n<\/div>\n<\/div>\n<\/div>\n<\/div>\n<\/div>\n<\/article>\n\t\t\t\t\t\t\t\t<\/div>\n\t\t\t\t<\/div>\n\t\t\t\t<\/div>","protected":false},"excerpt":{"rendered":"<p>First layer: WARNING USE OF COOKIES. \u201cACCEPT COOKIES\u201d, \u2018REJECT OPTIONAL COOKIES\u2019 and \u2018CONFIGURE COOKIES\u2019. This layer must be provided to the user in the first access to the provider&#8217;s site, either through the header bar, footer or pop-up window of the home page. A) Text first layer if using cookies that require consent: &#8220;We use [&hellip;]<\/p>","protected":false},"author":2,"featured_media":0,"parent":0,"menu_order":0,"comment_status":"closed","ping_status":"closed","template":"","meta":{"footnotes":""},"class_list":["post-55","page","type-page","status-publish","hentry"],"yoast_head":"<!-- This site is optimized with the Yoast SEO plugin v26.4 - https:\/\/yoast.com\/wordpress\/plugins\/seo\/ -->\n<title>Cookies Policy - Royal Thai Massages<\/title>\n<meta name=\"robots\" content=\"index, follow, max-snippet:-1, max-image-preview:large, max-video-preview:-1\" \/>\n<link rel=\"canonical\" href=\"https:\/\/royalthaimassagelasamericas.com\/fr\/cookies-policy\/\" \/>\n<meta property=\"og:locale\" content=\"fr_FR\" \/>\n<meta property=\"og:type\" content=\"article\" \/>\n<meta property=\"og:title\" content=\"Cookies Policy - Royal Thai Massages\" \/>\n<meta property=\"og:description\" content=\"First layer: WARNING USE OF COOKIES. \u201cACCEPT COOKIES\u201d, \u2018REJECT OPTIONAL COOKIES\u2019 and \u2018CONFIGURE COOKIES\u2019. This layer must be provided to the user in the first access to the provider&#8217;s site, either through the header bar, footer or pop-up window of the home page. A) Text first layer if using cookies that require consent: &#8220;We use [&hellip;]\" \/>\n<meta property=\"og:url\" content=\"https:\/\/royalthaimassagelasamericas.com\/fr\/cookies-policy\/\" \/>\n<meta property=\"og:site_name\" content=\"Royal Thai Massages\" \/>\n<meta property=\"article:modified_time\" content=\"2025-11-21T17:08:56+00:00\" \/>\n<meta name=\"twitter:card\" content=\"summary_large_image\" \/>\n<meta name=\"twitter:label1\" content=\"Dur\u00e9e de lecture estim\u00e9e\" \/>\n\t<meta name=\"twitter:data1\" content=\"5 minutes\" \/>\n<script type=\"application\/ld+json\" class=\"yoast-schema-graph\">{\"@context\":\"https:\/\/schema.org\",\"@graph\":[{\"@type\":\"WebPage\",\"@id\":\"https:\/\/royalthaimassagelasamericas.com\/cookies-policy\/\",\"url\":\"https:\/\/royalthaimassagelasamericas.com\/cookies-policy\/\",\"name\":\"Cookies Policy - Royal Thai Massages\",\"isPartOf\":{\"@id\":\"https:\/\/royalthaimassagelasamericas.com\/es\/#website\"},\"datePublished\":\"2025-03-20T17:28:55+00:00\",\"dateModified\":\"2025-11-21T17:08:56+00:00\",\"breadcrumb\":{\"@id\":\"https:\/\/royalthaimassagelasamericas.com\/cookies-policy\/#breadcrumb\"},\"inLanguage\":\"fr-FR\",\"potentialAction\":[{\"@type\":\"ReadAction\",\"target\":[\"https:\/\/royalthaimassagelasamericas.com\/cookies-policy\/\"]}]},{\"@type\":\"BreadcrumbList\",\"@id\":\"https:\/\/royalthaimassagelasamericas.com\/cookies-policy\/#breadcrumb\",\"itemListElement\":[{\"@type\":\"ListItem\",\"position\":1,\"name\":\"Portada\",\"item\":\"https:\/\/royalthaimassagelasamericas.com\/\"},{\"@type\":\"ListItem\",\"position\":2,\"name\":\"Cookies Policy\"}]},{\"@type\":\"WebSite\",\"@id\":\"https:\/\/royalthaimassagelasamericas.com\/es\/#website\",\"url\":\"https:\/\/royalthaimassagelasamericas.com\/es\/\",\"name\":\"Royal Thai Massages\",\"description\":\"Masajes tailandeses aut\u00e9nticos en Tenerife Sur\",\"potentialAction\":[{\"@type\":\"SearchAction\",\"target\":{\"@type\":\"EntryPoint\",\"urlTemplate\":\"https:\/\/royalthaimassagelasamericas.com\/es\/?s={search_term_string}\"},\"query-input\":{\"@type\":\"PropertyValueSpecification\",\"valueRequired\":true,\"valueName\":\"search_term_string\"}}],\"inLanguage\":\"fr-FR\"}]}<\/script>\n<!-- \/ Yoast SEO plugin. -->","yoast_head_json":{"title":"Cookies Policy - Royal Thai Massages","robots":{"index":"index","follow":"follow","max-snippet":"max-snippet:-1","max-image-preview":"max-image-preview:large","max-video-preview":"max-video-preview:-1"},"canonical":"https:\/\/royalthaimassagelasamericas.com\/fr\/cookies-policy\/","og_locale":"fr_FR","og_type":"article","og_title":"Cookies Policy - Royal Thai Massages","og_description":"First layer: WARNING USE OF COOKIES. \u201cACCEPT COOKIES\u201d, \u2018REJECT OPTIONAL COOKIES\u2019 and \u2018CONFIGURE COOKIES\u2019. This layer must be provided to the user in the first access to the provider&#8217;s site, either through the header bar, footer or pop-up window of the home page. A) Text first layer if using cookies that require consent: &#8220;We use [&hellip;]","og_url":"https:\/\/royalthaimassagelasamericas.com\/fr\/cookies-policy\/","og_site_name":"Royal Thai Massages","article_modified_time":"2025-11-21T17:08:56+00:00","twitter_card":"summary_large_image","twitter_misc":{"Dur\u00e9e de lecture estim\u00e9e":"5 minutes"},"schema":{"@context":"https:\/\/schema.org","@graph":[{"@type":"WebPage","@id":"https:\/\/royalthaimassagelasamericas.com\/cookies-policy\/","url":"https:\/\/royalthaimassagelasamericas.com\/cookies-policy\/","name":"Cookies Policy - Royal Thai Massages","isPartOf":{"@id":"https:\/\/royalthaimassagelasamericas.com\/es\/#website"},"datePublished":"2025-03-20T17:28:55+00:00","dateModified":"2025-11-21T17:08:56+00:00","breadcrumb":{"@id":"https:\/\/royalthaimassagelasamericas.com\/cookies-policy\/#breadcrumb"},"inLanguage":"fr-FR","potentialAction":[{"@type":"ReadAction","target":["https:\/\/royalthaimassagelasamericas.com\/cookies-policy\/"]}]},{"@type":"BreadcrumbList","@id":"https:\/\/royalthaimassagelasamericas.com\/cookies-policy\/#breadcrumb","itemListElement":[{"@type":"ListItem","position":1,"name":"Portada","item":"https:\/\/royalthaimassagelasamericas.com\/"},{"@type":"ListItem","position":2,"name":"Cookies Policy"}]},{"@type":"WebSite","@id":"https:\/\/royalthaimassagelasamericas.com\/es\/#website","url":"https:\/\/royalthaimassagelasamericas.com\/es\/","name":"Massages tha\u00eflandais royaux","description":"Masajes tailandeses authentiques \u00e0 Tenerife Sur","potentialAction":[{"@type":"SearchAction","target":{"@type":"EntryPoint","urlTemplate":"https:\/\/royalthaimassagelasamericas.com\/es\/?s={search_term_string}"},"query-input":{"@type":"PropertyValueSpecification","valueRequired":true,"valueName":"search_term_string"}}],"inLanguage":"fr-FR"}]}},"_links":{"self":[{"href":"https:\/\/royalthaimassagelasamericas.com\/fr\/wp-json\/wp\/v2\/pages\/55","targetHints":{"allow":["GET"]}}],"collection":[{"href":"https:\/\/royalthaimassagelasamericas.com\/fr\/wp-json\/wp\/v2\/pages"}],"about":[{"href":"https:\/\/royalthaimassagelasamericas.com\/fr\/wp-json\/wp\/v2\/types\/page"}],"author":[{"embeddable":true,"href":"https:\/\/royalthaimassagelasamericas.com\/fr\/wp-json\/wp\/v2\/users\/2"}],"replies":[{"embeddable":true,"href":"https:\/\/royalthaimassagelasamericas.com\/fr\/wp-json\/wp\/v2\/comments?post=55"}],"version-history":[{"count":75,"href":"https:\/\/royalthaimassagelasamericas.com\/fr\/wp-json\/wp\/v2\/pages\/55\/revisions"}],"predecessor-version":[{"id":2908,"href":"https:\/\/royalthaimassagelasamericas.com\/fr\/wp-json\/wp\/v2\/pages\/55\/revisions\/2908"}],"wp:attachment":[{"href":"https:\/\/royalthaimassagelasamericas.com\/fr\/wp-json\/wp\/v2\/media?parent=55"}],"curies":[{"name":"wp","href":"https:\/\/api.w.org\/{rel}","templated":true}]}}