{"id":13,"date":"2025-03-20T17:12:38","date_gmt":"2025-03-20T17:12:38","guid":{"rendered":"https:\/\/royalthaimassagelasamericas.com\/?page_id=13"},"modified":"2025-04-02T13:00:11","modified_gmt":"2025-04-02T13:00:11","slug":"site-map","status":"publish","type":"page","link":"https:\/\/royalthaimassagelasamericas.com\/is\/site-map\/","title":{"rendered":"Vefkort"},"content":{"rendered":"<style>.elementor-13 .elementor-element.elementor-element-d5876b4{--display:flex;--flex-direction:row;--container-widget-width:calc( ( 1 - var( --container-widget-flex-grow ) ) * 100% );--container-widget-height:100%;--container-widget-flex-grow:1;--container-widget-align-self:stretch;--flex-wrap-mobile:wrap;--align-items:center;--gap:0px 0px;--row-gap:0px;--column-gap:0px;--margin-top:0px;--margin-bottom:0px;--margin-left:0px;--margin-right:0px;--padding-top:6em;--padding-bottom:6em;--padding-left:1em;--padding-right:1em;}.elementor-13 .elementor-element.elementor-element-d5876b4:not(.elementor-motion-effects-element-type-background), .elementor-13 .elementor-element.elementor-element-d5876b4 > .elementor-motion-effects-container > .elementor-motion-effects-layer{background-color:var( --e-global-color-c3280bb );}.elementor-13 .elementor-element.elementor-element-3e2437a{width:100%;max-width:100%;text-align:center;}.elementor-13 .elementor-element.elementor-element-3e2437a .elementor-heading-title{font-size:55px;color:var( --e-global-color-accent );}.elementor-13 .elementor-element.elementor-element-efdd7cb{--display:flex;--margin-top:0px;--margin-bottom:0px;--margin-left:0px;--margin-right:0px;--padding-top:4%;--padding-bottom:4%;--padding-left:4%;--padding-right:4%;}.elementor-13 .elementor-element.elementor-element-efdd7cb.e-con{--flex-grow:0;--flex-shrink:0;}.elementor-13 .elementor-element.elementor-element-d09d4c6 .elementor-sitemap-section{flex-basis:calc( 1 \/ 4 * 100% );}.elementor-13 .elementor-element.elementor-element-d09d4c6 .elementor-sitemap-list, .elementor-13 .elementor-element.elementor-element-d09d4c6 .elementor-sitemap-list .children{list-style-type:disc;}@media(min-width:768px){.elementor-13 .elementor-element.elementor-element-d5876b4{--content-width:1290px;}.elementor-13 .elementor-element.elementor-element-efdd7cb{--width:100%;}}@media(max-width:1024px){.elementor-13 .elementor-element.elementor-element-d5876b4{--margin-top:0px;--margin-bottom:0px;--margin-left:0px;--margin-right:0px;}.elementor-13 .elementor-element.elementor-element-d09d4c6 .elementor-sitemap-section{flex-basis:calc( 1 \/ 2 * 100% );}}@media(max-width:767px){.elementor-13 .elementor-element.elementor-element-d5876b4{--margin-top:0px;--margin-bottom:0px;--margin-left:0px;--margin-right:0px;--padding-top:6em;--padding-bottom:6em;--padding-left:1em;--padding-right:1em;}.elementor-13 .elementor-element.elementor-element-3e2437a .elementor-heading-title{font-size:35px;}.elementor-13 .elementor-element.elementor-element-efdd7cb{--margin-top:0px;--margin-bottom:0px;--margin-left:0px;--margin-right:0px;}.elementor-13 .elementor-element.elementor-element-d09d4c6 .elementor-sitemap-section{flex-basis:calc( 1 \/ 1 * 100% );}}<\/style>\t\t<div data-elementor-type=\"wp-page\" data-elementor-id=\"13\" class=\"elementor elementor-13\" data-elementor-post-type=\"page\">\n\t\t\t\t<div class=\"elementor-element elementor-element-d5876b4 e-flex e-con-boxed e-con e-parent\" data-id=\"d5876b4\" data-element_type=\"container\" data-settings=\"{&quot;background_background&quot;:&quot;classic&quot;}\">\n\t\t\t\t\t<div class=\"e-con-inner\">\n\t\t\t\t<div class=\"elementor-element elementor-element-3e2437a elementor-widget__width-inherit elementor-widget elementor-widget-heading\" data-id=\"3e2437a\" data-element_type=\"widget\" data-widget_type=\"heading.default\">\n\t\t\t\t\t<h1 class=\"elementor-heading-title elementor-size-default\">Vefkort<\/h1>\t\t\t\t<\/div>\n\t\t\t\t\t<\/div>\n\t\t\t\t<\/div>\n\t\t<div class=\"elementor-element elementor-element-efdd7cb e-con-full e-flex e-con e-parent\" data-id=\"efdd7cb\" data-element_type=\"container\">\n\t\t\t\t<div class=\"elementor-element elementor-element-d09d4c6 elementor-widget elementor-widget-sitemap\" data-id=\"d09d4c6\" data-element_type=\"widget\" data-widget_type=\"sitemap.default\">\n\t\t\t\t\t<div class=\"elementor-sitemap-wrap\"><div class=\"elementor-sitemap-section\"><h2 class=\"elementor-sitemap-title elementor-sitemap-page-title\">S\u00ed\u00f0ur<\/h2><ul class=\"elementor-sitemap-list elementor-sitemap-page-list\"><li class=\"elementor-sitemap-item elementor-sitemap-item-page page_item page-item-2991\"><a href=\"https:\/\/royalthaimassagelasamericas.com\/is\/full-body-massage-in-tenerife\/\">Heildarnudd \u00e1 Tenerife<\/a><\/li><li class=\"elementor-sitemap-item elementor-sitemap-item-page page_item page-item-2984\"><a href=\"https:\/\/royalthaimassagelasamericas.com\/is\/massage-in-tenerife\/\">Nudd \u00e1 Tenerife<\/a><\/li><li class=\"elementor-sitemap-item elementor-sitemap-item-page page_item page-item-2965\"><a href=\"https:\/\/royalthaimassagelasamericas.com\/is\/anti-stress-massage-in-tenerife\/\">Nuddme\u00f0fer\u00f0 gegn streitu \u00e1 Tenerife<\/a><\/li><li class=\"elementor-sitemap-item elementor-sitemap-item-page page_item page-item-2959\"><a href=\"https:\/\/royalthaimassagelasamericas.com\/is\/therapeutic-massage-in-tenerife\/\">Me\u00f0fer\u00f0arnudd \u00e1 Tenerife<\/a><\/li><li class=\"elementor-sitemap-item elementor-sitemap-item-page page_item page-item-2729\"><a href=\"https:\/\/royalthaimassagelasamericas.com\/is\/couples-massage-in-tenerife\/\">Paranudd \u00e1 Tenerife<\/a><\/li><li class=\"elementor-sitemap-item elementor-sitemap-item-page page_item page-item-2723\"><a href=\"https:\/\/royalthaimassagelasamericas.com\/is\/massage-therapy-in-tenerife\/\">Nuddme\u00f0fer\u00f0 \u00e1 Tenerife<\/a><\/li><li class=\"elementor-sitemap-item elementor-sitemap-item-page page_item page-item-2700\"><a href=\"https:\/\/royalthaimassagelasamericas.com\/is\/massage-with-essential-oils-in-tenerife\/\">Nudd me\u00f0 ilmkjarnaol\u00edum \u00e1 Tenerife<\/a><\/li><li class=\"elementor-sitemap-item elementor-sitemap-item-page page_item page-item-2694\"><a href=\"https:\/\/royalthaimassagelasamericas.com\/is\/relaxing-massage-in-tenerife\/\">Afslappandi nudd \u00e1 Tenerife<\/a><\/li><li class=\"elementor-sitemap-item elementor-sitemap-item-page page_item page-item-2675\"><a href=\"https:\/\/royalthaimassagelasamericas.com\/is\/facial-massage-in-tenerife\/\">Andlitsnudd \u00e1 Tenerife<\/a><\/li><li class=\"elementor-sitemap-item elementor-sitemap-item-page page_item page-item-2669\"><a href=\"https:\/\/royalthaimassagelasamericas.com\/is\/traditional-thai-massage-in-tenerife\/\">Hef\u00f0bundi\u00f0 ta\u00edlenskt nudd \u00e1 Tenerife<\/a><\/li><li class=\"elementor-sitemap-item elementor-sitemap-item-page page_item page-item-2544\"><a href=\"https:\/\/royalthaimassagelasamericas.com\/is\/benefits-of-hot-stone-massage-in-tenerife\/\">Kostir heitsteinanudds \u00e1 Tenerife<\/a><\/li><li class=\"elementor-sitemap-item elementor-sitemap-item-page page_item page-item-2538\"><a href=\"https:\/\/royalthaimassagelasamericas.com\/is\/thai-oil-massage-tenerife\/\">Ta\u00edlensk ol\u00edunudd \u00e1 Tenerife<\/a><\/li><li class=\"elementor-sitemap-item elementor-sitemap-item-page page_item page-item-2513\"><a href=\"https:\/\/royalthaimassagelasamericas.com\/is\/sports-massage-in-tenerife\/\">\u00cd\u00fer\u00f3ttanudd \u00e1 Tenerife<\/a><\/li><li class=\"elementor-sitemap-item elementor-sitemap-item-page page_item page-item-2504\"><a href=\"https:\/\/royalthaimassagelasamericas.com\/is\/prenatal-massage-tenerife\/\">Nudd fyrir f\u00e6\u00f0ingu \u00e1 Tenerife<\/a><\/li><li class=\"elementor-sitemap-item elementor-sitemap-item-page page_item page-item-2487\"><a href=\"https:\/\/royalthaimassagelasamericas.com\/is\/thai-oil-massage\/\">Ta\u00edlensk ol\u00edunudd<\/a><\/li><li class=\"elementor-sitemap-item elementor-sitemap-item-page page_item page-item-2477\"><a href=\"https:\/\/royalthaimassagelasamericas.com\/is\/aromatherapy-massage\/\">Ilmme\u00f0fer\u00f0arnudd<\/a><\/li><li class=\"elementor-sitemap-item elementor-sitemap-item-page page_item page-item-2468\"><a href=\"https:\/\/royalthaimassagelasamericas.com\/is\/hot-stone-massage\/\">Nudd me\u00f0 heitum steinum<\/a><\/li><li class=\"elementor-sitemap-item elementor-sitemap-item-page page_item page-item-2455\"><a href=\"https:\/\/royalthaimassagelasamericas.com\/is\/childrens-massage-in-tenerife\/\">Barnanudd \u00e1 Tenerife<\/a><\/li><li class=\"elementor-sitemap-item elementor-sitemap-item-page page_item page-item-2422\"><a href=\"https:\/\/royalthaimassagelasamericas.com\/is\/foot-massage\/\">F\u00f3tanudd<\/a><\/li><li class=\"elementor-sitemap-item elementor-sitemap-item-page page_item page-item-2403\"><a href=\"https:\/\/royalthaimassagelasamericas.com\/is\/thai-massage-2\/\">Thai nudd<\/a><\/li><li class=\"elementor-sitemap-item elementor-sitemap-item-page page_item page-item-2412\"><a href=\"https:\/\/royalthaimassagelasamericas.com\/is\/thai-massage-in-tenerife\/\">Ta\u00edlensk nudd \u00e1 Tenerife<\/a><\/li><li class=\"elementor-sitemap-item elementor-sitemap-item-page page_item page-item-2431\"><a href=\"https:\/\/royalthaimassagelasamericas.com\/is\/foot-massage-in-tenerife\/\">F\u00f3tanudd \u00e1 Tenerife<\/a><\/li><li class=\"elementor-sitemap-item elementor-sitemap-item-page page_item page-item-2374\"><a href=\"https:\/\/royalthaimassagelasamericas.com\/is\/duty-of-information-web-requests\/\">Uppl\u00fdsingaskylda vefbei\u00f0nir<\/a><\/li><li class=\"elementor-sitemap-item elementor-sitemap-item-page page_item page-item-47\"><a href=\"https:\/\/royalthaimassagelasamericas.com\/is\/legal-notice\/\">Lagatilkynning<\/a><\/li><li class=\"elementor-sitemap-item elementor-sitemap-item-page page_item page-item-56\"><a href=\"https:\/\/royalthaimassagelasamericas.com\/is\/privacy-policy\/\">Pers\u00f3nuverndarstefna<\/a><\/li><li class=\"elementor-sitemap-item elementor-sitemap-item-page page_item page-item-55\"><a href=\"https:\/\/royalthaimassagelasamericas.com\/is\/cookies-policy\/\">Vafrak\u00f6kurstefna<\/a><\/li><li class=\"elementor-sitemap-item elementor-sitemap-item-page page_item page-item-48\"><a href=\"https:\/\/royalthaimassagelasamericas.com\/is\/accessibility-statement\/\">A\u00f0gengisyfirl\u00fdsing<\/a><\/li><li class=\"elementor-sitemap-item elementor-sitemap-item-page page_item page-item-46\"><a href=\"https:\/\/royalthaimassagelasamericas.com\/is\/book-appointment\/\">B\u00f3ka\u00f0u t\u00edma<\/a><\/li><li class=\"elementor-sitemap-item elementor-sitemap-item-page page_item page-item-45\"><a href=\"https:\/\/royalthaimassagelasamericas.com\/is\/contact\/\">Haf\u00f0u samband<\/a><\/li><li class=\"elementor-sitemap-item elementor-sitemap-item-page page_item page-item-44 current_page_parent\"><a href=\"https:\/\/royalthaimassagelasamericas.com\/is\/blog\/\">Blogg<\/a><\/li><li class=\"elementor-sitemap-item elementor-sitemap-item-page page_item page-item-43\"><a href=\"https:\/\/royalthaimassagelasamericas.com\/is\/thai-massage\/foot-massage\/\">F\u00f3tanudd<\/a><\/li><li class=\"elementor-sitemap-item elementor-sitemap-item-page page_item page-item-42\"><a href=\"https:\/\/royalthaimassagelasamericas.com\/is\/thai-massage\/facial-massage\/\">Andlitsnudd<\/a><\/li><li class=\"elementor-sitemap-item elementor-sitemap-item-page page_item page-item-41\"><a href=\"https:\/\/royalthaimassagelasamericas.com\/is\/thai-massage\/back-neck-head-shoulders\/\">Bak, h\u00e1ls, h\u00f6fu\u00f0, axlir<\/a><\/li><li class=\"elementor-sitemap-item elementor-sitemap-item-page page_item page-item-32\"><a href=\"https:\/\/royalthaimassagelasamericas.com\/is\/thai-massage\/kids-massage\/\">Krakkanudd<\/a><\/li><li class=\"elementor-sitemap-item elementor-sitemap-item-page page_item page-item-31\"><a href=\"https:\/\/royalthaimassagelasamericas.com\/is\/thai-massage\/aloe-vera-massage\/\">Aloe Vera nudd<\/a><\/li><li class=\"elementor-sitemap-item elementor-sitemap-item-page page_item page-item-30\"><a href=\"https:\/\/royalthaimassagelasamericas.com\/is\/thai-massage\/prenatal-mom-to-be-massage\/\">Prenatal (mamma a\u00f0 ver\u00f0a) Nudd<\/a><\/li><li class=\"elementor-sitemap-item elementor-sitemap-item-page page_item page-item-29\"><a href=\"https:\/\/royalthaimassagelasamericas.com\/is\/thai-massage\/hot-stone-massage\/\">Hot Stone nudd<\/a><\/li><li class=\"elementor-sitemap-item elementor-sitemap-item-page page_item page-item-28\"><a href=\"https:\/\/royalthaimassagelasamericas.com\/is\/thai-massage\/aromatherapy-massage\/\">Ilmme\u00f0fer\u00f0arnudd<\/a><\/li><li class=\"elementor-sitemap-item elementor-sitemap-item-page page_item page-item-27\"><a href=\"https:\/\/royalthaimassagelasamericas.com\/is\/thai-massage\/sports-massage\/\">\u00cd\u00fer\u00f3ttanudd<\/a><\/li><li class=\"elementor-sitemap-item elementor-sitemap-item-page page_item page-item-26\"><a href=\"https:\/\/royalthaimassagelasamericas.com\/is\/thai-massage\/therapeutic-thai\/\">T\u00e6lensk me\u00f0fer\u00f0<\/a><\/li><li class=\"elementor-sitemap-item elementor-sitemap-item-page page_item page-item-25\"><a href=\"https:\/\/royalthaimassagelasamericas.com\/is\/thai-massage\/thai-oil-massage\/\">Ta\u00edlenskt ol\u00edunudd<\/a><\/li><li class=\"elementor-sitemap-item elementor-sitemap-item-page page_item page-item-17\"><a href=\"https:\/\/royalthaimassagelasamericas.com\/is\/thai-massage\/traditional-thai\/\">Hef\u00f0bundi\u00f0 ta\u00edlenskt<\/a><\/li><li class=\"elementor-sitemap-item elementor-sitemap-item-page page_item page-item-16\"><a href=\"https:\/\/royalthaimassagelasamericas.com\/is\/thai-massage\/\">Thai nudd<\/a><\/li><li class=\"elementor-sitemap-item elementor-sitemap-item-page page_item page-item-15\"><a href=\"https:\/\/royalthaimassagelasamericas.com\/is\/our-center\/\">Mi\u00f0st\u00f6\u00f0in okkar<\/a><\/li><li class=\"elementor-sitemap-item elementor-sitemap-item-page page_item page-item-14\"><a href=\"https:\/\/royalthaimassagelasamericas.com\/is\/\">Heim<\/a><\/li><li class=\"elementor-sitemap-item elementor-sitemap-item-page page_item page-item-13\"><a href=\"https:\/\/royalthaimassagelasamericas.com\/is\/site-map\/\">Vefkort<\/a><\/li><\/ul><\/div><div class=\"elementor-sitemap-section\"><h2 class=\"elementor-sitemap-title elementor-sitemap-category-title\">Flokkar<\/h2><ul class=\"elementor-sitemap-list elementor-sitemap-category-list\">\t<li class=\"elementor-sitemap-item elementor-sitemap-item-category cat-item cat-item-12\"><a href=\"https:\/\/royalthaimassagelasamericas.com\/is\/category\/thai-massage\/\">Thai nudd<\/a>\n<\/li>\n\t<li class=\"elementor-sitemap-item elementor-sitemap-item-category cat-item cat-item-17\"><a href=\"https:\/\/royalthaimassagelasamericas.com\/is\/category\/sports-massage\/\">\u00cd\u00fer\u00f3ttanudd<\/a>\n<\/li>\n\t<li class=\"elementor-sitemap-item elementor-sitemap-item-category cat-item cat-item-1\"><a href=\"https:\/\/royalthaimassagelasamericas.com\/is\/category\/blog\/\">Blogg<\/a>\n<\/li>\n\t<li class=\"elementor-sitemap-item elementor-sitemap-item-category cat-item cat-item-14\"><a href=\"https:\/\/royalthaimassagelasamericas.com\/is\/category\/aromatherapy-massage\/\">Ilmme\u00f0fer\u00f0arnudd<\/a>\n<\/li>\n<\/ul><\/div><\/div>\t\t\t\t<\/div>\n\t\t\t\t<\/div>\n\t\t\t\t<\/div>","protected":false},"excerpt":{"rendered":"","protected":false},"author":2,"featured_media":0,"parent":0,"menu_order":0,"comment_status":"closed","ping_status":"closed","template":"","meta":{"footnotes":""},"class_list":["post-13","page","type-page","status-publish","hentry"],"yoast_head":"<!-- This site is optimized with the Yoast SEO plugin v26.4 - https:\/\/yoast.com\/wordpress\/plugins\/seo\/ -->\n<title>Site Map - Royal Thai Massages<\/title>\n<meta name=\"robots\" content=\"index, follow, max-snippet:-1, max-image-preview:large, max-video-preview:-1\" \/>\n<link rel=\"canonical\" href=\"https:\/\/royalthaimassagelasamericas.com\/is\/site-map\/\" \/>\n<meta property=\"og:locale\" content=\"is_IS\" \/>\n<meta property=\"og:type\" content=\"article\" \/>\n<meta property=\"og:title\" content=\"Site Map - Royal Thai Massages\" \/>\n<meta property=\"og:url\" content=\"https:\/\/royalthaimassagelasamericas.com\/is\/site-map\/\" \/>\n<meta property=\"og:site_name\" content=\"Royal Thai Massages\" \/>\n<meta property=\"article:modified_time\" content=\"2025-04-02T13:00:11+00:00\" \/>\n<meta name=\"twitter:card\" content=\"summary_large_image\" \/>\n<script type=\"application\/ld+json\" class=\"yoast-schema-graph\">{\"@context\":\"https:\/\/schema.org\",\"@graph\":[{\"@type\":\"WebPage\",\"@id\":\"https:\/\/royalthaimassagelasamericas.com\/site-map\/\",\"url\":\"https:\/\/royalthaimassagelasamericas.com\/site-map\/\",\"name\":\"Site Map - Royal Thai Massages\",\"isPartOf\":{\"@id\":\"https:\/\/royalthaimassagelasamericas.com\/es\/#website\"},\"datePublished\":\"2025-03-20T17:12:38+00:00\",\"dateModified\":\"2025-04-02T13:00:11+00:00\",\"breadcrumb\":{\"@id\":\"https:\/\/royalthaimassagelasamericas.com\/site-map\/#breadcrumb\"},\"inLanguage\":\"is\",\"potentialAction\":[{\"@type\":\"ReadAction\",\"target\":[\"https:\/\/royalthaimassagelasamericas.com\/site-map\/\"]}]},{\"@type\":\"BreadcrumbList\",\"@id\":\"https:\/\/royalthaimassagelasamericas.com\/site-map\/#breadcrumb\",\"itemListElement\":[{\"@type\":\"ListItem\",\"position\":1,\"name\":\"Portada\",\"item\":\"https:\/\/royalthaimassagelasamericas.com\/\"},{\"@type\":\"ListItem\",\"position\":2,\"name\":\"Site Map\"}]},{\"@type\":\"WebSite\",\"@id\":\"https:\/\/royalthaimassagelasamericas.com\/es\/#website\",\"url\":\"https:\/\/royalthaimassagelasamericas.com\/es\/\",\"name\":\"Royal Thai Massages\",\"description\":\"Masajes tailandeses aut\u00e9nticos en Tenerife Sur\",\"potentialAction\":[{\"@type\":\"SearchAction\",\"target\":{\"@type\":\"EntryPoint\",\"urlTemplate\":\"https:\/\/royalthaimassagelasamericas.com\/es\/?s={search_term_string}\"},\"query-input\":{\"@type\":\"PropertyValueSpecification\",\"valueRequired\":true,\"valueName\":\"search_term_string\"}}],\"inLanguage\":\"is\"}]}<\/script>\n<!-- \/ Yoast SEO plugin. -->","yoast_head_json":{"title":"Site Map - Royal Thai Massages","robots":{"index":"index","follow":"follow","max-snippet":"max-snippet:-1","max-image-preview":"max-image-preview:large","max-video-preview":"max-video-preview:-1"},"canonical":"https:\/\/royalthaimassagelasamericas.com\/is\/site-map\/","og_locale":"is_IS","og_type":"article","og_title":"Site Map - Royal Thai Massages","og_url":"https:\/\/royalthaimassagelasamericas.com\/is\/site-map\/","og_site_name":"Royal Thai Massages","article_modified_time":"2025-04-02T13:00:11+00:00","twitter_card":"summary_large_image","schema":{"@context":"https:\/\/schema.org","@graph":[{"@type":"WebPage","@id":"https:\/\/royalthaimassagelasamericas.com\/site-map\/","url":"https:\/\/royalthaimassagelasamericas.com\/site-map\/","name":"Site Map - Royal Thai Massages","isPartOf":{"@id":"https:\/\/royalthaimassagelasamericas.com\/es\/#website"},"datePublished":"2025-03-20T17:12:38+00:00","dateModified":"2025-04-02T13:00:11+00:00","breadcrumb":{"@id":"https:\/\/royalthaimassagelasamericas.com\/site-map\/#breadcrumb"},"inLanguage":"is","potentialAction":[{"@type":"ReadAction","target":["https:\/\/royalthaimassagelasamericas.com\/site-map\/"]}]},{"@type":"BreadcrumbList","@id":"https:\/\/royalthaimassagelasamericas.com\/site-map\/#breadcrumb","itemListElement":[{"@type":"ListItem","position":1,"name":"Portada","item":"https:\/\/royalthaimassagelasamericas.com\/"},{"@type":"ListItem","position":2,"name":"Site Map"}]},{"@type":"WebSite","@id":"https:\/\/royalthaimassagelasamericas.com\/es\/#website","url":"https:\/\/royalthaimassagelasamericas.com\/es\/","name":"Royal Thai nudd","description":"Masajes tailandeses aut\u00e9nticos en Tenerife Sur","potentialAction":[{"@type":"SearchAction","target":{"@type":"EntryPoint","urlTemplate":"https:\/\/royalthaimassagelasamericas.com\/es\/?s={search_term_string}"},"query-input":{"@type":"PropertyValueSpecification","valueRequired":true,"valueName":"search_term_string"}}],"inLanguage":"is"}]}},"_links":{"self":[{"href":"https:\/\/royalthaimassagelasamericas.com\/is\/wp-json\/wp\/v2\/pages\/13","targetHints":{"allow":["GET"]}}],"collection":[{"href":"https:\/\/royalthaimassagelasamericas.com\/is\/wp-json\/wp\/v2\/pages"}],"about":[{"href":"https:\/\/royalthaimassagelasamericas.com\/is\/wp-json\/wp\/v2\/types\/page"}],"author":[{"embeddable":true,"href":"https:\/\/royalthaimassagelasamericas.com\/is\/wp-json\/wp\/v2\/users\/2"}],"replies":[{"embeddable":true,"href":"https:\/\/royalthaimassagelasamericas.com\/is\/wp-json\/wp\/v2\/comments?post=13"}],"version-history":[{"count":26,"href":"https:\/\/royalthaimassagelasamericas.com\/is\/wp-json\/wp\/v2\/pages\/13\/revisions"}],"predecessor-version":[{"id":2150,"href":"https:\/\/royalthaimassagelasamericas.com\/is\/wp-json\/wp\/v2\/pages\/13\/revisions\/2150"}],"wp:attachment":[{"href":"https:\/\/royalthaimassagelasamericas.com\/is\/wp-json\/wp\/v2\/media?parent=13"}],"curies":[{"name":"wp","href":"https:\/\/api.w.org\/{rel}","templated":true}]}}