{"id":47,"date":"2025-03-20T17:30:35","date_gmt":"2025-03-20T17:30:35","guid":{"rendered":"https:\/\/royalthaimassagelasamericas.com\/?page_id=47"},"modified":"2025-11-21T17:04:50","modified_gmt":"2025-11-21T17:04:50","slug":"legal-notice","status":"publish","type":"page","link":"https:\/\/royalthaimassagelasamericas.com\/is\/legal-notice\/","title":{"rendered":"Lagatilkynning"},"content":{"rendered":"<style>.elementor-47 .elementor-element.elementor-element-ca47add{--display:flex;--flex-direction:row;--container-widget-width:calc( ( 1 - var( --container-widget-flex-grow ) ) * 100% );--container-widget-height:100%;--container-widget-flex-grow:1;--container-widget-align-self:stretch;--flex-wrap-mobile:wrap;--align-items:center;--gap:0px 0px;--row-gap:0px;--column-gap:0px;--margin-top:0px;--margin-bottom:0px;--margin-left:0px;--margin-right:0px;--padding-top:6em;--padding-bottom:6em;--padding-left:1em;--padding-right:1em;}.elementor-47 .elementor-element.elementor-element-ca47add:not(.elementor-motion-effects-element-type-background), .elementor-47 .elementor-element.elementor-element-ca47add > .elementor-motion-effects-container > .elementor-motion-effects-layer{background-color:var( --e-global-color-c3280bb );}.elementor-47 .elementor-element.elementor-element-d80e543{width:100%;max-width:100%;text-align:center;}.elementor-47 .elementor-element.elementor-element-d80e543 .elementor-heading-title{font-size:55px;color:var( --e-global-color-accent );}.elementor-47 .elementor-element.elementor-element-7cdd2780{--display:flex;--margin-top:0px;--margin-bottom:0px;--margin-left:0px;--margin-right:0px;--padding-top:4%;--padding-bottom:4%;--padding-left:4%;--padding-right:4%;}.elementor-47 .elementor-element.elementor-element-7cdd2780.e-con{--flex-grow:0;--flex-shrink:0;}.elementor-47 .elementor-element.elementor-element-717716ca{padding:0em 0em 0em 0em;}:root{--page-title-display:none;}@media(min-width:768px){.elementor-47 .elementor-element.elementor-element-ca47add{--content-width:1290px;}.elementor-47 .elementor-element.elementor-element-7cdd2780{--width:100%;}}@media(max-width:1024px){.elementor-47 .elementor-element.elementor-element-ca47add{--margin-top:0px;--margin-bottom:0px;--margin-left:0px;--margin-right:0px;}}@media(max-width:767px){.elementor-47 .elementor-element.elementor-element-ca47add{--margin-top:0px;--margin-bottom:0px;--margin-left:0px;--margin-right:0px;--padding-top:6em;--padding-bottom:6em;--padding-left:1em;--padding-right:1em;}.elementor-47 .elementor-element.elementor-element-d80e543 .elementor-heading-title{font-size:35px;}.elementor-47 .elementor-element.elementor-element-7cdd2780{--margin-top:0px;--margin-bottom:0px;--margin-left:0px;--margin-right:0px;}}<\/style>\t\t<div data-elementor-type=\"wp-page\" data-elementor-id=\"47\" class=\"elementor elementor-47\" data-elementor-post-type=\"page\">\n\t\t\t\t<div class=\"elementor-element elementor-element-ca47add e-flex e-con-boxed e-con e-parent\" data-id=\"ca47add\" data-element_type=\"container\" data-settings=\"{&quot;background_background&quot;:&quot;classic&quot;}\">\n\t\t\t\t\t<div class=\"e-con-inner\">\n\t\t\t\t<div class=\"elementor-element elementor-element-d80e543 elementor-widget__width-inherit elementor-widget elementor-widget-heading\" data-id=\"d80e543\" data-element_type=\"widget\" data-widget_type=\"heading.default\">\n\t\t\t\t\t<h1 class=\"elementor-heading-title elementor-size-default\">Lagatilkynning<\/h1>\t\t\t\t<\/div>\n\t\t\t\t\t<\/div>\n\t\t\t\t<\/div>\n\t\t<div class=\"elementor-element elementor-element-7cdd2780 e-con-full e-flex e-con e-parent\" data-id=\"7cdd2780\" data-element_type=\"container\">\n\t\t\t\t<div class=\"elementor-element elementor-element-717716ca elementor-widget elementor-widget-text-editor\" data-id=\"717716ca\" data-element_type=\"widget\" data-widget_type=\"text-editor.default\">\n\t\t\t\t\t\t\t\t\t<p>\u00cd samr\u00e6mi vi\u00f0 \u00e1kv\u00e6\u00f0i 10. greinar laga 34\/2002, fr\u00e1 11. j\u00fal\u00ed, um \u00fej\u00f3nustu \u00ed uppl\u00fdsingasamf\u00e9laginu og rafr\u00e6n vi\u00f0skipti (LSSI-CE), er h\u00e9r me\u00f0 tilkynnt a\u00f0 eigandi \u00feessarar vefs\u00ed\u00f0u og \u00e1byrg\u00f0ara\u00f0ili fyrir \u00fej\u00f3nustunni sem veitt er \u00ed gegnum hana er:<\/p><p>Fyrirt\u00e6ki: JOSE ALBERTO ZAMARO MARRERO<br \/>NIF: 45456608Y<br \/>Heimilisfang: CALLE EL CABO N 10 PISO 2 PUERTA 5<br \/>CP og b\u00e6r: 38618, LOS ABRIGOS, SANTA CRUZ DE TENERIFE,<br \/>S\u00edmi: 689514571<br \/>P\u00f3stur: <a href=\"\/is\/info@royalthaimassage.com\/\" target=\"_blank\" rel=\"noopener\"><strong>info@royalthaimassage.com<\/strong><\/a><\/p><p class=\"\" data-start=\"66\" data-end=\"237\">Til a\u00f0 f\u00e1 frekari uppl\u00fdsingar getur\u00f0u haft samband vi\u00f0 okkur me\u00f0 \u00fev\u00ed a\u00f0 hringja \u00ed s\u00edman\u00fameri\u00f0 sem tilgreint er h\u00e9r a\u00f0 ofan e\u00f0a me\u00f0 \u00fev\u00ed a\u00f0 senda t\u00f6lvup\u00f3st \u00e1 <strong><a href=\"mailto:johhnny_05@hotmal.com\">johhnny_05@hotmal.com<\/a><\/strong><\/p><p class=\"\" data-start=\"66\" data-end=\"237\"><strong data-start=\"191\" data-end=\"237\">NOTKUNARSKILM\u00c1LAR VEFSI\u00d0AR<\/strong><\/p><p class=\"\" data-start=\"239\" data-end=\"550\"><strong data-start=\"239\" data-end=\"265\">1. \u00c1byrg\u00f0 notenda<\/strong><br data-start=\"265\" data-end=\"268\" \/>\u00dea\u00f0 er \u00e1 \u00e1byrg\u00f0 gesta, vi\u00f0skiptavina e\u00f0a notenda \u00feessarar vefs\u00ed\u00f0u a\u00f0 lesa vandlega almennu notkunarskilm\u00e1lana sem l\u00fdst er h\u00e9r. Notkun e\u00f0a a\u00f0gangur a\u00f0 vefs\u00ed\u00f0unni felur \u00ed s\u00e9r vitneskju og fulla sam\u00feykki \u00e1 hverri og einni lagavi\u00f0varanir og skilyr\u00f0i sem sett eru.<\/p><p class=\"\" data-start=\"552\" data-end=\"735\"><strong data-start=\"552\" data-end=\"584\">2. Almennt sam<\/strong><strong data-start=\"552\" data-end=\"584\">\u00e1lyktanir um notkun<\/strong><br data-start=\"584\" data-end=\"587\" \/>Vefs\u00ed\u00f0an okkar veitir a\u00f0gang a\u00f0 fj\u00f6lda uppl\u00fdsinga, \u00fej\u00f3nustu, forrita e\u00f0a gagna (h\u00e9r eftir \u201einnihaldi\u00f0\u201c) \u00e1 internetinu sem tilheyra: ZAMORANO MARRERO, JOSE ALBERTO (h\u00e9r eftir \u201eFyrirt\u00e6ki\u00f0\u201c) e\u00f0a leyfisveitendur \u00feess, sem VI\u00d0SKIPTARINN\/NOTANDI getur fengi\u00f0 a\u00f0gang a\u00f0.<br data-start=\"908\" data-end=\"911\" \/>VI\u00d0SKIPTI\/NOTANDI ber \u00e1byrg\u00f0 \u00e1 notkun vefs\u00ed\u00f0unnar. \u00deessi \u00e1byrg\u00f0 n\u00e6r til allrar skr\u00e1ningar sem nau\u00f0synlegar eru til a\u00f0 f\u00e1 a\u00f0gang a\u00f0 tiltekinni \u00fej\u00f3nustu e\u00f0a efni.<br data-start=\"1074\" data-end=\"1077\" \/>Vi\u00f0 sl\u00edka skr\u00e1ningu ber VI\u00d0SKIPTI\/NOTANDI \u00e1byrg\u00f0 \u00e1 a\u00f0 veita sannar og l\u00f6gm\u00e6tar uppl\u00fdsingar. Sem aflei\u00f0ing af \u00feessari skr\u00e1ningu getur VI\u00d0SKIPTANUM\/NOTANDI fengi\u00f0 a\u00f0gangsor\u00f0 sem \u00feeir bera \u00e1byrg\u00f0 \u00e1 og skuldbinda sig til a\u00f0 nota \u00fea\u00f0 af kostg\u00e6fni og tr\u00fana\u00f0i.<\/p><p class=\"\" data-start=\"1359\" data-end=\"2631\">VI\u00d0SKIPTARINN\/NOTANDI sam\u00feykkir a\u00f0 n\u00fdta \u00e1 vi\u00f0eigandi h\u00e1tt efni og \u00fej\u00f3nustu (svo sem spjall\u00fej\u00f3nustu, umr\u00e6\u00f0uvettvang e\u00f0a fr\u00e9ttah\u00f3pa) sem fyrirt\u00e6ki\u00f0 b\u00fd\u00f0ur upp \u00e1 \u00ed gegnum vefs\u00ed\u00f0u s\u00edna og, sem d\u00e6mi en ekki takmarka\u00f0, sam\u00feykkir a\u00f0 nota \u00fea\u00f0 ekki til a\u00f0 (i) taka \u00fe\u00e1tt \u00ed \u00f3l\u00f6glegri starfsemi e\u00f0a ath\u00f6fnum sem br\u00fdtur gegn g\u00f3\u00f0ri tr\u00fa og allsherjarreglu; (ii) dreifa efni e\u00f0a \u00e1r\u00f3\u00f0ri af kyn\u00fe\u00e1ttahatri, \u00fatlendingahatri, kl\u00e1mmynda-\u00f3l\u00f6glegum toga e\u00f0a sem stu\u00f0lar a\u00f0 hry\u00f0juverkum e\u00f0a br\u00fdtur mannr\u00e9ttindi; (iii) valda skemmdum \u00e1 efnislegum og r\u00f6kr\u00e9ttum kerfum fyrirt\u00e6kisins, veitenda \u00feess e\u00f0a \u00feri\u00f0ja a\u00f0ila, kynna e\u00f0a dreifa t\u00f6lvuv\u00edrusum e\u00f0a \u00f6\u00f0rum l\u00edkamlegum e\u00f0a r\u00f6kr\u00e9ttum kerfum sem geta valdi\u00f0 fyrrnefndu tj\u00f3ni; (iv) reyna a\u00f0 f\u00e1 a\u00f0gang a\u00f0 og, ef vi\u00f0 \u00e1, nota t\u00f6lvup\u00f3streikninga annarra notenda og breyta e\u00f0a vinna me\u00f0 skilabo\u00f0 \u00feeirra.<br data-start=\"2197\" data-end=\"2200\" \/>Fyrirt\u00e6ki\u00f0 \u00e1skilur s\u00e9r r\u00e9tt til a\u00f0 fjarl\u00e6gja allar athugasemdir og framl\u00f6g sem brj\u00f3ta \u00ed b\u00e1ga vi\u00f0 vir\u00f0ingu fyrir mannlegri reisn, sem eru mismunun, \u00fatlendingahatur, kyn\u00fe\u00e1ttaford\u00f3mar, kl\u00e1mfengnar, sem \u00f3gna \u00e6sku e\u00f0a bernsku, allsherjarreglu e\u00f0a almanna\u00f6ryggi, e\u00f0a sem a\u00f0 mati \u00feess henta ekki til birtingar. \u00cd \u00f6llum tilvikum mun fyrirt\u00e6ki\u00f0 ekki bera \u00e1byrg\u00f0 \u00e1 sko\u00f0unum sem notendur l\u00e1ta \u00ed lj\u00f3s \u00ed gegnum spjallbor\u00f0, spjall e\u00f0a \u00f6nnur \u00fe\u00e1ttt\u00f6kut\u00e6ki.<\/p><p class=\"\" data-start=\"2633\" data-end=\"2900\"><strong data-start=\"2633\" data-end=\"2658\">3. \u00datilokunarr\u00e9ttur<\/strong><br data-start=\"2658\" data-end=\"2661\" \/>Fyrirt\u00e6ki\u00f0 \u00e1skilur s\u00e9r r\u00e9tt til a\u00f0 neita e\u00f0a afturkalla a\u00f0gang a\u00f0 vefs\u00ed\u00f0unni og\/e\u00f0a \u00feeirri \u00fej\u00f3nustu sem bo\u00f0i\u00f0 er upp \u00e1 \u00e1n fyrirvara, a\u00f0 eigin bei\u00f0ni e\u00f0a \u00feri\u00f0ja a\u00f0ila, \u00feeim notendum sem ekki fara a\u00f0 \u00feessum almennu notkunarskilm\u00e1lum.<\/p><p class=\"\" data-start=\"2902\" data-end=\"3639\"><strong data-start=\"2902\" data-end=\"2947\">4. Fyrirvari um \u00e1byrg\u00f0 og \u00e1byrg\u00f0<\/strong><br data-start=\"2947\" data-end=\"2950\" \/>Fyrirt\u00e6ki\u00f0 ber ekki undir neinum kringumst\u00e6\u00f0um \u00e1byrg\u00f0 \u00e1 tj\u00f3ni af neinu tagi sem kann a\u00f0 koma upp, \u00fear \u00e1 me\u00f0al en ekki takmarka\u00f0 vi\u00f0: villur e\u00f0a a\u00f0ger\u00f0aleysi \u00ed innihaldi, skort \u00e1 a\u00f0gengi a\u00f0 vefs\u00ed\u00f0unni e\u00f0a sendingu v\u00edrusa e\u00f0a illgjarnra e\u00f0a ska\u00f0legra forrita \u00ed efninu, \u00fer\u00e1tt fyrir a\u00f0 hafa gert allar nau\u00f0synlegar t\u00e6knilegar r\u00e1\u00f0stafanir til a\u00f0 koma \u00ed veg fyrir \u00fea\u00f0.<br data-start=\"3303\" data-end=\"3306\" \/>S\u00f6mulei\u00f0is skal \u00fea\u00f0 ekki bera \u00e1byrg\u00f0 \u00e1 skorti \u00e1 l\u00f6gm\u00e6ti, g\u00e6\u00f0um, \u00e1rei\u00f0anleika, notagildi og frambo\u00f0i \u00e1 \u00fej\u00f3nustu sem veitt er af \u00feri\u00f0ja a\u00f0ila og er a\u00f0gengileg notendum \u00e1 \u00feessari vefs\u00ed\u00f0u.<br data-start=\"3508\" data-end=\"3511\" \/>A\u00f0 lokum ber f\u00e9lagi\u00f0 ekki \u00e1byrg\u00f0 \u00e1 \u00f3l\u00f6gm\u00e6tri, vanr\u00e6kslu, sviksamlegri e\u00f0a \u00e1 annan h\u00e1tt \u00ed b\u00e1ga vi\u00f0 notkun \u00feessara skilyr\u00f0a.<\/p><p class=\"\" data-start=\"3641\" data-end=\"4313\"><strong data-start=\"3641\" data-end=\"3653\">5. Tenglar<\/strong><br data-start=\"3653\" data-end=\"3656\" \/>Ef vefs\u00ed\u00f0an inniheldur tengla e\u00f0a tengla \u00e1 a\u00f0rar vefs\u00ed\u00f0ur, skal f\u00e9lagi\u00f0 ekki hafa neina stj\u00f3rn \u00e1 sl\u00edkum s\u00ed\u00f0um og efni. Fyrirt\u00e6ki\u00f0 skal undir engum kringumst\u00e6\u00f0um axla neina \u00e1byrg\u00f0 \u00e1 innihaldi neinna tengla sem tilheyra vefs\u00ed\u00f0u \u00feri\u00f0ja a\u00f0ila, n\u00e9 skal \u00fea\u00f0 \u00e1byrgjast t\u00e6knilegt a\u00f0gengi, g\u00e6\u00f0i, \u00e1rei\u00f0anleika, n\u00e1kv\u00e6mni, heilleika, sannleiksgildi, r\u00e9ttm\u00e6ti e\u00f0a stj\u00f3rnarskr\u00e1rh\u00e6fni hvers kyns efnis e\u00f0a uppl\u00fdsinga sem eru \u00e1 sl\u00edkum tengla e\u00f0a \u00f6\u00f0rum vefs\u00ed\u00f0um.<br data-start=\"4170\" data-end=\"4173\" \/>A\u00f0 sama skapi felur \u00fea\u00f0 ekki \u00ed s\u00e9r neina tengsl, sameiningu e\u00f0a \u00fe\u00e1ttt\u00f6ku vi\u00f0 tengda a\u00f0ila \u00feegar sl\u00edkir ytri tenglar eru teknir me\u00f0.<\/p><p class=\"\" data-start=\"4315\" data-end=\"5931\"><strong data-start=\"4315\" data-end=\"4343\">6. Hugverkar\u00e9ttur<\/strong><br data-start=\"4343\" data-end=\"4346\" \/>Fyrirt\u00e6ki\u00f0, sj\u00e1lft e\u00f0a sem framsalshafi, er eigandi allra hugverka- og i\u00f0na\u00f0arr\u00e9ttar \u00e1 vefs\u00ed\u00f0u sinni, svo og \u00feeirra \u00fe\u00e1tta sem \u00fear er a\u00f0 finna (\u00fear \u00e1 me\u00f0al en ekki takmarka\u00f0 vi\u00f0 myndir, hlj\u00f3\u00f0, hlj\u00f3\u00f0, myndband, hugb\u00fana\u00f0 e\u00f0a texta; v\u00f6rumerki e\u00f0a l\u00f3g\u00f3, litasamsetningar, uppbygging og h\u00f6nnun, val \u00e1 efnum sem notu\u00f0 eru, t\u00f6lvuforrit sem eru nau\u00f0synleg fyrir rekstur \u00feess, a\u00f0gang e\u00f0a notkun \u00feess, o.s.frv.), \u00ed eigu fyrirt\u00e6kisins.<br data-start=\"4792\" data-end=\"4795\" \/>Fj\u00f6lf\u00f6ldun, dreifing, opinber samskipti, umbreyting, hagn\u00fdting (s\u00e9rstaklega \u00ed atvinnuskyni e\u00f0a \u00ed i\u00f0na\u00f0i), flutning, leiga, sala, l\u00e1n, lei\u00f0r\u00e9ttingar, \u00fatdr\u00e1ttur og\/e\u00f0a endurn\u00fdting e\u00f0a n\u00fdting hvers kyns hugverka- e\u00f0a i\u00f0na\u00f0arr\u00e9ttar sem ekki er s\u00e9rstaklega veitt af fyrirt\u00e6kinu skriflega er beinl\u00ednis b\u00f6nnu\u00f0.<br data-start=\"5139\" data-end=\"5142\" \/>VI\u00d0SKIPTI\/NOTANDI vi\u00f0urkennir hugverka- og i\u00f0na\u00f0arr\u00e9ttindi fyrirt\u00e6kisins. VI\u00d0SKIPTI\/NOTANDI sam\u00feykkir a\u00f0 vir\u00f0a hugverka- og i\u00f0na\u00f0arr\u00e9ttindi \u00ed eigu fyrirt\u00e6kisins. Notendur geta sko\u00f0a\u00f0 \u00fe\u00e6tti vefs\u00ed\u00f0unnar og jafnvel prenta\u00f0, afrita\u00f0 og geymt \u00fe\u00e1 \u00e1 har\u00f0a disknum \u00e1 t\u00f6lvunni sinni e\u00f0a \u00e1 \u00f6\u00f0rum l\u00edkamlegum stu\u00f0ningi a\u00f0 \u00fev\u00ed tilskildu a\u00f0 \u00fea\u00f0 s\u00e9 eing\u00f6ngu og eing\u00f6ngu til pers\u00f3nulegra nota og einkanota. VI\u00d0SKIPTI\/NOTANDI ver\u00f0ur a\u00f0 for\u00f0ast a\u00f0 ey\u00f0a, breyta, sni\u00f0ganga e\u00f0a vinna me\u00f0 nein verndarb\u00fana\u00f0 e\u00f0a \u00f6ryggiskerfi sem kunna a\u00f0 vera sett upp \u00e1 s\u00ed\u00f0um fyrirt\u00e6kisins.<br data-start=\"5743\" data-end=\"5746\" \/>VI\u00d0SKIPTAVINNANDI\/NOTANDI m\u00e1 ekki \u00e1 nokkurn h\u00e1tt nota v\u00f6rumerki, l\u00f3g\u00f3, v\u00f6ruheiti, internetl\u00e9n e\u00f0a \u00f6nnur s\u00e9rkenni fyrirt\u00e6kisins \u00e1n \u00feess a\u00f0 hafa fyrirfram og skriflegt sam\u00feykki \u00feess.<\/p><p class=\"\" data-start=\"5933\" data-end=\"6120\"><strong data-start=\"5933\" data-end=\"5955\">7. Pers\u00f3nuvernd<\/strong><br data-start=\"5955\" data-end=\"5958\" \/>Pers\u00f3nuvernd skal fara eftir \u00e1kv\u00e6\u00f0um \u00ed samsvarandi kafla \u00feessara skilm\u00e1la og \u00ed pers\u00f3nuverndarstefnunni sem er a\u00f0gengileg \u00e1 vefs\u00ed\u00f0unni.<\/p><p><!-- \/wp:paragraph --><\/p>\t\t\t\t\t\t\t\t<\/div>\n\t\t\t\t<\/div>\n\t\t\t\t<\/div>","protected":false},"excerpt":{"rendered":"<p>In compliance with the provisions of Article 10 of Law 34\/2002, of July 11, on Information Society Services and Electronic Commerce (LSSI-CE), it is hereby informed that the owner of this website and the party responsible for the services provided through it is: Company: JOSE ALBERTO ZAMARO MARRERONIF: 45456608YAddress: CALLE EL CABO N 10 PISO [&hellip;]<\/p>","protected":false},"author":2,"featured_media":0,"parent":0,"menu_order":0,"comment_status":"closed","ping_status":"closed","template":"elementor_header_footer","meta":{"footnotes":""},"class_list":["post-47","page","type-page","status-publish","hentry"],"yoast_head":"<!-- This site is optimized with the Yoast SEO plugin v26.4 - https:\/\/yoast.com\/wordpress\/plugins\/seo\/ -->\n<title>Legal Notice - Royal Thai Massages<\/title>\n<meta name=\"robots\" content=\"index, follow, max-snippet:-1, max-image-preview:large, max-video-preview:-1\" \/>\n<link rel=\"canonical\" href=\"https:\/\/royalthaimassagelasamericas.com\/is\/legal-notice\/\" \/>\n<meta property=\"og:locale\" content=\"is_IS\" \/>\n<meta property=\"og:type\" content=\"article\" \/>\n<meta property=\"og:title\" content=\"Legal Notice - Royal Thai Massages\" \/>\n<meta property=\"og:description\" content=\"In compliance with the provisions of Article 10 of Law 34\/2002, of July 11, on Information Society Services and Electronic Commerce (LSSI-CE), it is hereby informed that the owner of this website and the party responsible for the services provided through it is: Company: JOSE ALBERTO ZAMARO MARRERONIF: 45456608YAddress: CALLE EL CABO N 10 PISO [&hellip;]\" \/>\n<meta property=\"og:url\" content=\"https:\/\/royalthaimassagelasamericas.com\/is\/legal-notice\/\" \/>\n<meta property=\"og:site_name\" content=\"Royal Thai Massages\" \/>\n<meta property=\"article:modified_time\" content=\"2025-11-21T17:04:50+00:00\" \/>\n<meta name=\"twitter:card\" content=\"summary_large_image\" \/>\n<meta name=\"twitter:label1\" content=\"Est. reading time\" \/>\n\t<meta name=\"twitter:data1\" content=\"5 minutes\" \/>\n<script type=\"application\/ld+json\" class=\"yoast-schema-graph\">{\"@context\":\"https:\/\/schema.org\",\"@graph\":[{\"@type\":\"WebPage\",\"@id\":\"https:\/\/royalthaimassagelasamericas.com\/legal-notice\/\",\"url\":\"https:\/\/royalthaimassagelasamericas.com\/legal-notice\/\",\"name\":\"Legal Notice - Royal Thai Massages\",\"isPartOf\":{\"@id\":\"https:\/\/royalthaimassagelasamericas.com\/es\/#website\"},\"datePublished\":\"2025-03-20T17:30:35+00:00\",\"dateModified\":\"2025-11-21T17:04:50+00:00\",\"breadcrumb\":{\"@id\":\"https:\/\/royalthaimassagelasamericas.com\/legal-notice\/#breadcrumb\"},\"inLanguage\":\"is\",\"potentialAction\":[{\"@type\":\"ReadAction\",\"target\":[\"https:\/\/royalthaimassagelasamericas.com\/legal-notice\/\"]}]},{\"@type\":\"BreadcrumbList\",\"@id\":\"https:\/\/royalthaimassagelasamericas.com\/legal-notice\/#breadcrumb\",\"itemListElement\":[{\"@type\":\"ListItem\",\"position\":1,\"name\":\"Portada\",\"item\":\"https:\/\/royalthaimassagelasamericas.com\/\"},{\"@type\":\"ListItem\",\"position\":2,\"name\":\"Legal Notice\"}]},{\"@type\":\"WebSite\",\"@id\":\"https:\/\/royalthaimassagelasamericas.com\/es\/#website\",\"url\":\"https:\/\/royalthaimassagelasamericas.com\/es\/\",\"name\":\"Royal Thai Massages\",\"description\":\"Masajes tailandeses aut\u00e9nticos en Tenerife Sur\",\"potentialAction\":[{\"@type\":\"SearchAction\",\"target\":{\"@type\":\"EntryPoint\",\"urlTemplate\":\"https:\/\/royalthaimassagelasamericas.com\/es\/?s={search_term_string}\"},\"query-input\":{\"@type\":\"PropertyValueSpecification\",\"valueRequired\":true,\"valueName\":\"search_term_string\"}}],\"inLanguage\":\"is\"}]}<\/script>\n<!-- \/ Yoast SEO plugin. -->","yoast_head_json":{"title":"Legal Notice - Royal Thai Massages","robots":{"index":"index","follow":"follow","max-snippet":"max-snippet:-1","max-image-preview":"max-image-preview:large","max-video-preview":"max-video-preview:-1"},"canonical":"https:\/\/royalthaimassagelasamericas.com\/is\/legal-notice\/","og_locale":"is_IS","og_type":"article","og_title":"Legal Notice - Royal Thai Massages","og_description":"In compliance with the provisions of Article 10 of Law 34\/2002, of July 11, on Information Society Services and Electronic Commerce (LSSI-CE), it is hereby informed that the owner of this website and the party responsible for the services provided through it is: Company: JOSE ALBERTO ZAMARO MARRERONIF: 45456608YAddress: CALLE EL CABO N 10 PISO [&hellip;]","og_url":"https:\/\/royalthaimassagelasamericas.com\/is\/legal-notice\/","og_site_name":"Royal Thai Massages","article_modified_time":"2025-11-21T17:04:50+00:00","twitter_card":"summary_large_image","twitter_misc":{"Est. reading time":"5 minutes"},"schema":{"@context":"https:\/\/schema.org","@graph":[{"@type":"WebPage","@id":"https:\/\/royalthaimassagelasamericas.com\/legal-notice\/","url":"https:\/\/royalthaimassagelasamericas.com\/legal-notice\/","name":"Legal Notice - Royal Thai Massages","isPartOf":{"@id":"https:\/\/royalthaimassagelasamericas.com\/es\/#website"},"datePublished":"2025-03-20T17:30:35+00:00","dateModified":"2025-11-21T17:04:50+00:00","breadcrumb":{"@id":"https:\/\/royalthaimassagelasamericas.com\/legal-notice\/#breadcrumb"},"inLanguage":"is","potentialAction":[{"@type":"ReadAction","target":["https:\/\/royalthaimassagelasamericas.com\/legal-notice\/"]}]},{"@type":"BreadcrumbList","@id":"https:\/\/royalthaimassagelasamericas.com\/legal-notice\/#breadcrumb","itemListElement":[{"@type":"ListItem","position":1,"name":"Portada","item":"https:\/\/royalthaimassagelasamericas.com\/"},{"@type":"ListItem","position":2,"name":"Legal Notice"}]},{"@type":"WebSite","@id":"https:\/\/royalthaimassagelasamericas.com\/es\/#website","url":"https:\/\/royalthaimassagelasamericas.com\/es\/","name":"Royal Thai nudd","description":"Masajes tailandeses aut\u00e9nticos en Tenerife Sur","potentialAction":[{"@type":"SearchAction","target":{"@type":"EntryPoint","urlTemplate":"https:\/\/royalthaimassagelasamericas.com\/es\/?s={search_term_string}"},"query-input":{"@type":"PropertyValueSpecification","valueRequired":true,"valueName":"search_term_string"}}],"inLanguage":"is"}]}},"_links":{"self":[{"href":"https:\/\/royalthaimassagelasamericas.com\/is\/wp-json\/wp\/v2\/pages\/47","targetHints":{"allow":["GET"]}}],"collection":[{"href":"https:\/\/royalthaimassagelasamericas.com\/is\/wp-json\/wp\/v2\/pages"}],"about":[{"href":"https:\/\/royalthaimassagelasamericas.com\/is\/wp-json\/wp\/v2\/types\/page"}],"author":[{"embeddable":true,"href":"https:\/\/royalthaimassagelasamericas.com\/is\/wp-json\/wp\/v2\/users\/2"}],"replies":[{"embeddable":true,"href":"https:\/\/royalthaimassagelasamericas.com\/is\/wp-json\/wp\/v2\/comments?post=47"}],"version-history":[{"count":77,"href":"https:\/\/royalthaimassagelasamericas.com\/is\/wp-json\/wp\/v2\/pages\/47\/revisions"}],"predecessor-version":[{"id":2902,"href":"https:\/\/royalthaimassagelasamericas.com\/is\/wp-json\/wp\/v2\/pages\/47\/revisions\/2902"}],"wp:attachment":[{"href":"https:\/\/royalthaimassagelasamericas.com\/is\/wp-json\/wp\/v2\/media?parent=47"}],"curies":[{"name":"wp","href":"https:\/\/api.w.org\/{rel}","templated":true}]}}