{"id":48,"date":"2025-03-20T17:28:22","date_gmt":"2025-03-20T17:28:22","guid":{"rendered":"https:\/\/royalthaimassagelasamericas.com\/?page_id=48"},"modified":"2025-11-21T16:53:26","modified_gmt":"2025-11-21T16:53:26","slug":"accessibility-statement","status":"publish","type":"page","link":"https:\/\/royalthaimassagelasamericas.com\/is\/accessibility-statement\/","title":{"rendered":"A\u00f0gengisyfirl\u00fdsing"},"content":{"rendered":"<style>.elementor-48 .elementor-element.elementor-element-ad41ae7{--display:flex;--flex-direction:row;--container-widget-width:calc( ( 1 - var( --container-widget-flex-grow ) ) * 100% );--container-widget-height:100%;--container-widget-flex-grow:1;--container-widget-align-self:stretch;--flex-wrap-mobile:wrap;--align-items:center;--gap:0px 0px;--row-gap:0px;--column-gap:0px;--overlay-opacity:0.03;--margin-top:0px;--margin-bottom:0px;--margin-left:0px;--margin-right:0px;--padding-top:6em;--padding-bottom:6em;--padding-left:1em;--padding-right:1em;}.elementor-48 .elementor-element.elementor-element-ad41ae7:not(.elementor-motion-effects-element-type-background), .elementor-48 .elementor-element.elementor-element-ad41ae7 > .elementor-motion-effects-container > .elementor-motion-effects-layer{background-color:var( --e-global-color-c3280bb );}.elementor-48 .elementor-element.elementor-element-ad41ae7::before, .elementor-48 .elementor-element.elementor-element-ad41ae7 > .elementor-background-video-container::before, .elementor-48 .elementor-element.elementor-element-ad41ae7 > .e-con-inner > .elementor-background-video-container::before, .elementor-48 .elementor-element.elementor-element-ad41ae7 > .elementor-background-slideshow::before, .elementor-48 .elementor-element.elementor-element-ad41ae7 > .e-con-inner > .elementor-background-slideshow::before, .elementor-48 .elementor-element.elementor-element-ad41ae7 > .elementor-motion-effects-container > .elementor-motion-effects-layer::before{--background-overlay:'';}.elementor-48 .elementor-element.elementor-element-ae468cc{width:100%;max-width:100%;text-align:center;}.elementor-48 .elementor-element.elementor-element-ae468cc .elementor-heading-title{font-size:55px;color:#FFFFFF;}.elementor-48 .elementor-element.elementor-element-12d91061{--display:flex;--margin-top:0px;--margin-bottom:0px;--margin-left:0px;--margin-right:0px;--padding-top:4%;--padding-bottom:4%;--padding-left:4%;--padding-right:4%;}.elementor-48 .elementor-element.elementor-element-12d91061.e-con{--flex-grow:0;--flex-shrink:0;}@media(min-width:768px){.elementor-48 .elementor-element.elementor-element-ad41ae7{--content-width:1290px;}.elementor-48 .elementor-element.elementor-element-12d91061{--width:100%;}}@media(max-width:1024px){.elementor-48 .elementor-element.elementor-element-ad41ae7{--margin-top:0px;--margin-bottom:0px;--margin-left:0px;--margin-right:0px;}.elementor-48 .elementor-element.elementor-element-ae468cc .elementor-heading-title{font-size:45px;}}@media(max-width:767px){.elementor-48 .elementor-element.elementor-element-ad41ae7{--margin-top:0px;--margin-bottom:0px;--margin-left:0px;--margin-right:0px;--padding-top:6em;--padding-bottom:6em;--padding-left:1em;--padding-right:1em;}.elementor-48 .elementor-element.elementor-element-ae468cc .elementor-heading-title{font-size:35px;}.elementor-48 .elementor-element.elementor-element-12d91061{--margin-top:0px;--margin-bottom:0px;--margin-left:0px;--margin-right:0px;}.elementor-48 .elementor-element.elementor-element-39990e94{margin:0px 0px calc(var(--kit-widget-spacing, 0px) + 0px) 0px;padding:0px 0px 0px 0px;}}<\/style>\t\t<div data-elementor-type=\"wp-page\" data-elementor-id=\"48\" class=\"elementor elementor-48\" data-elementor-post-type=\"page\">\n\t\t\t\t<div class=\"elementor-element elementor-element-ad41ae7 e-flex e-con-boxed e-con e-parent\" data-id=\"ad41ae7\" data-element_type=\"container\" data-settings=\"{&quot;background_background&quot;:&quot;classic&quot;}\">\n\t\t\t\t\t<div class=\"e-con-inner\">\n\t\t\t\t<div class=\"elementor-element elementor-element-ae468cc elementor-widget__width-inherit elementor-widget elementor-widget-heading\" data-id=\"ae468cc\" data-element_type=\"widget\" data-widget_type=\"heading.default\">\n\t\t\t\t\t<h1 class=\"elementor-heading-title elementor-size-default\">A\u00f0gengisyfirl\u00fdsing<\/h1>\t\t\t\t<\/div>\n\t\t\t\t\t<\/div>\n\t\t\t\t<\/div>\n\t\t<div class=\"elementor-element elementor-element-12d91061 e-con-full e-flex e-con e-parent\" data-id=\"12d91061\" data-element_type=\"container\">\n\t\t\t\t<div class=\"elementor-element elementor-element-39990e94 elementor-widget elementor-widget-text-editor\" data-id=\"39990e94\" data-element_type=\"widget\" data-widget_type=\"text-editor.default\">\n\t\t\t\t\t\t\t\t\t\n<p><\/p>\n<p><strong>Jose Alberto Zamaro<\/strong> hefur skuldbundi\u00f0 sig til a\u00f0 gera vefs\u00ed\u00f0u s\u00edna a\u00f0gengilega, \u00ed samr\u00e6mi vi\u00f0 konunglega tilskipun 1112\/2018, fr\u00e1 7. september, um a\u00f0gengi a\u00f0 vefs\u00ed\u00f0um opinberra a\u00f0ila og forritum fyrir fars\u00edma. \u00deessi a\u00f0gengisyfirl\u00fdsing \u00e1 vi\u00f0 um \u00feessa vefs\u00ed\u00f0u.<\/p>\n<p>Fylgnista\u00f0a.<\/p>\n<p>\u00deessi vefs\u00ed\u00f0a er \u00fer\u00f3u\u00f0 samkv\u00e6mt RD 1112\/2018.<\/p>\n<p>Undirb\u00faningur fyrir eftirfarandi a\u00f0gengisyfirl\u00fdsingu.<\/p>\n<p>Yfirl\u00fdsing \u00feessi var unnin 20. apr\u00edl 2023. A\u00f0fer\u00f0in sem notu\u00f0 var vi\u00f0 ger\u00f0 yfirl\u00fdsingarinnar hefur veri\u00f0 sj\u00e1lfsmat.<\/p>\n<p>Athugasemdir og tengili\u00f0auppl\u00fdsingar.<\/p>\n<p>\u00de\u00fa getur haft samskipti um a\u00f0gengiskr\u00f6fur (grein 10.2.a \u00ed RD 1112\/2018) eins og:<\/p>\n<p>Tilkynntu hugsanlega vanefnd \u00e1 \u00feessari vefs\u00ed\u00f0u.<br \/>Senda a\u00f0ra erfi\u00f0leika vi\u00f0 a\u00f0 f\u00e1 a\u00f0gang a\u00f0 efninu<br \/>Settu fram allar a\u00f0rar fyrirspurnir e\u00f0a till\u00f6gu um \u00farb\u00e6tur var\u00f0andi a\u00f0gengi vefs\u00ed\u00f0unnar \u00ed gegnum snertingarey\u00f0ubla\u00f0i\u00f0 \u00e1 \u00feessari vefs\u00ed\u00f0u e\u00f0a \u00ed gegnum s\u00edman\u00fameri\u00f0.<\/p>\n<p>\u00de\u00fa getur sent inn:<\/p>\n<p>Kv\u00f6rtun um a\u00f0 fari\u00f0 s\u00e9 a\u00f0 kr\u00f6fum RD 1112\/2018.<br \/>Bei\u00f0ni um a\u00f0gengilegar uppl\u00fdsingar sem tengjast:<br \/>Efni sem er undanskili\u00f0 gildissvi\u00f0i RD 1112\/2018 eins og fram kemur \u00ed 4. mgr. 3. gr.<br \/>Efni sem er undan\u00feegi\u00f0 \u00fev\u00ed a\u00f0 uppfylla a\u00f0gengiskr\u00f6fur til a\u00f0 leggja \u00e1 \u00f3h\u00f3flega byr\u00f0i.<br \/>\u00cd bei\u00f0ni um a\u00f0gengilegar uppl\u00fdsingar \u00fearf a\u00f0 tilgreina sta\u00f0reyndir, \u00e1st\u00e6\u00f0ur og bei\u00f0nina me\u00f0 sk\u00fdrum h\u00e6tti til a\u00f0 sta\u00f0festa a\u00f0 um sanngjarna og r\u00e9ttm\u00e6ta bei\u00f0ni s\u00e9 a\u00f0 r\u00e6\u00f0a.<\/p>\n<p>Kvartanir og kr\u00f6fur vegna a\u00f0gengilegra uppl\u00fdsinga skulu berast \u00ed gegnum rafr\u00e6nar h\u00f6fu\u00f0st\u00f6\u00f0var (<a href=\"https:\/\/sede.red.gob.es\/procedimientos\/quejas-y-sugerencias\" target=\"_blank\" rel=\"noopener\"><strong>https:\/\/sede.red.gob.es\/procedimientos\/quejas-y-sugerencias<\/strong><\/a>), og skal berast og vinna \u00far uppl\u00fdsingakerfasv\u00e6\u00f0i Red.es.<\/p>\n<p>Valfrj\u00e1lst efni<\/p>\n<p>Ef \u00fe\u00fa vilt breyta leturst\u00e6r\u00f0 textans \u00ed helstu graf\u00edsku v\u00f6frunum skaltu nota eftirfarandi valmyndir:<br \/>Safari: Sko\u00f0a &gt; Ger\u00f0u texta st\u00e6rri<br \/>Chrome: Stj\u00f3rna\u00f0u n\u00faverandi s\u00ed\u00f0u &gt; Textast\u00e6r\u00f0<\/p>\n<p>Til a\u00f0 breyta st\u00e6r\u00f0 alls \u00e1 s\u00ed\u00f0unni:<\/p>\n<p>Ctrl++ til a\u00f0 auka \u00fea\u00f0<br \/>Ctrl + \u2013 til a\u00f0 minnka \u00fea\u00f0<br \/>Ctrl + 0 endurheimtir upprunalega textast\u00e6r\u00f0.<br \/>Ef \u00fe\u00fa vilt hnekkja st\u00edlbla\u00f0inu e\u00f0a breyta litnum \u00e1 textanum getur\u00f0u v\u00edsa\u00f0 \u00e1 s\u00ed\u00f0u WAI&#039;s How to Change Text Size or Colors, sem h\u00e6gt er a\u00f0 lesa \u00e1 ensku \u00e1 How to change text size or colors?<\/p>\n<ul class=\"wp-block-list\"><\/ul>\n<p><\/p>\n<ul class=\"wp-block-list\"><!-- \/wp:list-item --><\/ul>\n<!-- \/wp:list -->\t\t\t\t\t\t\t\t<\/div>\n\t\t\t\t<\/div>\n\t\t\t\t<\/div>","protected":false},"excerpt":{"rendered":"<p>Jose Alberto Zamaro skuldbindur sig til a\u00f0 gera vefs\u00ed\u00f0u s\u00edna a\u00f0gengilega, \u00ed samr\u00e6mi vi\u00f0 konunglega tilskipun 1112\/2018, fr\u00e1 7. september, um a\u00f0gengi opinberra vefs\u00ed\u00f0na og forrita fyrir fars\u00edma. \u00deessi a\u00f0gengisyfirl\u00fdsing \u00e1 vi\u00f0 um \u00feessa vefs\u00ed\u00f0u. Fylgnista\u00f0a. \u00deessi vefs\u00ed\u00f0a er \u00fer\u00f3u\u00f0 samkv\u00e6mt RD 1112\/2018. Undirb\u00faningur fyrir eftirfarandi a\u00f0gengisyfirl\u00fdsingu. \u00deessi yfirl\u00fdsing [\u2026]<\/p>","protected":false},"author":2,"featured_media":0,"parent":0,"menu_order":0,"comment_status":"closed","ping_status":"closed","template":"","meta":{"footnotes":""},"class_list":["post-48","page","type-page","status-publish","hentry"],"yoast_head":"<!-- This site is optimized with the Yoast SEO plugin v26.4 - https:\/\/yoast.com\/wordpress\/plugins\/seo\/ -->\n<title>Accessibility Statement - Royal Thai Massages<\/title>\n<meta name=\"robots\" content=\"index, follow, max-snippet:-1, max-image-preview:large, max-video-preview:-1\" \/>\n<link rel=\"canonical\" href=\"https:\/\/royalthaimassagelasamericas.com\/is\/accessibility-statement\/\" \/>\n<meta property=\"og:locale\" content=\"is_IS\" \/>\n<meta property=\"og:type\" content=\"article\" \/>\n<meta property=\"og:title\" content=\"Accessibility Statement - Royal Thai Massages\" \/>\n<meta property=\"og:description\" content=\"Jose Alberto Zamaro is committed to making its website accessible, in accordance with Royal Decree 1112\/2018, of 7 September, on accessibility of public sector websites and applications for mobile devices. This accessibility statement applies to this website. Compliance status. This website is developed according to RD 1112\/2018. Preparation for the following accessibility statement. This statement [&hellip;]\" \/>\n<meta property=\"og:url\" content=\"https:\/\/royalthaimassagelasamericas.com\/is\/accessibility-statement\/\" \/>\n<meta property=\"og:site_name\" content=\"Royal Thai Massages\" \/>\n<meta property=\"article:modified_time\" content=\"2025-11-21T16:53:26+00:00\" \/>\n<meta name=\"twitter:card\" content=\"summary_large_image\" \/>\n<meta name=\"twitter:label1\" content=\"Est. reading time\" \/>\n\t<meta name=\"twitter:data1\" content=\"2 minutes\" \/>\n<script type=\"application\/ld+json\" class=\"yoast-schema-graph\">{\"@context\":\"https:\/\/schema.org\",\"@graph\":[{\"@type\":\"WebPage\",\"@id\":\"https:\/\/royalthaimassagelasamericas.com\/accessibility-statement\/\",\"url\":\"https:\/\/royalthaimassagelasamericas.com\/accessibility-statement\/\",\"name\":\"Accessibility Statement - Royal Thai Massages\",\"isPartOf\":{\"@id\":\"https:\/\/royalthaimassagelasamericas.com\/es\/#website\"},\"datePublished\":\"2025-03-20T17:28:22+00:00\",\"dateModified\":\"2025-11-21T16:53:26+00:00\",\"breadcrumb\":{\"@id\":\"https:\/\/royalthaimassagelasamericas.com\/accessibility-statement\/#breadcrumb\"},\"inLanguage\":\"is\",\"potentialAction\":[{\"@type\":\"ReadAction\",\"target\":[\"https:\/\/royalthaimassagelasamericas.com\/accessibility-statement\/\"]}]},{\"@type\":\"BreadcrumbList\",\"@id\":\"https:\/\/royalthaimassagelasamericas.com\/accessibility-statement\/#breadcrumb\",\"itemListElement\":[{\"@type\":\"ListItem\",\"position\":1,\"name\":\"Portada\",\"item\":\"https:\/\/royalthaimassagelasamericas.com\/\"},{\"@type\":\"ListItem\",\"position\":2,\"name\":\"Accessibility Statement\"}]},{\"@type\":\"WebSite\",\"@id\":\"https:\/\/royalthaimassagelasamericas.com\/es\/#website\",\"url\":\"https:\/\/royalthaimassagelasamericas.com\/es\/\",\"name\":\"Royal Thai Massages\",\"description\":\"Masajes tailandeses aut\u00e9nticos en Tenerife Sur\",\"potentialAction\":[{\"@type\":\"SearchAction\",\"target\":{\"@type\":\"EntryPoint\",\"urlTemplate\":\"https:\/\/royalthaimassagelasamericas.com\/es\/?s={search_term_string}\"},\"query-input\":{\"@type\":\"PropertyValueSpecification\",\"valueRequired\":true,\"valueName\":\"search_term_string\"}}],\"inLanguage\":\"is\"}]}<\/script>\n<!-- \/ Yoast SEO plugin. -->","yoast_head_json":{"title":"Accessibility Statement - Royal Thai Massages","robots":{"index":"index","follow":"follow","max-snippet":"max-snippet:-1","max-image-preview":"max-image-preview:large","max-video-preview":"max-video-preview:-1"},"canonical":"https:\/\/royalthaimassagelasamericas.com\/is\/accessibility-statement\/","og_locale":"is_IS","og_type":"article","og_title":"Accessibility Statement - Royal Thai Massages","og_description":"Jose Alberto Zamaro is committed to making its website accessible, in accordance with Royal Decree 1112\/2018, of 7 September, on accessibility of public sector websites and applications for mobile devices. This accessibility statement applies to this website. Compliance status. This website is developed according to RD 1112\/2018. Preparation for the following accessibility statement. This statement [&hellip;]","og_url":"https:\/\/royalthaimassagelasamericas.com\/is\/accessibility-statement\/","og_site_name":"Royal Thai Massages","article_modified_time":"2025-11-21T16:53:26+00:00","twitter_card":"summary_large_image","twitter_misc":{"Est. reading time":"2 minutes"},"schema":{"@context":"https:\/\/schema.org","@graph":[{"@type":"WebPage","@id":"https:\/\/royalthaimassagelasamericas.com\/accessibility-statement\/","url":"https:\/\/royalthaimassagelasamericas.com\/accessibility-statement\/","name":"Accessibility Statement - Royal Thai Massages","isPartOf":{"@id":"https:\/\/royalthaimassagelasamericas.com\/es\/#website"},"datePublished":"2025-03-20T17:28:22+00:00","dateModified":"2025-11-21T16:53:26+00:00","breadcrumb":{"@id":"https:\/\/royalthaimassagelasamericas.com\/accessibility-statement\/#breadcrumb"},"inLanguage":"is","potentialAction":[{"@type":"ReadAction","target":["https:\/\/royalthaimassagelasamericas.com\/accessibility-statement\/"]}]},{"@type":"BreadcrumbList","@id":"https:\/\/royalthaimassagelasamericas.com\/accessibility-statement\/#breadcrumb","itemListElement":[{"@type":"ListItem","position":1,"name":"Portada","item":"https:\/\/royalthaimassagelasamericas.com\/"},{"@type":"ListItem","position":2,"name":"Accessibility Statement"}]},{"@type":"WebSite","@id":"https:\/\/royalthaimassagelasamericas.com\/es\/#website","url":"https:\/\/royalthaimassagelasamericas.com\/es\/","name":"Royal Thai nudd","description":"Masajes tailandeses aut\u00e9nticos en Tenerife Sur","potentialAction":[{"@type":"SearchAction","target":{"@type":"EntryPoint","urlTemplate":"https:\/\/royalthaimassagelasamericas.com\/es\/?s={search_term_string}"},"query-input":{"@type":"PropertyValueSpecification","valueRequired":true,"valueName":"search_term_string"}}],"inLanguage":"is"}]}},"_links":{"self":[{"href":"https:\/\/royalthaimassagelasamericas.com\/is\/wp-json\/wp\/v2\/pages\/48","targetHints":{"allow":["GET"]}}],"collection":[{"href":"https:\/\/royalthaimassagelasamericas.com\/is\/wp-json\/wp\/v2\/pages"}],"about":[{"href":"https:\/\/royalthaimassagelasamericas.com\/is\/wp-json\/wp\/v2\/types\/page"}],"author":[{"embeddable":true,"href":"https:\/\/royalthaimassagelasamericas.com\/is\/wp-json\/wp\/v2\/users\/2"}],"replies":[{"embeddable":true,"href":"https:\/\/royalthaimassagelasamericas.com\/is\/wp-json\/wp\/v2\/comments?post=48"}],"version-history":[{"count":68,"href":"https:\/\/royalthaimassagelasamericas.com\/is\/wp-json\/wp\/v2\/pages\/48\/revisions"}],"predecessor-version":[{"id":2886,"href":"https:\/\/royalthaimassagelasamericas.com\/is\/wp-json\/wp\/v2\/pages\/48\/revisions\/2886"}],"wp:attachment":[{"href":"https:\/\/royalthaimassagelasamericas.com\/is\/wp-json\/wp\/v2\/media?parent=48"}],"curies":[{"name":"wp","href":"https:\/\/api.w.org\/{rel}","templated":true}]}}